{"id":2918,"date":"2024-04-15T13:39:43","date_gmt":"2024-04-15T11:39:43","guid":{"rendered":"https:\/\/tihani.eu\/product\/x-bond-15ml\/"},"modified":"2025-09-27T17:36:22","modified_gmt":"2025-09-27T15:36:22","slug":"x-bond-15ml","status":"publish","type":"product","link":"https:\/\/tihani.eu\/lv\/produkts\/x-bond-15ml\/","title":{"rendered":"X-BOND 15ml"},"content":{"rendered":"<p><strong>SAST\u0100VS:<\/strong> DI-HEMA TRIMETHYLHEXYL DICARBAMATE, HYDROXYPROPYL METHACRYLATE, HEMA MALEATE, HYDROXYCYCLOHEXYL PHENYL KETONE, ETHYL TRIMETHYLBENZOYL PHENYLPHOSPHINATE, HEMA, MALIC ACID, BIS(GLYCERYL DIMETHACRYLATE) PYROMELLITATE, P-HYDROXYANISOLE<\/p>\n<p><strong>K\u0100 LIETOT?<\/strong><\/p>\n<p><strong>1. solis: Nagu sagatavo\u0161ana<\/strong><\/p>\n<p>P\u0113c ierast\u0101s nagu sagatavo\u0161anas proced\u016bras, kas ietver kutikulu apstr\u0101di, nagu pl\u0101tnes mat\u0113\u0161anu, att\u012br\u012b\u0161anu ar <em>Akzentz Prep &amp; Wipe<\/em> un (p\u0113c izv\u0113les) praimera uzkl\u0101\u0161anu, uzkl\u0101jiet \u013coti pl\u0101nu un kontrol\u0113tu <em>X-Bond<\/em> k\u0101rtu uz naga virsmas.<\/p>\n<p><strong>2. solis: Polimeriz\u0101cija<\/strong><\/p>\n<p>Polimeriz\u0113jiet 30 sekundes <em>Akz\u00e9ntz LED<\/em> lamp\u0101. Optim\u0101lam rezult\u0101tam iesak\u0101m izmantot <em>Akz\u00e9ntz LED<\/em> lampu.<\/p>\n<p><strong>3. solis: Model\u0113\u0161anas vai kr\u0101sas gels<\/strong><\/p>\n<p>P\u0113c polimeriz\u0101cijas nenoslaukiet dispersijas sl\u0101ni no nagiem. Uzkl\u0101jiet izv\u0113l\u0113to model\u0113\u0161anas vai kr\u0101sas gelu.<\/p>\n<p><strong>Tikai profesion\u0101lai lieto\u0161anai.<\/strong> <strong>15 mL \/ 0.5 oz<\/strong><\/p>\n","protected":false},"excerpt":{"rendered":"<p><strong>UV\/LED UNIVERS\u0100LS B\u0100ZES G\u0112LS<\/strong><\/p>\n<p>Univers\u0101li sader\u012bgs b\u0101zes g\u0113ls, kas paredz\u0113ts darbam ar no\u0146emamiem (soak-off) un cietajiem g\u0113liem. <em>X-Bond<\/em> ir izstr\u0101d\u0101ts, lai aizst\u0101tu j\u016bsu ierasto b\u0101zes g\u0113lu (<em>Luxio Base<\/em>, <em>Pro-Formance Adhere<\/em>, <em>Options Base<\/em> vai <em>Options Opti-Bond<\/em>) un pagarin\u0101tu notur\u012bbu klientiem, kuriem ir probl\u0113mas ar g\u0113la pacel\u0161anos. <em>X-Bond<\/em> ir \u012bpa\u0161i piem\u0113rots klientiem ar pl\u0101niem vai boj\u0101tiem nagiem (p\u0101rsk\u0101bin\u0101tiem).<\/p>\n<p><strong>Produkta priek\u0161roc\u012bbas<\/strong><\/p>\n<ul>\n<li>B\u0101zes g\u0113ls pl\u0101niem\/boj\u0101tiem nagiem<\/li>\n<li>Sader\u012bgs ar visiem <em>Akz\u00e9ntz<\/em> g\u0113liem<\/li>\n<li>\u0160\u0137idr\u0101 konsistence<\/li>\n<li>30 sekun\u017eu LED polimeriz\u0101cija<\/li>\n<li>100% t\u012brs g\u0113ls<\/li>\n<li>Bez \u0161\u0137\u012bdin\u0101t\u0101jiem, 10-Free formula<\/li>\n<li>Viegla uzkl\u0101\u0161ana<\/li>\n<li>No\u0146emama (soak-off) formula<\/li>\n<li>Uzticami rezult\u0101ti<\/li>\n<li>Ra\u017eots Kan\u0101d\u0101 (izmantojot Eiropas un Zieme\u013camerikas sast\u0101vda\u013cas)<\/li>\n<\/ul>\n","protected":false},"featured_media":13170,"comment_status":"closed","ping_status":"closed","template":"","meta":{"site-sidebar-layout":"default","site-content-layout":"","ast-site-content-layout":"default","site-content-style":"default","site-sidebar-style":"default","ast-global-header-display":"","ast-banner-title-visibility":"","ast-main-header-display":"","ast-hfb-above-header-display":"","ast-hfb-below-header-display":"","ast-hfb-mobile-header-display":"","site-post-title":"","ast-breadcrumbs-content":"","ast-featured-img":"","footer-sml-layout":"","theme-transparent-header-meta":"default","adv-header-id-meta":"","stick-header-meta":"","header-above-stick-meta":"","header-main-stick-meta":"","header-below-stick-meta":"","astra-migrate-meta-layouts":"default","ast-page-background-enabled":"default","ast-page-background-meta":{"desktop":{"background-color":"","background-image":"","background-repeat":"repeat","background-position":"center center","background-size":"auto","background-attachment":"scroll","background-type":"","background-media":"","overlay-type":"","overlay-color":"","overlay-opacity":"","overlay-gradient":""},"tablet":{"background-color":"","background-image":"","background-repeat":"repeat","background-position":"center center","background-size":"auto","background-attachment":"scroll","background-type":"","background-media":"","overlay-type":"","overlay-color":"","overlay-opacity":"","overlay-gradient":""},"mobile":{"background-color":"","background-image":"","background-repeat":"repeat","background-position":"center center","background-size":"auto","background-attachment":"scroll","background-type":"","background-media":"","overlay-type":"","overlay-color":"","overlay-opacity":"","overlay-gradient":""}},"ast-content-background-meta":{"desktop":{"background-color":"var(--ast-global-color-5)","background-image":"","background-repeat":"repeat","background-position":"center center","background-size":"auto","background-attachment":"scroll","background-type":"","background-media":"","overlay-type":"","overlay-color":"","overlay-opacity":"","overlay-gradient":""},"tablet":{"background-color":"var(--ast-global-color-5)","background-image":"","background-repeat":"repeat","background-position":"center center","background-size":"auto","background-attachment":"scroll","background-type":"","background-media":"","overlay-type":"","overlay-color":"","overlay-opacity":"","overlay-gradient":""},"mobile":{"background-color":"var(--ast-global-color-5)","background-image":"","background-repeat":"repeat","background-position":"center center","background-size":"auto","background-attachment":"scroll","background-type":"","background-media":"","overlay-type":"","overlay-color":"","overlay-opacity":"","overlay-gradient":""}}},"product_brand":[3513],"product_cat":[64,1476],"product_tag":[1477,1494],"class_list":{"0":"post-2918","1":"product","2":"type-product","3":"status-publish","4":"has-post-thumbnail","6":"product_brand-akzentz","7":"product_cat-akzentz-lv","8":"product_cat-base-lv","9":"product_tag-baze","10":"product_tag-x-bond-lv","11":"desktop-align-left","12":"tablet-align-left","13":"mobile-align-left","15":"first","16":"instock","17":"featured","18":"taxable","19":"shipping-taxable","20":"purchasable","21":"product-type-simple"},"jetpack_sharing_enabled":true,"_links":{"self":[{"href":"https:\/\/tihani.eu\/lv\/wp-json\/wp\/v2\/product\/2918","targetHints":{"allow":["GET"]}}],"collection":[{"href":"https:\/\/tihani.eu\/lv\/wp-json\/wp\/v2\/product"}],"about":[{"href":"https:\/\/tihani.eu\/lv\/wp-json\/wp\/v2\/types\/product"}],"replies":[{"embeddable":true,"href":"https:\/\/tihani.eu\/lv\/wp-json\/wp\/v2\/comments?post=2918"}],"wp:featuredmedia":[{"embeddable":true,"href":"https:\/\/tihani.eu\/lv\/wp-json\/wp\/v2\/media\/13170"}],"wp:attachment":[{"href":"https:\/\/tihani.eu\/lv\/wp-json\/wp\/v2\/media?parent=2918"}],"wp:term":[{"taxonomy":"product_brand","embeddable":true,"href":"https:\/\/tihani.eu\/lv\/wp-json\/wp\/v2\/product_brand?post=2918"},{"taxonomy":"product_cat","embeddable":true,"href":"https:\/\/tihani.eu\/lv\/wp-json\/wp\/v2\/product_cat?post=2918"},{"taxonomy":"product_tag","embeddable":true,"href":"https:\/\/tihani.eu\/lv\/wp-json\/wp\/v2\/product_tag?post=2918"}],"curies":[{"name":"wp","href":"https:\/\/api.w.org\/{rel}","templated":true}]}}