{"id":2881,"date":"2024-04-15T12:54:33","date_gmt":"2024-04-15T10:54:33","guid":{"rendered":"https:\/\/tihani.eu\/product\/matte-on\/"},"modified":"2025-12-03T17:45:15","modified_gmt":"2025-12-03T15:45:15","slug":"matte-on","status":"publish","type":"product","link":"https:\/\/tihani.eu\/lv\/produkts\/matte-on\/","title":{"rendered":"MATTE-ON 15ml"},"content":{"rendered":"<p><strong>SAST\u0100VS: <\/strong>BIS-HEMA POLYNEOPENTYL GLYCOL ADIPATE\/IPDI COPOLYMER, BIS-HEMA POLY(1,4-BUTANEDIOL)-22\/IPDI COPOLYMER, PPG-3 GLYCERYL ETHER DIACRYLATE\/ADIPATE, NYLON-12, PPG-3 GLYCERYL ETHER TRIACRYLATE, HYDRATED SILICA, ETHYL TRIMETHYLBENZOYL PHENYLPHOSPHINATE, HYDROXYCYCLOHEXYL PHENYL KETONE, SILICA, ZINC STEARATE<\/p>\n<p><strong>SVAR\u012aGA PIEZ\u012aME:<\/strong><\/p>\n<p>Pirms lieto\u0161anas samais\u012bt.<\/p>\n<p>Tikai profesion\u0101lai lieto\u0161anai.<\/p>\n<p>15 mL \/ 0,5 oz<\/p>\n","protected":false},"excerpt":{"rendered":"<p><strong>AKZENTZ MATTE-ON UV\/LED<\/strong><\/p>\n<p>Fini\u0161a g\u0113ls, ko var uzkl\u0101t uz jebkura UV\/LED g\u0113la, lai pie\u0161\u0137irtu samtaini mat\u0113tu izskatu un saj\u016btu.<\/p>\n<p>T\u0101pat k\u0101 visi m\u016bsu g\u0113li, <em>Matte-On<\/em> ir 100% t\u012brs g\u0113ls \u2014 bez TPO, bez \u0161\u0137\u012bdin\u0101t\u0101jiem, izgatavots no augst\u0101k\u0101s kvalit\u0101tes Eiropas un Zieme\u013camerikas izejviel\u0101m.<\/p>\n<p>\u2022 Var uzkl\u0101t uz jebkura UV\/LED g\u0113la k\u0101 nosl\u0113dzo\u0161o virsk\u0101rtu<\/p>\n<p>\u2022 Pie\u0161\u0137ir samtaini mat\u0113tu izskatu un tekst\u016bru<\/p>\n<p>\u2022 Moderniz\u0113 eso\u0161o g\u0113la kolekciju uzreiz<\/p>\n<p>\u2022 LED saciet\u0113\u0161ana \u2014 30 sek. \/ UV saciet\u0113\u0161ana \u2014 2 min.<\/p>\n<p>\u2022 100% t\u012brs g\u0113ls<\/p>\n<p>\u2022 Uzticama Akzentz kvalit\u0101te<\/p>\n<p>\u2022 Profesion\u0101ls produkts \u2014 nav paredz\u0113ts mazumtirdzniec\u012bbai<\/p>\n<p>\u2022 Ra\u017eots Kan\u0101d\u0101, balstoties uz vair\u0101k nek\u0101 20 gadu pieredzi<\/p>\n","protected":false},"featured_media":13193,"comment_status":"closed","ping_status":"closed","template":"","meta":{"site-sidebar-layout":"default","site-content-layout":"","ast-site-content-layout":"default","site-content-style":"default","site-sidebar-style":"default","ast-global-header-display":"","ast-banner-title-visibility":"","ast-main-header-display":"","ast-hfb-above-header-display":"","ast-hfb-below-header-display":"","ast-hfb-mobile-header-display":"","site-post-title":"","ast-breadcrumbs-content":"","ast-featured-img":"","footer-sml-layout":"","theme-transparent-header-meta":"default","adv-header-id-meta":"","stick-header-meta":"","header-above-stick-meta":"","header-main-stick-meta":"","header-below-stick-meta":"","astra-migrate-meta-layouts":"default","ast-page-background-enabled":"default","ast-page-background-meta":{"desktop":{"background-color":"","background-image":"","background-repeat":"repeat","background-position":"center center","background-size":"auto","background-attachment":"scroll","background-type":"","background-media":"","overlay-type":"","overlay-color":"","overlay-opacity":"","overlay-gradient":""},"tablet":{"background-color":"","background-image":"","background-repeat":"repeat","background-position":"center center","background-size":"auto","background-attachment":"scroll","background-type":"","background-media":"","overlay-type":"","overlay-color":"","overlay-opacity":"","overlay-gradient":""},"mobile":{"background-color":"","background-image":"","background-repeat":"repeat","background-position":"center center","background-size":"auto","background-attachment":"scroll","background-type":"","background-media":"","overlay-type":"","overlay-color":"","overlay-opacity":"","overlay-gradient":""}},"ast-content-background-meta":{"desktop":{"background-color":"var(--ast-global-color-5)","background-image":"","background-repeat":"repeat","background-position":"center center","background-size":"auto","background-attachment":"scroll","background-type":"","background-media":"","overlay-type":"","overlay-color":"","overlay-opacity":"","overlay-gradient":""},"tablet":{"background-color":"var(--ast-global-color-5)","background-image":"","background-repeat":"repeat","background-position":"center center","background-size":"auto","background-attachment":"scroll","background-type":"","background-media":"","overlay-type":"","overlay-color":"","overlay-opacity":"","overlay-gradient":""},"mobile":{"background-color":"var(--ast-global-color-5)","background-image":"","background-repeat":"repeat","background-position":"center center","background-size":"auto","background-attachment":"scroll","background-type":"","background-media":"","overlay-type":"","overlay-color":"","overlay-opacity":"","overlay-gradient":""}}},"product_brand":[],"product_cat":[64,73],"product_tag":[3574,67],"class_list":{"0":"post-2881","1":"product","2":"type-product","3":"status-publish","4":"has-post-thumbnail","6":"product_cat-akzentz-lv","7":"product_cat-top-lv","8":"product_tag-matte-on-lv","9":"product_tag-top-lv","10":"desktop-align-left","11":"tablet-align-left","12":"mobile-align-left","14":"first","15":"instock","16":"featured","17":"taxable","18":"shipping-taxable","19":"purchasable","20":"product-type-simple"},"jetpack_sharing_enabled":true,"_links":{"self":[{"href":"https:\/\/tihani.eu\/lv\/wp-json\/wp\/v2\/product\/2881","targetHints":{"allow":["GET"]}}],"collection":[{"href":"https:\/\/tihani.eu\/lv\/wp-json\/wp\/v2\/product"}],"about":[{"href":"https:\/\/tihani.eu\/lv\/wp-json\/wp\/v2\/types\/product"}],"replies":[{"embeddable":true,"href":"https:\/\/tihani.eu\/lv\/wp-json\/wp\/v2\/comments?post=2881"}],"wp:featuredmedia":[{"embeddable":true,"href":"https:\/\/tihani.eu\/lv\/wp-json\/wp\/v2\/media\/13193"}],"wp:attachment":[{"href":"https:\/\/tihani.eu\/lv\/wp-json\/wp\/v2\/media?parent=2881"}],"wp:term":[{"taxonomy":"product_brand","embeddable":true,"href":"https:\/\/tihani.eu\/lv\/wp-json\/wp\/v2\/product_brand?post=2881"},{"taxonomy":"product_cat","embeddable":true,"href":"https:\/\/tihani.eu\/lv\/wp-json\/wp\/v2\/product_cat?post=2881"},{"taxonomy":"product_tag","embeddable":true,"href":"https:\/\/tihani.eu\/lv\/wp-json\/wp\/v2\/product_tag?post=2881"}],"curies":[{"name":"wp","href":"https:\/\/api.w.org\/{rel}","templated":true}]}}