{"id":15382,"date":"2026-03-19T20:33:57","date_gmt":"2026-03-19T18:33:57","guid":{"rendered":"https:\/\/tihani.eu\/product\/luxio-nail-cuticle-oil-75ml\/"},"modified":"2026-03-19T20:33:57","modified_gmt":"2026-03-19T18:33:57","slug":"luxio-nail-cuticle-oil-75ml","status":"publish","type":"product","link":"https:\/\/tihani.eu\/lv\/produkts\/luxio-nail-cuticle-oil-75ml\/","title":{"rendered":"Luxio\u00ae Nail + Cuticle Oil 7,5ml"},"content":{"rendered":"<p><strong>Produkta priek\u0161roc\u012bbas<\/strong><\/p>\n<ul>\n<li>100% dab\u012bgas sast\u0101vda\u013cas<\/li>\n<li>Vegan un Cruelty-Free<\/li>\n<li>\u0100tri ies\u016bcas un neatst\u0101j taukainu saj\u016btu<\/li>\n<li>Dzi\u013ci baro un mitrina \u0101du<\/li>\n<li>Veicina epidermas atjauno\u0161anos<\/li>\n<li>Pal\u012bdz saglab\u0101t \u0101das dabisko lip\u012bdu l\u012bdzsvaru<\/li>\n<li>Ar vieglu, dabisku SPA arom\u0101tu<\/li>\n<\/ul>\n<p>Ra\u017eots Kan\u0101d\u0101 no Eiropas un Zieme\u013camerikas izcelsmes sast\u0101vda\u013c\u0101m<br \/>\n<strong>Akt\u012bv\u0101s sast\u0101vda\u013cas<\/strong><br \/>\nApriko\u017eu e\u013c\u013ca<br \/>\nIzl\u012bdzina \u0101du, pal\u012bdz atjaunot un stiprin\u0101t nagus.<br \/>\nJojobas e\u013c\u013ca<br \/>\nL\u012bdz\u012bga \u0101das dabiskajam sebumam, nodro\u0161ina intens\u012bvu un ilgsto\u0161u mitrin\u0101\u0161anu.<br \/>\nInka in\u010di e\u013c\u013ca<br \/>\nBag\u0101ta ar omega-3 tauksk\u0101b\u0113m un antioksidantiem, pal\u012bdz uztur\u0113t \u0101das elast\u012bbu.<br \/>\nRozmar\u012bna ekstrakts<br \/>\nSp\u0113c\u012bgs antioksidants ar antiseptisk\u0101m un pretiekaisuma \u012bpa\u0161\u012bb\u0101m.<br \/>\nGreipfr\u016bta \u0113terisk\u0101 e\u013c\u013ca<br \/>\nPie\u0161\u0137ir vieglu, svaigu arom\u0101tu un piem\u012bt antimikrobi\u0101las \u012bpa\u0161\u012bbas.<br \/>\nE vitam\u012bns<br \/>\nAntioksidants, kas pal\u012bdz aizsarg\u0101t \u0101das \u0161\u016bnas no oksidat\u012bviem boj\u0101jumiem.<br \/>\n<strong>Lieto\u0161ana<\/strong><br \/>\nUzkl\u0101jiet da\u017eus pilienus e\u013c\u013cas uz t\u012bras \u0101das ap nagiem un kutikul\u0101m. Maigi iemas\u0113jiet, l\u012bdz produkts piln\u012bb\u0101 ies\u016bcas. Lietojiet katru dienu vai p\u0113c nepiecie\u0161am\u012bbas, lai uztur\u0113tu \u0101du un nagus vesel\u012bgus un koptus.<br \/>\n<strong>Sast\u0101vs (INCI)<\/strong><br \/>\nPrunus Armeniaca (Apricot) Kernel Oil,<br \/>\nSimmondsia Chinensis (Jojoba) Seed Oil,<br \/>\nPlukenetia Volubilis Seed Oil,<br \/>\nCitrus Paradisi (Pink Grapefruit) Peel Oil,<br \/>\nHelianthus Annuus (Sunflower) Seed Oil,<br \/>\nOlea Europaea (Olive) Fruit Oil,<br \/>\nRosmarinus Officinalis (Rosemary) Leaf Extract,<br \/>\nTocopherol,<br \/>\nLimonene.<\/p>\n","protected":false},"excerpt":{"rendered":"<p data-start=\"856\" data-end=\"1270\">Biez\u0101ka, \u017eelejveida tekst\u016bra apvieno inovat\u012bvu dzi\u013ci barojo\u0161u e\u013c\u013cu kompleksu \u2014 apriko\u017eu, jojobas, inka inchi, saulespu\u0137u un ol\u012bvu \u2014 kas darbojas saska\u0146\u0101 ar dab\u012bgi akt\u012bviem rozmar\u012bna lapu un greipfr\u016bta ekstraktiem. Katrs komponents izv\u0113l\u0113ts t\u0101 pier\u0101d\u012bto kopjo\u0161o \u012bpa\u0161\u012bbu d\u0113\u013c, un kop\u0101 tie rada vieglu, atsvaidzino\u0161u arom\u0101tu. Luxio\u00ae Signature Spa arom\u0101ts ir dabisks akt\u012bvo bot\u0101nisko sast\u0101vda\u013cu rezult\u0101ts.<\/p>\n<p data-start=\"1272\" data-end=\"1531\">Produkts iepakots mat\u0113ti balt\u0101 t\u016bbi\u0146\u0101 ar zelta akcentiem \u2014 herm\u0113tisk\u0101 un lieliski piem\u0113rot\u0101 mazumtirdzniec\u012bbai. Kompaktais izm\u0113rs ir ide\u0101ls lieto\u0161anai ce\u013c\u0101: tas viegli ietilpst som\u0101 vai kabat\u0101, padarot nagu un kutikulas kop\u0161anu par vienk\u0101r\u0161u ikdienas ritu\u0101lu.<\/p>\n<p data-start=\"1533\" data-end=\"1561\" data-is-last-node=\"\" data-is-only-node=\"\"><strong>Tilpums:<\/strong> 7,5 ml \/ 0,25 fl oz<\/p>\n","protected":false},"featured_media":15365,"comment_status":"open","ping_status":"closed","template":"","meta":{"site-sidebar-layout":"default","site-content-layout":"","ast-site-content-layout":"default","site-content-style":"default","site-sidebar-style":"default","ast-global-header-display":"","ast-banner-title-visibility":"","ast-main-header-display":"","ast-hfb-above-header-display":"","ast-hfb-below-header-display":"","ast-hfb-mobile-header-display":"","site-post-title":"","ast-breadcrumbs-content":"","ast-featured-img":"","footer-sml-layout":"","theme-transparent-header-meta":"default","adv-header-id-meta":"","stick-header-meta":"","header-above-stick-meta":"","header-main-stick-meta":"","header-below-stick-meta":"","astra-migrate-meta-layouts":"default","ast-page-background-enabled":"default","ast-page-background-meta":{"desktop":{"background-color":"","background-image":"","background-repeat":"repeat","background-position":"center center","background-size":"auto","background-attachment":"scroll","background-type":"","background-media":"","overlay-type":"","overlay-color":"","overlay-opacity":"","overlay-gradient":""},"tablet":{"background-color":"","background-image":"","background-repeat":"repeat","background-position":"center center","background-size":"auto","background-attachment":"scroll","background-type":"","background-media":"","overlay-type":"","overlay-color":"","overlay-opacity":"","overlay-gradient":""},"mobile":{"background-color":"","background-image":"","background-repeat":"repeat","background-position":"center center","background-size":"auto","background-attachment":"scroll","background-type":"","background-media":"","overlay-type":"","overlay-color":"","overlay-opacity":"","overlay-gradient":""}},"ast-content-background-meta":{"desktop":{"background-color":"var(--ast-global-color-5)","background-image":"","background-repeat":"repeat","background-position":"center center","background-size":"auto","background-attachment":"scroll","background-type":"","background-media":"","overlay-type":"","overlay-color":"","overlay-opacity":"","overlay-gradient":""},"tablet":{"background-color":"var(--ast-global-color-5)","background-image":"","background-repeat":"repeat","background-position":"center center","background-size":"auto","background-attachment":"scroll","background-type":"","background-media":"","overlay-type":"","overlay-color":"","overlay-opacity":"","overlay-gradient":""},"mobile":{"background-color":"var(--ast-global-color-5)","background-image":"","background-repeat":"repeat","background-position":"center center","background-size":"auto","background-attachment":"scroll","background-type":"","background-media":"","overlay-type":"","overlay-color":"","overlay-opacity":"","overlay-gradient":""}}},"product_brand":[3513,3641],"product_cat":[3619,2446,64],"product_tag":[3643,3620],"class_list":{"0":"post-15382","1":"product","2":"type-product","3":"status-publish","4":"has-post-thumbnail","6":"product_brand-akzentz","7":"product_brand-luxio-spa","8":"product_cat-luxio-spa","9":"product_cat-newin-lv","10":"product_cat-akzentz-lv","11":"product_tag-oil","12":"product_tag-spa","13":"desktop-align-left","14":"tablet-align-left","15":"mobile-align-left","17":"first","18":"instock","19":"taxable","20":"shipping-taxable","21":"purchasable","22":"product-type-simple"},"jetpack_sharing_enabled":true,"_links":{"self":[{"href":"https:\/\/tihani.eu\/lv\/wp-json\/wp\/v2\/product\/15382","targetHints":{"allow":["GET"]}}],"collection":[{"href":"https:\/\/tihani.eu\/lv\/wp-json\/wp\/v2\/product"}],"about":[{"href":"https:\/\/tihani.eu\/lv\/wp-json\/wp\/v2\/types\/product"}],"replies":[{"embeddable":true,"href":"https:\/\/tihani.eu\/lv\/wp-json\/wp\/v2\/comments?post=15382"}],"wp:featuredmedia":[{"embeddable":true,"href":"https:\/\/tihani.eu\/lv\/wp-json\/wp\/v2\/media\/15365"}],"wp:attachment":[{"href":"https:\/\/tihani.eu\/lv\/wp-json\/wp\/v2\/media?parent=15382"}],"wp:term":[{"taxonomy":"product_brand","embeddable":true,"href":"https:\/\/tihani.eu\/lv\/wp-json\/wp\/v2\/product_brand?post=15382"},{"taxonomy":"product_cat","embeddable":true,"href":"https:\/\/tihani.eu\/lv\/wp-json\/wp\/v2\/product_cat?post=15382"},{"taxonomy":"product_tag","embeddable":true,"href":"https:\/\/tihani.eu\/lv\/wp-json\/wp\/v2\/product_tag?post=15382"}],"curies":[{"name":"wp","href":"https:\/\/api.w.org\/{rel}","templated":true}]}}