{"id":15359,"date":"2026-03-19T19:58:16","date_gmt":"2026-03-19T17:58:16","guid":{"rendered":"https:\/\/tihani.eu\/product\/luxio-s-s-26-late-check-checkout-mini-collection-limited-edition\/"},"modified":"2026-03-19T20:22:14","modified_gmt":"2026-03-19T18:22:14","slug":"luxio-s-s-26-late-check-checkout-mini-collection-limited-edition","status":"publish","type":"product","link":"https:\/\/tihani.eu\/lv\/produkts\/luxio-s-s-26-late-check-checkout-mini-collection-limited-edition\/","title":{"rendered":"LUXIO S\/S 26 LATE CHECK CHECKOUT MINI COLLECTION (LIMITED EDITION)"},"content":{"rendered":"<p><strong>SVAR\u012aGA PIEZ\u012aME <\/strong><\/p>\n<p>Pirms lieto\u0161anas samais\u012bt!<\/p>\n<p>Kr\u0101su att\u0113lojums notiek digit\u0101l\u0101 vid\u0113, un to\u0146u vizualiz\u0101cija var at\u0161\u0137irties atkar\u012bb\u0101 no ier\u012bces ekr\u0101na iestat\u012bjumiem. Faktiskais kr\u0101sas tonis re\u0101laj\u0101 vid\u0113 var nedaudz at\u0161\u0137irties.<\/p>\n<p><strong>K\u0100 LIETOT?<\/strong><\/p>\n<p><strong>1. solis: Nagu sagatavo\u0161ana<\/strong><\/p>\n<p>S\u0101ciet ar r\u016bp\u012bgu dab\u012bgo nagu sagatavo\u0161anu: not\u012briet ar <strong>Akz\u00e9ntz Prep &amp; Wipe<\/strong>, atb\u012bdiet vai no\u0146emiet kutikulas un viegli mat\u0113jiet naga virsmu, no\u0146emot sp\u012bdumu. Ieteicams izmantot 180 graudain\u012bbas v\u012bli.<\/p>\n<p><strong>2. solis: B\u0101zes uzkl\u0101\u0161ana<\/strong><\/p>\n<p>Uzkl\u0101jiet pl\u0101nu, vienm\u0113r\u012bgu <strong>Luxio\u00ae Base<\/strong> k\u0101rtu naga centr\u0101, uzman\u012bgi pietuvinot oti\u0146u kutikulai, to neaizskarot. Ar vieglu roku izl\u012bdziniet b\u0101zi virzien\u0101 uz br\u012bvo malu, nodro\u0161inot piln\u012bgu naga p\u0101rkl\u0101jumu. Polimeriz\u0113jiet 30 sekundes.<\/p>\n<p><strong>3. solis: Kr\u0101sas uzkl\u0101\u0161ana<\/strong><\/p>\n<p>Izv\u0113lieties v\u0113lamo <strong>Luxio\u00ae Colour<\/strong> toni. Izmantojot to pa\u0161u tehniku, uzkl\u0101jiet kr\u0101su, pietuvinot oti\u0146u kutikulai un vienm\u0113r\u012bgi izkl\u0101jot to pa visu nagu. Polimeriz\u0113jiet 30 sekundes.<\/p>\n<p><strong>4. solis: Otrais kr\u0101sas sl\u0101nis<\/strong><\/p>\n<p>Atk\u0101rtojiet kr\u0101sas uzkl\u0101\u0161anas procesu otrajai k\u0101rtai. Pieredz\u0113ju\u0161iem nagu meistariem iesak\u0101m izmantot smalku l\u012bnijotu, lai uzkl\u0101tu kr\u0101su p\u0113c iesp\u0113jas tuv\u0101k kutikulai, to neaizskarot, lai ieg\u016btu nevainojamu rezult\u0101tu. Polimeriz\u0113jiet 30 sekundes.<\/p>\n<p><strong>5. solis: Pabeig\u0161ana<\/strong><\/p>\n<p>Nosl\u0113dziet proced\u016bru ar <strong>Luxio\u00ae Gloss<\/strong> uzkl\u0101\u0161anu ilgnotur\u012bgam, sp\u012bd\u012bgam fini\u0161am. Polimeriz\u0113jiet 30 sekundes, p\u0113c tam no\u0146emiet lip\u012bgo sl\u0101ni ar <strong>Akz\u00e9ntz Prep &amp; Wipe<\/strong>. Ja v\u0113laties bezlip\u012bgu virsk\u0101rtu, izmantojiet <strong>Akz\u00e9ntz Shine-On<\/strong>. Mat\u0113tu efektu var pan\u0101kt ar <strong>Akz\u00e9ntz Matte-On<\/strong>.<\/p>\n<p><strong>Ide\u0101li piem\u0113rots:<\/strong> \u012asiem, trausliem, v\u0101jiem vai m\u012bkstiem un elast\u012bgiem nagiem. Piem\u0113rots visiem nagu tipiem.<\/p>\n<p><strong>Tikai profesion\u0101lai lieto\u0161anai<\/strong> <strong>15mL \/ 0.5oz<\/strong><\/p>\n","protected":false},"excerpt":{"rendered":"<p data-start=\"288\" data-end=\"489\">Ierobe\u017eota izlaiduma komplekts, kas ietver visus Luxio\u00ae Late Checkout S\/S 26 g\u0113la lakas to\u0146us mini 5 ml \/ 0,16 oz form\u0101t\u0101. Ide\u0101la izv\u0113le kolekcijas iepaz\u012b\u0161anai vai piln\u012bga t\u0113la rad\u012b\u0161anai.<\/p>\n<h6 class=\"station-tabs-tabtitle\"><strong>Komplekt\u0101 iek\u013cauts:<\/strong><\/h6>\n<div id=\"station-tabs-tabpanel_ht-i0-t9\" class=\"station-tabs-tabpanel is-active\" role=\"region\" aria-labelledby=\"station-tabs-tab_ht-i0-t9\" aria-hidden=\"false\">\n<div class=\"station-tabs-tabcontent\">\n<p>\u2022 Luxio Almost 5mL\/0.16oz<br \/>\n\u2022 Luxio Sunny 5mL\/0.16oz<br \/>\n\u2022 Luxio Fresh 5mL\/0.16oz<br \/>\n\u2022 Luxio Vitality 5mL\/0.16oz<br \/>\n\u2022 Luxio Energy 5mL\/0.16oz<br \/>\n\u2022 Luxio Heat 5mL\/0.16oz<\/p>\n<\/div>\n<\/div>\n<p data-start=\"491\" data-end=\"502\" data-is-last-node=\"\" data-is-only-node=\"\">#Luxio_SS26<\/p>\n<p><strong>Formulas inform\u0101cija<\/strong><br data-start=\"70\" data-end=\"73\" \/><strong data-start=\"73\" data-end=\"91\">100% Pure Gel\u2122<\/strong><\/p>\n<ul>\n<li data-start=\"95\" data-end=\"112\">Bez TPO un HEMA<\/li>\n<li data-start=\"115\" data-end=\"132\">10-Free formula<\/li>\n<li data-start=\"135\" data-end=\"154\">Bez \u0161\u0137\u012bdin\u0101t\u0101jiem<\/li>\n<li data-start=\"157\" data-end=\"170\">Bez smar\u017eas<\/li>\n<li data-start=\"173\" data-end=\"209\">Cruelty-Free un veg\u0101nisks produkts<\/li>\n<li data-start=\"212\" data-end=\"281\">Izgatavots no izejviel\u0101m, kas ieg\u016btas tikai Eirop\u0101 un Zieme\u013camerik\u0101<\/li>\n<\/ul>\n<p><strong>Produkta priek\u0161roc\u012bbas<\/strong><\/p>\n<ul>\n<li data-start=\"481\" data-end=\"499\">Viegli lietojams<\/li>\n<li data-start=\"502\" data-end=\"514\">Nesaraujas<\/li>\n<li data-start=\"517\" data-end=\"571\">Pa\u0161izl\u012bdzino\u0161a formula gludai un vienm\u0113r\u012bgai virsmai<\/li>\n<li data-start=\"574\" data-end=\"597\">Vienm\u0113r\u012bgs p\u0101rkl\u0101jums<\/li>\n<li data-start=\"600\" data-end=\"641\">Veido aizsargk\u0101rtu uz dab\u012bgajiem nagiem<\/li>\n<li data-start=\"644\" data-end=\"662\">Elast\u012bga formula<\/li>\n<li data-start=\"665\" data-end=\"686\">Piln\u012bgi bez smar\u017eas<\/li>\n<li data-start=\"689\" data-end=\"721\">Tikai profesion\u0101lai lieto\u0161anai<\/li>\n<li data-start=\"724\" data-end=\"739\">Ra\u017eots Kan\u0101d\u0101<\/li>\n<\/ul>\n<p data-start=\"121\" data-end=\"137\"><strong data-start=\"121\" data-end=\"135\">Par Luxio\u00ae<\/strong><\/p>\n<p data-start=\"139\" data-end=\"354\"><strong data-start=\"139\" data-end=\"157\">T\u012bra grezn\u012bba.<\/strong> Rad\u012bts vispras\u012bg\u0101kajiem profesion\u0101\u013ciem, <strong data-start=\"198\" data-end=\"208\">Luxio\u00ae<\/strong>nodro\u0161ina perfekti kontrol\u0113jamu uzkl\u0101\u0161anu \u2014 t\u0101 kr\u0113m\u012bg\u0101 tekst\u016bra viegli izl\u012bdzin\u0101s, veidojot gludu un vienm\u0113r\u012bgu p\u0101rkl\u0101jumu ar minim\u0101lu piep\u016bli.<\/p>\n<p data-start=\"356\" data-end=\"670\">Pamat\u0101 ir <strong data-start=\"366\" data-end=\"384\">100% Pure Gel\u2122<\/strong> tehnolo\u0123ija. Formula nesatur agres\u012bvus \u0161\u0137\u012bdin\u0101t\u0101jus un ir izstr\u0101d\u0101ta no r\u016bp\u012bgi atlas\u012bt\u0101m izejviel\u0101m no Eiropas un Zieme\u013camerikas. T\u0101 nodro\u0161ina iztur\u012bbu bez stingr\u012bbas, elast\u012bbu bez kompromisiem un notur\u012bbu ilg\u0101k par 3 ned\u0113\u013c\u0101m, vienlaikus saglab\u0101jot dab\u012bgo nagu vesel\u012bbu un skaistumu.<\/p>\n<p data-start=\"672\" data-end=\"920\">ES apstiprin\u0101tie pigmenti, kas izv\u0113l\u0113ti ar \u012bpa\u0161u r\u016bp\u012bbu, garant\u0113 kr\u0101sas t\u012br\u012bbu un vienm\u0113r\u012bgu p\u0101rkl\u0101juma bl\u012bvumu \u2014 no viegli caursp\u012bd\u012bgiem l\u012bdz piln\u012bb\u0101 sedzo\u0161iem to\u0146iem. Rezult\u0101ts \u2014 ilgnotur\u012bgs, komfortabls p\u0101rkl\u0101jums, kas atbalsta naga strukt\u016bru.<\/p>\n<p data-start=\"922\" data-end=\"1041\"><strong data-start=\"922\" data-end=\"932\">Luxio\u00ae<\/strong> ir sist\u0113ma, kas rad\u012bta profesion\u0101\u013ciem, kuri nov\u0113rt\u0113 stabilit\u0101ti, izsmalcin\u0101t\u012bbu un piln\u012bgu kontroli darb\u0101.<\/p>\n","protected":false},"featured_media":15347,"comment_status":"open","ping_status":"closed","template":"","meta":{"site-sidebar-layout":"default","site-content-layout":"","ast-site-content-layout":"default","site-content-style":"default","site-sidebar-style":"default","ast-global-header-display":"","ast-banner-title-visibility":"","ast-main-header-display":"","ast-hfb-above-header-display":"","ast-hfb-below-header-display":"","ast-hfb-mobile-header-display":"","site-post-title":"","ast-breadcrumbs-content":"","ast-featured-img":"","footer-sml-layout":"","theme-transparent-header-meta":"default","adv-header-id-meta":"","stick-header-meta":"","header-above-stick-meta":"","header-main-stick-meta":"","header-below-stick-meta":"","astra-migrate-meta-layouts":"default","ast-page-background-enabled":"default","ast-page-background-meta":{"desktop":{"background-color":"","background-image":"","background-repeat":"repeat","background-position":"center center","background-size":"auto","background-attachment":"scroll","background-type":"","background-media":"","overlay-type":"","overlay-color":"","overlay-opacity":"","overlay-gradient":""},"tablet":{"background-color":"","background-image":"","background-repeat":"repeat","background-position":"center center","background-size":"auto","background-attachment":"scroll","background-type":"","background-media":"","overlay-type":"","overlay-color":"","overlay-opacity":"","overlay-gradient":""},"mobile":{"background-color":"","background-image":"","background-repeat":"repeat","background-position":"center center","background-size":"auto","background-attachment":"scroll","background-type":"","background-media":"","overlay-type":"","overlay-color":"","overlay-opacity":"","overlay-gradient":""}},"ast-content-background-meta":{"desktop":{"background-color":"var(--ast-global-color-5)","background-image":"","background-repeat":"repeat","background-position":"center center","background-size":"auto","background-attachment":"scroll","background-type":"","background-media":"","overlay-type":"","overlay-color":"","overlay-opacity":"","overlay-gradient":""},"tablet":{"background-color":"var(--ast-global-color-5)","background-image":"","background-repeat":"repeat","background-position":"center center","background-size":"auto","background-attachment":"scroll","background-type":"","background-media":"","overlay-type":"","overlay-color":"","overlay-opacity":"","overlay-gradient":""},"mobile":{"background-color":"var(--ast-global-color-5)","background-image":"","background-repeat":"repeat","background-position":"center center","background-size":"auto","background-attachment":"scroll","background-type":"","background-media":"","overlay-type":"","overlay-color":"","overlay-opacity":"","overlay-gradient":""}}},"product_brand":[3605],"product_cat":[2446,64,79,1709],"product_tag":[],"class_list":{"0":"post-15359","1":"product","2":"type-product","3":"status-publish","4":"has-post-thumbnail","6":"product_brand-luxio","7":"product_cat-newin-lv","8":"product_cat-akzentz-lv","9":"product_cat-luxio-gel-lv","10":"product_cat-mini-collection-lv","11":"desktop-align-left","12":"tablet-align-left","13":"mobile-align-left","15":"first","16":"instock","17":"taxable","18":"shipping-taxable","19":"purchasable","20":"product-type-simple"},"jetpack_sharing_enabled":true,"_links":{"self":[{"href":"https:\/\/tihani.eu\/lv\/wp-json\/wp\/v2\/product\/15359","targetHints":{"allow":["GET"]}}],"collection":[{"href":"https:\/\/tihani.eu\/lv\/wp-json\/wp\/v2\/product"}],"about":[{"href":"https:\/\/tihani.eu\/lv\/wp-json\/wp\/v2\/types\/product"}],"replies":[{"embeddable":true,"href":"https:\/\/tihani.eu\/lv\/wp-json\/wp\/v2\/comments?post=15359"}],"wp:featuredmedia":[{"embeddable":true,"href":"https:\/\/tihani.eu\/lv\/wp-json\/wp\/v2\/media\/15347"}],"wp:attachment":[{"href":"https:\/\/tihani.eu\/lv\/wp-json\/wp\/v2\/media?parent=15359"}],"wp:term":[{"taxonomy":"product_brand","embeddable":true,"href":"https:\/\/tihani.eu\/lv\/wp-json\/wp\/v2\/product_brand?post=15359"},{"taxonomy":"product_cat","embeddable":true,"href":"https:\/\/tihani.eu\/lv\/wp-json\/wp\/v2\/product_cat?post=15359"},{"taxonomy":"product_tag","embeddable":true,"href":"https:\/\/tihani.eu\/lv\/wp-json\/wp\/v2\/product_tag?post=15359"}],"curies":[{"name":"wp","href":"https:\/\/api.w.org\/{rel}","templated":true}]}}