{"id":15212,"date":"2026-03-13T10:23:30","date_gmt":"2026-03-13T08:23:30","guid":{"rendered":"https:\/\/tihani.eu\/product\/15212\/"},"modified":"2026-03-13T16:12:52","modified_gmt":"2026-03-13T14:12:52","slug":"15212","status":"publish","type":"product","link":"https:\/\/tihani.eu\/lv\/produkts\/15212\/","title":{"rendered":"STRADERM ReBuild Natural 14ml"},"content":{"rendered":"<p><strong>Akt\u012bv\u0101s sast\u0101vda\u013cas<\/strong><br \/>\nNagu pl\u0101ksnes mitrin\u0101\u0161ana<br \/>\nHibisks ir bag\u0101ts ar augu izcelsmes g\u013cotviel\u0101m, kas pal\u012bdz saglab\u0101t mitrumu un nov\u0113r\u0161 nagu sausumu un trauslumu.<br \/>\nZiedu sk\u0101bes stimul\u0113 kerat\u012bna sl\u0101\u0146a atjauno\u0161anos, padarot nagus stipr\u0101kus, bl\u012bv\u0101kus un iztur\u012bg\u0101kus pret \u0161\u0137el\u0161anos.<br \/>\nDab\u012bg\u0101s sk\u0101bes maigi izl\u012bdzina nagu mikroreljefu un samazina rievi\u0146u redzam\u012bbu. T\u0101m piem\u012bt ar\u012b viegls izgaismojo\u0161s efekts, kas pal\u012bdz nov\u0113rst nagu dzelt\u0113\u0161anu, ko var izrais\u012bt pigmenti vai \u0101r\u0113jie faktori.<br \/>\nAntioksidanti aizsarg\u0101 nagus no oksidat\u012bv\u0101 stresa un apk\u0101rt\u0113j\u0101s vides kait\u012bg\u0101s ietekmes.<br \/>\n<strong>Lieto\u0161ana<\/strong><br \/>\nK\u0101 b\u0101zes laka:<br \/>\nUzkl\u0101jiet 1 k\u0101rtu zem kr\u0101sain\u0101s nagu lakas.<br \/>\nK\u0101 kopjo\u0161u kursu:<br \/>\n2 reizes ned\u0113\u013c\u0101 uzkl\u0101jiet 2 k\u0101rtas. Pirms katras jaunas uzkl\u0101\u0161anas no\u0146emiet iepriek\u0161\u0113jo sl\u0101ni. Lietojiet 2\u20133 ned\u0113\u013cas.<br \/>\nVienm\u0113r\u012bgam tonim un izpludin\u0101\u0161anas efektam:<br \/>\nUzkl\u0101jiet 2 k\u0101rtas.<br \/>\n<strong>Tilpums<\/strong><br \/>\n14 ml<\/p>\n","protected":false},"excerpt":{"rendered":"<p>Perfekts nagu kop\u0161anas l\u012bdzek\u013ca, b\u0101zes lakas un neitr\u0101la to\u0146a korektora apvienojums ar izpludin\u0101\u0161anas efektu.<br \/>\nBioakt\u012bv\u0101 atjaunojo\u0161\u0101 formula ir bag\u0101tin\u0101ta ar unik\u0101lu kompleksu, kas satur nagiem labv\u0113l\u012bgas fitovielas, antioksidantus un ziedu sk\u0101bes, pal\u012bdzot b\u016btiski uzlabot nagu strukt\u016bru. Nutri-PLEX komplekss veicina vesel\u012bgu aug\u0161anu, \u012bpa\u0161i piem\u0113rots m\u012bkstiem un l\u0113ni augo\u0161iem nagiem. Viegl\u0101, gaismu atstarojo\u0161\u0101 formula bez talka uzreiz mask\u0113 rievi\u0146as un nevienm\u0113r\u012bgu nagu toni, radot gludu un vienm\u0113r\u012bgu virsmu. L\u012bdzekli var lietot atsevi\u0161\u0137i vai k\u0101 b\u0101zi zem nagu lakas.<br \/>\n100% bez talka. Gudra formula, kas atstaro gaismu, optiski izl\u012bdzina nepiln\u012bbas un rada gludu, koptu nagu virsmu.<br \/>\n\u2022 Nav test\u0113ts uz dz\u012bvniekiem<br \/>\n\u2022 Veg\u0101nisks produkts<br \/>\n\u2022 Ra\u017eots It\u0101lij\u0101<\/p>\n","protected":false},"featured_media":15209,"comment_status":"open","ping_status":"closed","template":"","meta":{"site-sidebar-layout":"default","site-content-layout":"","ast-site-content-layout":"default","site-content-style":"default","site-sidebar-style":"default","ast-global-header-display":"","ast-banner-title-visibility":"","ast-main-header-display":"","ast-hfb-above-header-display":"","ast-hfb-below-header-display":"","ast-hfb-mobile-header-display":"","site-post-title":"","ast-breadcrumbs-content":"","ast-featured-img":"","footer-sml-layout":"","theme-transparent-header-meta":"default","adv-header-id-meta":"","stick-header-meta":"","header-above-stick-meta":"","header-main-stick-meta":"","header-below-stick-meta":"","astra-migrate-meta-layouts":"default","ast-page-background-enabled":"default","ast-page-background-meta":{"desktop":{"background-color":"","background-image":"","background-repeat":"repeat","background-position":"center center","background-size":"auto","background-attachment":"scroll","background-type":"","background-media":"","overlay-type":"","overlay-color":"","overlay-opacity":"","overlay-gradient":""},"tablet":{"background-color":"","background-image":"","background-repeat":"repeat","background-position":"center center","background-size":"auto","background-attachment":"scroll","background-type":"","background-media":"","overlay-type":"","overlay-color":"","overlay-opacity":"","overlay-gradient":""},"mobile":{"background-color":"","background-image":"","background-repeat":"repeat","background-position":"center center","background-size":"auto","background-attachment":"scroll","background-type":"","background-media":"","overlay-type":"","overlay-color":"","overlay-opacity":"","overlay-gradient":""}},"ast-content-background-meta":{"desktop":{"background-color":"var(--ast-global-color-5)","background-image":"","background-repeat":"repeat","background-position":"center center","background-size":"auto","background-attachment":"scroll","background-type":"","background-media":"","overlay-type":"","overlay-color":"","overlay-opacity":"","overlay-gradient":""},"tablet":{"background-color":"var(--ast-global-color-5)","background-image":"","background-repeat":"repeat","background-position":"center center","background-size":"auto","background-attachment":"scroll","background-type":"","background-media":"","overlay-type":"","overlay-color":"","overlay-opacity":"","overlay-gradient":""},"mobile":{"background-color":"var(--ast-global-color-5)","background-image":"","background-repeat":"repeat","background-position":"center center","background-size":"auto","background-attachment":"scroll","background-type":"","background-media":"","overlay-type":"","overlay-color":"","overlay-opacity":"","overlay-gradient":""}}},"product_brand":[3576],"product_cat":[2446,2039],"product_tag":[],"class_list":{"0":"post-15212","1":"product","2":"type-product","3":"status-publish","4":"has-post-thumbnail","6":"product_brand-straderm","7":"product_cat-newin-lv","8":"product_cat-straderm-lv","9":"desktop-align-left","10":"tablet-align-left","11":"mobile-align-left","13":"first","14":"instock","15":"taxable","16":"shipping-taxable","17":"purchasable","18":"product-type-simple"},"jetpack_sharing_enabled":true,"_links":{"self":[{"href":"https:\/\/tihani.eu\/lv\/wp-json\/wp\/v2\/product\/15212","targetHints":{"allow":["GET"]}}],"collection":[{"href":"https:\/\/tihani.eu\/lv\/wp-json\/wp\/v2\/product"}],"about":[{"href":"https:\/\/tihani.eu\/lv\/wp-json\/wp\/v2\/types\/product"}],"replies":[{"embeddable":true,"href":"https:\/\/tihani.eu\/lv\/wp-json\/wp\/v2\/comments?post=15212"}],"wp:featuredmedia":[{"embeddable":true,"href":"https:\/\/tihani.eu\/lv\/wp-json\/wp\/v2\/media\/15209"}],"wp:attachment":[{"href":"https:\/\/tihani.eu\/lv\/wp-json\/wp\/v2\/media?parent=15212"}],"wp:term":[{"taxonomy":"product_brand","embeddable":true,"href":"https:\/\/tihani.eu\/lv\/wp-json\/wp\/v2\/product_brand?post=15212"},{"taxonomy":"product_cat","embeddable":true,"href":"https:\/\/tihani.eu\/lv\/wp-json\/wp\/v2\/product_cat?post=15212"},{"taxonomy":"product_tag","embeddable":true,"href":"https:\/\/tihani.eu\/lv\/wp-json\/wp\/v2\/product_tag?post=15212"}],"curies":[{"name":"wp","href":"https:\/\/api.w.org\/{rel}","templated":true}]}}