{"id":14959,"date":"2025-12-20T17:52:02","date_gmt":"2025-12-20T15:52:02","guid":{"rendered":"https:\/\/tihani.eu\/?post_type=product&#038;p=14959"},"modified":"2026-03-13T10:47:49","modified_gmt":"2026-03-13T08:47:49","slug":"prescription-base-super-bond-all-new","status":"publish","type":"product","link":"https:\/\/tihani.eu\/lv\/produkts\/prescription-base-super-bond-all-new\/","title":{"rendered":"PRESCRIPTION BASE\u2122 SUPER-BOND"},"content":{"rendered":"<h6>Lieto\u0161ana<\/h6>\n<p>P\u0113c nagu sagatavo\u0161anas uzkl\u0101jiet pl\u0101nu un vienm\u0113r\u012bgu k\u0101rtu uz dab\u012bg\u0101 naga. Nepie\u013caujiet, ka Super\u2011Bond non\u0101k uz kutikul\u0101m vai apk\u0101rt\u0113j\u0101s \u0101das. Polimeriz\u0113jiet 30 sekundes Akz\u00e9ntz LED lamp\u0101. P\u0113c saciet\u0113\u0161anas nenoslaukiet. Turpiniet gela manik\u012bra proced\u016bru k\u0101 parasti.<\/p>\n<h6>10-Free \u2014 nesatur:<\/h6>\n<p>Formaldeh\u012bdu, toluolu, parab\u0113nus, kamparu, formaldeh\u012bda sve\u0137us, dibutilftal\u0101tu (DBP), ksilolu, ftal\u0101tus, trifeni\u013cfosf\u0101tu (TPHP), terc\u2011butilhidroperoks\u012bdu (TBHP), etiltosilam\u012bdu.<\/p>\n","protected":false},"excerpt":{"rendered":"<p><strong>Super\u2011Bond<\/strong> ir izstr\u0101d\u0101ts, lai aizst\u0101tu j\u016bsu ierasto b\u0101zes g\u0113lu (Luxio Base, Pro\u2011Formance Adhere, Options Base vai Options Opti\u2011Bond) un nodro\u0161in\u0101tu ilg\u0101ku notur\u012bbu klientiem ar izteikt\u0101m adh\u0113zijas probl\u0113m\u0101m, piem\u0113ram, atsl\u0101\u0146o\u0161anos. \u012apa\u0161i ieteicams klientiem ar mitriem vai \u201ctaukainiem\u201d dab\u012bgajiem nagiem.<\/p>\n<p>Super\u2011Bond satur r\u016bp\u012bgi sabalans\u0113tu akrila sk\u0101bes koncentr\u0101ciju, kas nodro\u0161ina maksim\u0101lu sa\u0137eri pat vissare\u017e\u0123\u012bt\u0101kajos gad\u012bjumos, vienlaikus saglab\u0101jot dab\u012bgo nagu vesel\u012bbu. Izmantojot unik\u0101lu biolo\u0123iskas izcelsmes monom\u0113ru, kas ieg\u016bts no prie\u017eu komponent\u0113m, produktam ir viegls sve\u0137ains arom\u0101ts \u2014 dabiskas izcelsmes paz\u012bme.<\/p>\n<p><strong>Tilpums: 15 ml<\/strong><\/p>\n<h6><strong>Produkta priek\u0161roc\u012bbas<\/strong><\/h6>\n<ul>\n<li>Maksim\u0101la adh\u0113zija probl\u0113misku atsl\u0101\u0146o\u0161an\u0101s\/notur\u012bbas gad\u012bjumos<\/li>\n<li>Viegli lietojams, vid\u0113jas viskozit\u0101tes (l\u012bdz\u012bgs Luxio Base)<\/li>\n<li>Pa\u0161izl\u012bdzino\u0161a formula gludai un vienm\u0113r\u012bgai virsmai<\/li>\n<li>P\u0101rkl\u0101j dab\u012bgo nagu ar aizsargk\u0101rtu<\/li>\n<li>Stingra un iztur\u012bga strukt\u016bra<\/li>\n<li>Tikai profesion\u0101lai lieto\u0161anai<\/li>\n<li>Ra\u017eots Kan\u0101d\u0101<\/li>\n<\/ul>\n<h6><strong>Kad lietot Super\u2011Bond?<\/strong><\/h6>\n<p>Izmantojiet Prescription Base Super\u2011Bond ar jebkuru Akz\u00e9ntz g\u0113lu standarta b\u0101zes viet\u0101, ja:<\/p>\n<ul>\n<li>Klientam ir izteikta atsl\u0101\u0146o\u0161an\u0101s<\/li>\n<li>Klientam ir mitras vai \u201ctaukainas\u201d rokas\/nagu pl\u0101tnes<\/li>\n<li>Klients cie\u0161 no hiperhidrozes<\/li>\n<\/ul>\n<div><\/div>\n<h6><strong>Formulas inform\u0101cija<\/strong><\/h6>\n<ul>\n<li>100% Pure Gel\u2122<\/li>\n<li>Nesatur TPO un HEMA, atbilst 10\u2011Free* standartam<\/li>\n<li>Bez \u0161\u0137\u012bdin\u0101t\u0101jiem (neiz\u017e\u0101v\u0113 nagus)<\/li>\n<li>Satur biolo\u0123iskas izcelsmes monom\u0113ru<\/li>\n<li>Piln\u012bgi bez as\u0101m smak\u0101m<\/li>\n<li>Nav test\u0113ts uz dz\u012bvniekiem, piem\u0113rots veg\u0101niem<\/li>\n<li>Izejvielas ieg\u016btas tikai Eirop\u0101 un Zieme\u013camerik\u0101<\/li>\n<\/ul>\n","protected":false},"featured_media":15215,"comment_status":"open","ping_status":"closed","template":"","meta":{"site-sidebar-layout":"default","site-content-layout":"","ast-site-content-layout":"default","site-content-style":"default","site-sidebar-style":"default","ast-global-header-display":"","ast-banner-title-visibility":"","ast-main-header-display":"","ast-hfb-above-header-display":"","ast-hfb-below-header-display":"","ast-hfb-mobile-header-display":"","site-post-title":"","ast-breadcrumbs-content":"","ast-featured-img":"","footer-sml-layout":"","theme-transparent-header-meta":"default","adv-header-id-meta":"","stick-header-meta":"","header-above-stick-meta":"","header-main-stick-meta":"","header-below-stick-meta":"","astra-migrate-meta-layouts":"set","ast-page-background-enabled":"default","ast-page-background-meta":{"desktop":{"background-color":"","background-image":"","background-repeat":"repeat","background-position":"center center","background-size":"auto","background-attachment":"scroll","background-type":"","background-media":"","overlay-type":"","overlay-color":"","overlay-opacity":"","overlay-gradient":""},"tablet":{"background-color":"","background-image":"","background-repeat":"repeat","background-position":"center center","background-size":"auto","background-attachment":"scroll","background-type":"","background-media":"","overlay-type":"","overlay-color":"","overlay-opacity":"","overlay-gradient":""},"mobile":{"background-color":"","background-image":"","background-repeat":"repeat","background-position":"center center","background-size":"auto","background-attachment":"scroll","background-type":"","background-media":"","overlay-type":"","overlay-color":"","overlay-opacity":"","overlay-gradient":""}},"ast-content-background-meta":{"desktop":{"background-color":"var(--ast-global-color-5)","background-image":"","background-repeat":"repeat","background-position":"center center","background-size":"auto","background-attachment":"scroll","background-type":"","background-media":"","overlay-type":"","overlay-color":"","overlay-opacity":"","overlay-gradient":""},"tablet":{"background-color":"var(--ast-global-color-5)","background-image":"","background-repeat":"repeat","background-position":"center center","background-size":"auto","background-attachment":"scroll","background-type":"","background-media":"","overlay-type":"","overlay-color":"","overlay-opacity":"","overlay-gradient":""},"mobile":{"background-color":"var(--ast-global-color-5)","background-image":"","background-repeat":"repeat","background-position":"center center","background-size":"auto","background-attachment":"scroll","background-type":"","background-media":"","overlay-type":"","overlay-color":"","overlay-opacity":"","overlay-gradient":""}}},"product_brand":[3513],"product_cat":[2446,64,1476],"product_tag":[],"class_list":{"0":"post-14959","1":"product","2":"type-product","3":"status-publish","4":"has-post-thumbnail","6":"product_brand-akzentz","7":"product_cat-newin-lv","8":"product_cat-akzentz-lv","9":"product_cat-base-lv","10":"desktop-align-left","11":"tablet-align-left","12":"mobile-align-left","14":"first","15":"instock","16":"taxable","17":"shipping-taxable","18":"purchasable","19":"product-type-simple"},"jetpack_sharing_enabled":true,"_links":{"self":[{"href":"https:\/\/tihani.eu\/lv\/wp-json\/wp\/v2\/product\/14959","targetHints":{"allow":["GET"]}}],"collection":[{"href":"https:\/\/tihani.eu\/lv\/wp-json\/wp\/v2\/product"}],"about":[{"href":"https:\/\/tihani.eu\/lv\/wp-json\/wp\/v2\/types\/product"}],"replies":[{"embeddable":true,"href":"https:\/\/tihani.eu\/lv\/wp-json\/wp\/v2\/comments?post=14959"}],"wp:featuredmedia":[{"embeddable":true,"href":"https:\/\/tihani.eu\/lv\/wp-json\/wp\/v2\/media\/15215"}],"wp:attachment":[{"href":"https:\/\/tihani.eu\/lv\/wp-json\/wp\/v2\/media?parent=14959"}],"wp:term":[{"taxonomy":"product_brand","embeddable":true,"href":"https:\/\/tihani.eu\/lv\/wp-json\/wp\/v2\/product_brand?post=14959"},{"taxonomy":"product_cat","embeddable":true,"href":"https:\/\/tihani.eu\/lv\/wp-json\/wp\/v2\/product_cat?post=14959"},{"taxonomy":"product_tag","embeddable":true,"href":"https:\/\/tihani.eu\/lv\/wp-json\/wp\/v2\/product_tag?post=14959"}],"curies":[{"name":"wp","href":"https:\/\/api.w.org\/{rel}","templated":true}]}}