{"id":14944,"date":"2025-12-01T12:13:56","date_gmt":"2025-12-01T10:13:56","guid":{"rendered":"https:\/\/tihani.eu\/?product=dadi-scrub-935g"},"modified":"2025-12-01T12:23:56","modified_gmt":"2025-12-01T10:23:56","slug":"dadi-scrub-935g","status":"publish","type":"product","link":"https:\/\/tihani.eu\/lv\/produkts\/dadi-scrub-935g\/","title":{"rendered":"DADI&#8217; SCRUB 935g"},"content":{"rendered":"<p><strong>SAST\u0100VS:<\/strong>\u00a0Carthamus Tinctorius (Safflower) Seed Oil, Sucrose, Cocos Nucifera (Coconut) Oil, Sodium Chloride, Aerosol200, PEG-7 Cocoate, Fragrance*, Benzyl Alcohol, Citral, Citronellol, Eugenol, Geraniol, Limonene D, Linalool, Olea Europaea (Olive) Fruit Oil, Persea Gratissima (Avocado) Oil, Pumice, Simmondsia Chinensis (Jojoba) Seed Oil, Tocopherol<\/p>\n<p>*Ieg\u016bts no dab\u012bg\u0101m e\u013c\u013c\u0101m<\/p>\n<p><strong>BR\u012aDIN\u0100JUMS:<\/strong> Lietot tikai saska\u0146\u0101 ar nor\u0101d\u012bjumiem. Nekav\u0113joties p\u0101rtrauciet lieto\u0161anu, ja rodas kairin\u0101jums. Izvair\u012bties no saskares ar ac\u012bm. Uzglab\u0101t v\u0113s\u0101 viet\u0101. SARG\u0100T NO B\u0112RNIEM.<\/p>\n<p><strong>Ra\u017eots ASV.<\/strong><\/p>\n","protected":false},"excerpt":{"rendered":"<p><strong>Kas ir Dadi\u2019 Scrub?<\/strong> Maigs un grezns roku, p\u0113du un \u0137erme\u0146a skrubis ar eksfoli\u0113jo\u0161u un kopjo\u0161u iedarb\u012bbu, ar t\u0101du pa\u0161u arom\u0101tu k\u0101 godalgotajai Dadi\u2019 Oil e\u013c\u013cai.<\/p>\n<p><strong>Ko tas dara?<\/strong> M\u012bkstin\u0101, eksfoli\u0113 un kopj \u0101du, padarot rokas, p\u0113das un \u0137ermeni maigu, mitrin\u0101tu un atjaunotu.<\/p>\n<p><strong>Lietojums:<\/strong> Lietot manik\u012bra\/pedik\u012bra proced\u016br\u0101s, salonu roku un p\u0113du mas\u0101\u017e\u0101s, k\u0101 ar\u012b m\u0101jas apst\u0101k\u013cos \u0101das kop\u0161anai un nomierin\u0101\u0161anai.<\/p>\n<p><strong>Svar\u012bg\u0101k\u0101s sast\u0101vda\u013cas:<\/strong><\/p>\n<ul>\n<li>S\u0101ls<\/li>\n<li>Cukurs<\/li>\n<li>Pemzes eksfoliants<\/li>\n<li>Kokosriekstu e\u013c\u013ca<\/li>\n<li>Safloru e\u013c\u013ca<\/li>\n<li>E\u013c\u013cas no Dadi\u2019 Oil sast\u0101va<\/li>\n<\/ul>\n<p><strong>Lieto\u0161anas veids:<\/strong> Uzkl\u0101t Dadi\u2019 Scrub uz mitr\u0101m rok\u0101m, p\u0113d\u0101m vai \u0137erme\u0146a. Iemas\u0113t \u0101d\u0101. P\u0113c divu veidu eksfoli\u0101cijas iedarb\u012bbas (vispirms cukurs, tad s\u0101ls) noskalot ar siltu \u016bdeni. Proced\u016bru nosl\u0113gt ar Dadi\u2019 Oil un\/vai Luxury Dadi Lotion.<\/p>\n<p><strong>Dadi\u2019 Scrub nesatur sulf\u0101tus, parab\u0113nus un m\u0101ksl\u012bg\u0101s kr\u0101svielas.<\/strong><\/p>\n<p><strong>Tilpums:<\/strong> 935 g \/ 33 oz<\/p>\n","protected":false},"featured_media":14942,"comment_status":"open","ping_status":"closed","template":"","meta":{"site-sidebar-layout":"default","site-content-layout":"","ast-site-content-layout":"default","site-content-style":"default","site-sidebar-style":"default","ast-global-header-display":"","ast-banner-title-visibility":"","ast-main-header-display":"","ast-hfb-above-header-display":"","ast-hfb-below-header-display":"","ast-hfb-mobile-header-display":"","site-post-title":"","ast-breadcrumbs-content":"","ast-featured-img":"","footer-sml-layout":"","theme-transparent-header-meta":"default","adv-header-id-meta":"","stick-header-meta":"","header-above-stick-meta":"","header-main-stick-meta":"","header-below-stick-meta":"","astra-migrate-meta-layouts":"default","ast-page-background-enabled":"default","ast-page-background-meta":{"desktop":{"background-color":"","background-image":"","background-repeat":"repeat","background-position":"center center","background-size":"auto","background-attachment":"scroll","background-type":"","background-media":"","overlay-type":"","overlay-color":"","overlay-opacity":"","overlay-gradient":""},"tablet":{"background-color":"","background-image":"","background-repeat":"repeat","background-position":"center center","background-size":"auto","background-attachment":"scroll","background-type":"","background-media":"","overlay-type":"","overlay-color":"","overlay-opacity":"","overlay-gradient":""},"mobile":{"background-color":"","background-image":"","background-repeat":"repeat","background-position":"center center","background-size":"auto","background-attachment":"scroll","background-type":"","background-media":"","overlay-type":"","overlay-color":"","overlay-opacity":"","overlay-gradient":""}},"ast-content-background-meta":{"desktop":{"background-color":"var(--ast-global-color-5)","background-image":"","background-repeat":"repeat","background-position":"center center","background-size":"auto","background-attachment":"scroll","background-type":"","background-media":"","overlay-type":"","overlay-color":"","overlay-opacity":"","overlay-gradient":""},"tablet":{"background-color":"var(--ast-global-color-5)","background-image":"","background-repeat":"repeat","background-position":"center center","background-size":"auto","background-attachment":"scroll","background-type":"","background-media":"","overlay-type":"","overlay-color":"","overlay-opacity":"","overlay-gradient":""},"mobile":{"background-color":"var(--ast-global-color-5)","background-image":"","background-repeat":"repeat","background-position":"center center","background-size":"auto","background-attachment":"scroll","background-type":"","background-media":"","overlay-type":"","overlay-color":"","overlay-opacity":"","overlay-gradient":""}}},"product_brand":[3608],"product_cat":[2100,2468],"product_tag":[3611],"class_list":{"0":"post-14944","1":"product","2":"type-product","3":"status-publish","4":"has-post-thumbnail","6":"product_brand-famous-names","7":"product_cat-famous-names-lv","8":"product_cat-dadi-oil-lv","9":"product_tag-dadi_oil","10":"desktop-align-left","11":"tablet-align-left","12":"mobile-align-left","14":"first","15":"instock","16":"taxable","17":"shipping-taxable","18":"purchasable","19":"product-type-simple"},"jetpack_sharing_enabled":true,"_links":{"self":[{"href":"https:\/\/tihani.eu\/lv\/wp-json\/wp\/v2\/product\/14944","targetHints":{"allow":["GET"]}}],"collection":[{"href":"https:\/\/tihani.eu\/lv\/wp-json\/wp\/v2\/product"}],"about":[{"href":"https:\/\/tihani.eu\/lv\/wp-json\/wp\/v2\/types\/product"}],"replies":[{"embeddable":true,"href":"https:\/\/tihani.eu\/lv\/wp-json\/wp\/v2\/comments?post=14944"}],"wp:featuredmedia":[{"embeddable":true,"href":"https:\/\/tihani.eu\/lv\/wp-json\/wp\/v2\/media\/14942"}],"wp:attachment":[{"href":"https:\/\/tihani.eu\/lv\/wp-json\/wp\/v2\/media?parent=14944"}],"wp:term":[{"taxonomy":"product_brand","embeddable":true,"href":"https:\/\/tihani.eu\/lv\/wp-json\/wp\/v2\/product_brand?post=14944"},{"taxonomy":"product_cat","embeddable":true,"href":"https:\/\/tihani.eu\/lv\/wp-json\/wp\/v2\/product_cat?post=14944"},{"taxonomy":"product_tag","embeddable":true,"href":"https:\/\/tihani.eu\/lv\/wp-json\/wp\/v2\/product_tag?post=14944"}],"curies":[{"name":"wp","href":"https:\/\/api.w.org\/{rel}","templated":true}]}}