{"id":14937,"date":"2025-12-01T11:09:59","date_gmt":"2025-12-01T09:09:59","guid":{"rendered":"https:\/\/tihani.eu\/?product=vanilla-shimmer-lotion-236ml"},"modified":"2026-03-13T21:52:07","modified_gmt":"2026-03-13T19:52:07","slug":"vanilla-shimmer-lotion-236ml","status":"publish","type":"product","link":"https:\/\/tihani.eu\/lv\/produkts\/vanilla-shimmer-lotion-236ml\/","title":{"rendered":"VANILLA SHIMMER LOTION 236ml"},"content":{"rendered":"<p><strong>SAST\u0100VS:<\/strong>\u00a0Deionized Water, Gliceryl Stearate (GMS-165), Cetiol Alcohol, Caprylic\/Capric Triglycerides, Propylene Glycol, Glycerine, Stearuc Acid, Allantoin, Aloe Barbadensis Leaf Extract, Avocado Oil, Benzyl Benzonate, Carbomer, Coumarin, Dimethicone, DL-Panthenol, Hyaluronic Acid, Iron Oxides, Jojoba Oil, Natural Vanilla Fragrance, Olive Oil, Phenoxyethanol, Tocopherol, Triethanolamine 99%<\/p>\n<p><strong>BR\u012aDIN\u0100JUMS:<\/strong> izraisa acu kairin\u0101jumu. Tikai \u0101r\u012bgai lieto\u0161anai. P\u0101rtrauciet lieto\u0161anu, ja rodas \u0101das kairin\u0101jums.<\/p>\n","protected":false},"excerpt":{"rendered":"<p><strong>Kas ir Vanilla Shimmer Lotion?<\/strong> \u0100tri ies\u016bco\u0161s, mitrino\u0161s roku un \u0137erme\u0146a losjons, kura pamat\u0101 ir Luxury Dadi\u2019 Lotion formula. Tas ir bag\u0101tin\u0101ts ar zelta mirdzumu un vani\u013cas akcentu, radot ide\u0101lu sv\u0113tku noska\u0146ojumu.<\/p>\n<p><strong>Svar\u012bg\u0101k\u0101s sast\u0101vda\u013cas:<\/strong><\/p>\n<ul>\n<li>Dab\u012bga vani\u013cas smar\u017ea<\/li>\n<li>Hialuronsk\u0101be<\/li>\n<li>Allanto\u012bns<\/li>\n<li>Pantenols<\/li>\n<li>Tokoferols (dab\u012bgais E vitam\u012bns)<\/li>\n<\/ul>\n<p><strong>Lieto\u0161anas veids:<\/strong> Uzkl\u0101t uz rok\u0101m un \u0137erme\u0146a p\u0113c vajadz\u012bbas, lai ieg\u016btu gludu \u0101du, saglab\u0101tu mitrumu un pie\u0161\u0137irtu zeltainu mirdzumu ar vani\u013cas akcentu.<\/p>\n<p><strong>Vanilla Shimmer Lotion nesatur sulf\u0101tus, parab\u0113nus un m\u0101ksl\u012bg\u0101s kr\u0101svielas!<\/strong><\/p>\n<p><strong>Tilpums:<\/strong> 236 ml \/ 8 fl oz<\/p>\n<div><\/div>\n","protected":false},"featured_media":14935,"comment_status":"open","ping_status":"closed","template":"","meta":{"site-sidebar-layout":"default","site-content-layout":"","ast-site-content-layout":"default","site-content-style":"default","site-sidebar-style":"default","ast-global-header-display":"","ast-banner-title-visibility":"","ast-main-header-display":"","ast-hfb-above-header-display":"","ast-hfb-below-header-display":"","ast-hfb-mobile-header-display":"","site-post-title":"","ast-breadcrumbs-content":"","ast-featured-img":"","footer-sml-layout":"","theme-transparent-header-meta":"default","adv-header-id-meta":"","stick-header-meta":"","header-above-stick-meta":"","header-main-stick-meta":"","header-below-stick-meta":"","astra-migrate-meta-layouts":"default","ast-page-background-enabled":"default","ast-page-background-meta":{"desktop":{"background-color":"","background-image":"","background-repeat":"repeat","background-position":"center center","background-size":"auto","background-attachment":"scroll","background-type":"","background-media":"","overlay-type":"","overlay-color":"","overlay-opacity":"","overlay-gradient":""},"tablet":{"background-color":"","background-image":"","background-repeat":"repeat","background-position":"center center","background-size":"auto","background-attachment":"scroll","background-type":"","background-media":"","overlay-type":"","overlay-color":"","overlay-opacity":"","overlay-gradient":""},"mobile":{"background-color":"","background-image":"","background-repeat":"repeat","background-position":"center center","background-size":"auto","background-attachment":"scroll","background-type":"","background-media":"","overlay-type":"","overlay-color":"","overlay-opacity":"","overlay-gradient":""}},"ast-content-background-meta":{"desktop":{"background-color":"var(--ast-global-color-5)","background-image":"","background-repeat":"repeat","background-position":"center center","background-size":"auto","background-attachment":"scroll","background-type":"","background-media":"","overlay-type":"","overlay-color":"","overlay-opacity":"","overlay-gradient":""},"tablet":{"background-color":"var(--ast-global-color-5)","background-image":"","background-repeat":"repeat","background-position":"center center","background-size":"auto","background-attachment":"scroll","background-type":"","background-media":"","overlay-type":"","overlay-color":"","overlay-opacity":"","overlay-gradient":""},"mobile":{"background-color":"var(--ast-global-color-5)","background-image":"","background-repeat":"repeat","background-position":"center center","background-size":"auto","background-attachment":"scroll","background-type":"","background-media":"","overlay-type":"","overlay-color":"","overlay-opacity":"","overlay-gradient":""}}},"product_brand":[3608],"product_cat":[3610,2100],"product_tag":[3611],"class_list":{"0":"post-14937","1":"product","2":"type-product","3":"status-publish","4":"has-post-thumbnail","6":"product_brand-famous-names","7":"product_cat-vanilla-shimmer","8":"product_cat-famous-names-lv","9":"product_tag-dadi_oil","10":"desktop-align-left","11":"tablet-align-left","12":"mobile-align-left","14":"first","15":"instock","16":"taxable","17":"shipping-taxable","18":"purchasable","19":"product-type-simple"},"jetpack_sharing_enabled":true,"_links":{"self":[{"href":"https:\/\/tihani.eu\/lv\/wp-json\/wp\/v2\/product\/14937","targetHints":{"allow":["GET"]}}],"collection":[{"href":"https:\/\/tihani.eu\/lv\/wp-json\/wp\/v2\/product"}],"about":[{"href":"https:\/\/tihani.eu\/lv\/wp-json\/wp\/v2\/types\/product"}],"replies":[{"embeddable":true,"href":"https:\/\/tihani.eu\/lv\/wp-json\/wp\/v2\/comments?post=14937"}],"wp:featuredmedia":[{"embeddable":true,"href":"https:\/\/tihani.eu\/lv\/wp-json\/wp\/v2\/media\/14935"}],"wp:attachment":[{"href":"https:\/\/tihani.eu\/lv\/wp-json\/wp\/v2\/media?parent=14937"}],"wp:term":[{"taxonomy":"product_brand","embeddable":true,"href":"https:\/\/tihani.eu\/lv\/wp-json\/wp\/v2\/product_brand?post=14937"},{"taxonomy":"product_cat","embeddable":true,"href":"https:\/\/tihani.eu\/lv\/wp-json\/wp\/v2\/product_cat?post=14937"},{"taxonomy":"product_tag","embeddable":true,"href":"https:\/\/tihani.eu\/lv\/wp-json\/wp\/v2\/product_tag?post=14937"}],"curies":[{"name":"wp","href":"https:\/\/api.w.org\/{rel}","templated":true}]}}