{"id":14539,"date":"2025-10-19T18:56:24","date_gmt":"2025-10-19T16:56:24","guid":{"rendered":"https:\/\/tihani.eu\/product\/head-kutikulas-puseris-px-01\/"},"modified":"2025-10-20T13:33:59","modified_gmt":"2025-10-20T11:33:59","slug":"head-kutikulas-puseris-px-01","status":"publish","type":"product","link":"https:\/\/tihani.eu\/lv\/produkts\/head-kutikulas-puseris-px-01\/","title":{"rendered":"HEAD KUTIKULAS PU\u0160ERIS PX-01"},"content":{"rendered":"<p><strong>HEAD The Beauty Tools<\/strong> ir profesion\u0101ls manik\u012bra un pedik\u012bra produktu z\u012bmols, ko izveidojusi skaistumkop\u0161anas nozares ekspertu komanda ar vair\u0101k nek\u0101 10 gadu pieredzi darb\u0101 ar nagu kop\u0161anas speci\u0101listiem un izplat\u012bt\u0101jiem. Z\u012bmols rad\u012bts ar skaidru m\u0113r\u0137i \u2014 pied\u0101v\u0101t vislab\u0101ko cenas, kvalit\u0101tes un servisa l\u012bdzsvaru, atbilsto\u0161i augstaj\u0101m nozares profesion\u0101\u013cu pras\u012bb\u0101m.<\/p>\n<div><\/div>\n","protected":false},"excerpt":{"rendered":"<p><strong>Profesion\u0101ls kutikulas pu\u0161eris<\/strong><\/p>\n<p><strong>Darba da\u013cas:<\/strong> plata l\u0101psti\u0146a \u2013 \u0161aura l\u0101psti\u0146a<\/p>\n<ul>\n<li>Instrumenta garums: 141 mm<\/li>\n<li>Divpus\u0113js dizains: plata l\u0101psti\u0146a un \u0161aura l\u0101psti\u0146a<\/li>\n<li>Ergonomiski rokturi ar pretsl\u012bdes riev\u0101m dro\u0161ai satver\u0161anai<\/li>\n<li>Spogu\u013cpul\u0113tas darba virsmas<\/li>\n<li>Izgatavots no medic\u012bnisk\u0101 ner\u016bs\u0113jo\u0161\u0101 t\u0113rauda AISI 420J2<\/li>\n<li>Rokvela ciet\u012bba: 52\u201356 HRC<\/li>\n<li>Piem\u0113rots dezinfekcijai un steriliz\u0101cijai<\/li>\n<\/ul>\n","protected":false},"featured_media":14536,"comment_status":"open","ping_status":"closed","template":"","meta":{"site-sidebar-layout":"default","site-content-layout":"","ast-site-content-layout":"default","site-content-style":"default","site-sidebar-style":"default","ast-global-header-display":"","ast-banner-title-visibility":"","ast-main-header-display":"","ast-hfb-above-header-display":"","ast-hfb-below-header-display":"","ast-hfb-mobile-header-display":"","site-post-title":"","ast-breadcrumbs-content":"","ast-featured-img":"","footer-sml-layout":"","theme-transparent-header-meta":"default","adv-header-id-meta":"","stick-header-meta":"","header-above-stick-meta":"","header-main-stick-meta":"","header-below-stick-meta":"","astra-migrate-meta-layouts":"default","ast-page-background-enabled":"default","ast-page-background-meta":{"desktop":{"background-color":"","background-image":"","background-repeat":"repeat","background-position":"center center","background-size":"auto","background-attachment":"scroll","background-type":"","background-media":"","overlay-type":"","overlay-color":"","overlay-opacity":"","overlay-gradient":""},"tablet":{"background-color":"","background-image":"","background-repeat":"repeat","background-position":"center center","background-size":"auto","background-attachment":"scroll","background-type":"","background-media":"","overlay-type":"","overlay-color":"","overlay-opacity":"","overlay-gradient":""},"mobile":{"background-color":"","background-image":"","background-repeat":"repeat","background-position":"center center","background-size":"auto","background-attachment":"scroll","background-type":"","background-media":"","overlay-type":"","overlay-color":"","overlay-opacity":"","overlay-gradient":""}},"ast-content-background-meta":{"desktop":{"background-color":"var(--ast-global-color-5)","background-image":"","background-repeat":"repeat","background-position":"center center","background-size":"auto","background-attachment":"scroll","background-type":"","background-media":"","overlay-type":"","overlay-color":"","overlay-opacity":"","overlay-gradient":""},"tablet":{"background-color":"var(--ast-global-color-5)","background-image":"","background-repeat":"repeat","background-position":"center center","background-size":"auto","background-attachment":"scroll","background-type":"","background-media":"","overlay-type":"","overlay-color":"","overlay-opacity":"","overlay-gradient":""},"mobile":{"background-color":"var(--ast-global-color-5)","background-image":"","background-repeat":"repeat","background-position":"center center","background-size":"auto","background-attachment":"scroll","background-type":"","background-media":"","overlay-type":"","overlay-color":"","overlay-opacity":"","overlay-gradient":""}}},"product_brand":[3587],"product_cat":[2301,2322],"product_tag":[3589],"class_list":{"0":"post-14539","1":"product","2":"type-product","3":"status-publish","4":"has-post-thumbnail","6":"product_brand-head","7":"product_cat-tools-lv","8":"product_cat-pusher-lv","9":"product_tag-pushers-x-line-lv","10":"desktop-align-left","11":"tablet-align-left","12":"mobile-align-left","14":"first","15":"instock","16":"taxable","17":"shipping-taxable","18":"purchasable","19":"product-type-simple"},"jetpack_sharing_enabled":true,"_links":{"self":[{"href":"https:\/\/tihani.eu\/lv\/wp-json\/wp\/v2\/product\/14539","targetHints":{"allow":["GET"]}}],"collection":[{"href":"https:\/\/tihani.eu\/lv\/wp-json\/wp\/v2\/product"}],"about":[{"href":"https:\/\/tihani.eu\/lv\/wp-json\/wp\/v2\/types\/product"}],"replies":[{"embeddable":true,"href":"https:\/\/tihani.eu\/lv\/wp-json\/wp\/v2\/comments?post=14539"}],"wp:featuredmedia":[{"embeddable":true,"href":"https:\/\/tihani.eu\/lv\/wp-json\/wp\/v2\/media\/14536"}],"wp:attachment":[{"href":"https:\/\/tihani.eu\/lv\/wp-json\/wp\/v2\/media?parent=14539"}],"wp:term":[{"taxonomy":"product_brand","embeddable":true,"href":"https:\/\/tihani.eu\/lv\/wp-json\/wp\/v2\/product_brand?post=14539"},{"taxonomy":"product_cat","embeddable":true,"href":"https:\/\/tihani.eu\/lv\/wp-json\/wp\/v2\/product_cat?post=14539"},{"taxonomy":"product_tag","embeddable":true,"href":"https:\/\/tihani.eu\/lv\/wp-json\/wp\/v2\/product_tag?post=14539"}],"curies":[{"name":"wp","href":"https:\/\/api.w.org\/{rel}","templated":true}]}}