{"id":14527,"date":"2025-10-18T21:27:56","date_gmt":"2025-10-18T19:27:56","guid":{"rendered":"https:\/\/tihani.eu\/product\/enhance-soft-peach\/"},"modified":"2025-10-20T13:36:35","modified_gmt":"2025-10-20T11:36:35","slug":"enhance-soft-peach","status":"publish","type":"product","link":"https:\/\/tihani.eu\/lv\/produkts\/enhance-soft-peach\/","title":{"rendered":"ENHANCE SOFT PEACH"},"content":{"rendered":"<p><strong>SAST\u0100VS:<\/strong> BIS-HEMA POLYNEOPENTYL GLYCOL ADIPATE\/IPDI COPOLYMER, HYDROXYETHYL ACRYLATE\/IPDI\/PPG-15 GLYCERYL ETHER COPOLYMER, TRIMETHYLOLPROPANE TRIMETHACRYLATE, HYDROXYPROPYL METHACRYLATE, ETHYL TRIMETHYLBENZOYL PHENYLPHOSPHINATE, P-HYDROXYANISOLE, [+\/-: C| 19140, C|77891]<\/p>\n<p><strong>SVAR\u012aGA PIEZ\u012aME<\/strong><\/p>\n<p>Pirms lieto\u0161anas samais\u012bt.<\/p>\n<p>Kr\u0101su att\u0113lojums notiek digit\u0101l\u0101 vid\u0113, un to\u0146u vizualiz\u0101cija var at\u0161\u0137irties atkar\u012bb\u0101 no ier\u012bces ekr\u0101na iestat\u012bjumiem. Faktiskais kr\u0101sas tonis re\u0101laj\u0101 vid\u0113 var nedaudz at\u0161\u0137irties.<\/p>\n<p><strong>K\u0100 LIETOT?<\/strong><\/p>\n<ol>\n<li>P\u0113c nagu sagatavo\u0161anas uzkl\u0101jiet formas (ja nepiecie\u0161ams) un izv\u0113l\u0113to b\u0101zes g\u0113lu (<em>Adhere<\/em> ir ieteicams vairumam klientu). Polimeriz\u0113t 30 sekundes.<\/li>\n<li>Uzkl\u0101jiet sl\u012bdo\u0161o k\u0101rtu, lai atvieglotu uzkl\u0101\u0161anu, tad pievienojiet liel\u0101ku g\u0113la daudzumu, lai veidotu pagarin\u0101jumu vai p\u0101rkl\u0101jumu. \u013baujiet g\u0113lam izl\u012bdzin\u0101ties un polimeriz\u0113jiet.<\/li>\n<li>Veidojiet un apv\u012bl\u0113jiet nagus p\u0113c v\u0113l\u0113\u0161an\u0101s, tad uzkl\u0101jiet fini\u0161a p\u0101rkl\u0101jumu <em>Ultra Gloss<\/em> vai <em>Shine-On<\/em> nevainojamam rezult\u0101tam.<\/li>\n<\/ol>\n<p><strong>Tikai profesion\u0101lai lieto\u0161anai.<\/strong><\/p>\n","protected":false},"excerpt":{"rendered":"<p><strong>ENHANCE \u2013 KLASISKAIS CIETAIS B\u016aVG\u0112LS<\/strong><\/p>\n<p>T\u0101 pati formula k\u0101 citiem <em>Enhance<\/em> g\u0113liem, ta\u010du ar dab\u012bgu p\u0101rkl\u0101jumu. Persiku nokr\u0101sa rada siltu un izgaismojo\u0161u efektu.<\/p>\n<p><strong>Vid\u0113ji pl\u0101nas viskozit\u0101tes b\u016bvg\u0113ls<\/strong><\/p>\n<p>Iztur\u012bba: 5\/5<\/p>\n<p>Segums: 4\/5<\/p>\n<p>Viskozit\u0101te: 2\/5<\/p>\n<p><strong>PRODUKTA PRIEK\u0160ROC\u012aBAS<\/strong><\/p>\n<ul>\n<li>\u012apa\u0161i iztur\u012bgs b\u016bvg\u0113ls<\/li>\n<li>Pa\u0161izl\u012bdzino\u0161a formula, viegli lietojama<\/li>\n<li>Pl\u0101na viskozit\u0101te, kas nenotek<\/li>\n<li>Ide\u0101li piem\u0113rots pilnai model\u0113\u0161anai\u00a0 un stiprino\u0161iem p\u0101rkl\u0101jumiem<\/li>\n<li>Zem\u0101ka siltuma izdal\u012b\u0161an\u0101s polimeriz\u0101cijas laik\u0101 sal\u012bdzin\u0101jum\u0101 ar citiem <em>Pro-Formance<\/em> s\u0113rijas g\u0113liem<\/li>\n<\/ul>\n<p><strong>FORMULAS INFORM\u0100CIJA<\/strong><\/p>\n<ul>\n<li>100% t\u012brs g\u0113ls<\/li>\n<li>Bez TPO \/ Bez HEMA \/ 10-Free<\/li>\n<li>Cietais g\u0113ls (nav paredz\u0113ts no\u0146em\u0161anai ar \u0161\u0137\u012bdin\u0101t\u0101jiem)<\/li>\n<li>Nekait\u0113 un neiz\u017e\u0101v\u0113 klienta nagus<\/li>\n<li>Cruelty-Free un veg\u0101nisks<\/li>\n<li>Izstr\u0101d\u0101ts un ra\u017eots 100% Kan\u0101d\u0101<\/li>\n<li>Izgatavots no augst\u0101k\u0101s kvalit\u0101tes izejviel\u0101m, kas ieg\u016btas tikai Eirop\u0101 un Zieme\u013camerik\u0101<\/li>\n<li>Tikai profesion\u0101lai lieto\u0161anai<\/li>\n<\/ul>\n","protected":false},"featured_media":14516,"comment_status":"open","ping_status":"closed","template":"","meta":{"site-sidebar-layout":"default","site-content-layout":"","ast-site-content-layout":"default","site-content-style":"default","site-sidebar-style":"default","ast-global-header-display":"","ast-banner-title-visibility":"","ast-main-header-display":"","ast-hfb-above-header-display":"","ast-hfb-below-header-display":"","ast-hfb-mobile-header-display":"","site-post-title":"","ast-breadcrumbs-content":"","ast-featured-img":"","footer-sml-layout":"","theme-transparent-header-meta":"default","adv-header-id-meta":"","stick-header-meta":"","header-above-stick-meta":"","header-main-stick-meta":"","header-below-stick-meta":"","astra-migrate-meta-layouts":"default","ast-page-background-enabled":"default","ast-page-background-meta":{"desktop":{"background-color":"","background-image":"","background-repeat":"repeat","background-position":"center center","background-size":"auto","background-attachment":"scroll","background-type":"","background-media":"","overlay-type":"","overlay-color":"","overlay-opacity":"","overlay-gradient":""},"tablet":{"background-color":"","background-image":"","background-repeat":"repeat","background-position":"center center","background-size":"auto","background-attachment":"scroll","background-type":"","background-media":"","overlay-type":"","overlay-color":"","overlay-opacity":"","overlay-gradient":""},"mobile":{"background-color":"","background-image":"","background-repeat":"repeat","background-position":"center center","background-size":"auto","background-attachment":"scroll","background-type":"","background-media":"","overlay-type":"","overlay-color":"","overlay-opacity":"","overlay-gradient":""}},"ast-content-background-meta":{"desktop":{"background-color":"var(--ast-global-color-5)","background-image":"","background-repeat":"repeat","background-position":"center center","background-size":"auto","background-attachment":"scroll","background-type":"","background-media":"","overlay-type":"","overlay-color":"","overlay-opacity":"","overlay-gradient":""},"tablet":{"background-color":"var(--ast-global-color-5)","background-image":"","background-repeat":"repeat","background-position":"center center","background-size":"auto","background-attachment":"scroll","background-type":"","background-media":"","overlay-type":"","overlay-color":"","overlay-opacity":"","overlay-gradient":""},"mobile":{"background-color":"var(--ast-global-color-5)","background-image":"","background-repeat":"repeat","background-position":"center center","background-size":"auto","background-attachment":"scroll","background-type":"","background-media":"","overlay-type":"","overlay-color":"","overlay-opacity":"","overlay-gradient":""}}},"product_brand":[3606],"product_cat":[64,1587],"product_tag":[3585],"class_list":{"0":"post-14527","1":"product","2":"type-product","3":"status-publish","4":"has-post-thumbnail","6":"product_brand-pro-formance","7":"product_cat-akzentz-lv","8":"product_cat-pro-formance-lv","9":"product_tag-enhance_shades-lv","10":"desktop-align-left","11":"tablet-align-left","12":"mobile-align-left","14":"first","15":"outofstock","16":"taxable","17":"shipping-taxable","18":"purchasable","19":"product-type-variable"},"jetpack_sharing_enabled":true,"_links":{"self":[{"href":"https:\/\/tihani.eu\/lv\/wp-json\/wp\/v2\/product\/14527","targetHints":{"allow":["GET"]}}],"collection":[{"href":"https:\/\/tihani.eu\/lv\/wp-json\/wp\/v2\/product"}],"about":[{"href":"https:\/\/tihani.eu\/lv\/wp-json\/wp\/v2\/types\/product"}],"replies":[{"embeddable":true,"href":"https:\/\/tihani.eu\/lv\/wp-json\/wp\/v2\/comments?post=14527"}],"wp:featuredmedia":[{"embeddable":true,"href":"https:\/\/tihani.eu\/lv\/wp-json\/wp\/v2\/media\/14516"}],"wp:attachment":[{"href":"https:\/\/tihani.eu\/lv\/wp-json\/wp\/v2\/media?parent=14527"}],"wp:term":[{"taxonomy":"product_brand","embeddable":true,"href":"https:\/\/tihani.eu\/lv\/wp-json\/wp\/v2\/product_brand?post=14527"},{"taxonomy":"product_cat","embeddable":true,"href":"https:\/\/tihani.eu\/lv\/wp-json\/wp\/v2\/product_cat?post=14527"},{"taxonomy":"product_tag","embeddable":true,"href":"https:\/\/tihani.eu\/lv\/wp-json\/wp\/v2\/product_tag?post=14527"}],"curies":[{"name":"wp","href":"https:\/\/api.w.org\/{rel}","templated":true}]}}