{"id":14480,"date":"2025-10-18T18:44:21","date_gmt":"2025-10-18T16:44:21","guid":{"rendered":"https:\/\/tihani.eu\/product\/trinity-clear\/"},"modified":"2026-03-31T18:44:18","modified_gmt":"2026-03-31T16:44:18","slug":"trinity-clear","status":"publish","type":"product","link":"https:\/\/tihani.eu\/lv\/produkts\/trinity-clear\/","title":{"rendered":"TRINITY CLEAR"},"content":{"rendered":"<p><strong>SAST\u0100VS:<\/strong> BIS-HEMA PPG-7\/SMDI COPOLYMER, HEMA, BIS-HEMA POLY (1,4-BUTANEDIOL)-22\/IPDI COPOLYMER, PPG-3 GLYCERYL ETHER TRIACRYLATE, ETHYL TRIMETHYLBENZOYL PHENYLPHOSPHINATE, HEMA MALEATE, MALEIC ACID, P-HYDROXYANISOLE, PENTAERYTHRITYL TETRAMERCAPTOPROPIONATE, SILICA, [+\/-: C|60725]<\/p>\n<p><strong>SVAR\u012aGA PIEZ\u012aME<\/strong><\/p>\n<p>Pirms lieto\u0161anas samais\u012bt.<\/p>\n<p><strong>K\u0100 LIETOT?<\/strong><\/p>\n<ol>\n<li>P\u0113c nagu sagatavo\u0161anas uzkl\u0101jiet formas (ja nepiecie\u0161ams) un izv\u0113l\u0113to b\u0101zes g\u0113lu (<em>Adhere<\/em> ir ieteicams vairumam klientu). Polimeriz\u0113t 30 sekundes.<\/li>\n<li>Uzkl\u0101jiet sl\u012bdo\u0161o k\u0101rtu, lai atvieglotu uzkl\u0101\u0161anu, tad pievienojiet liel\u0101ku g\u0113la daudzumu, lai veidotu pagarin\u0101jumu vai p\u0101rkl\u0101jumu. \u013baujiet g\u0113lam izl\u012bdzin\u0101ties un polimeriz\u0113jiet.<\/li>\n<li>Veidojiet un apv\u012bl\u0113jiet nagus p\u0113c v\u0113l\u0113\u0161an\u0101s, tad uzkl\u0101jiet fini\u0161a p\u0101rkl\u0101jumu <em>Ultra Gloss<\/em> vai <em>Shine-On<\/em> nevainojamam rezult\u0101tam.<\/li>\n<\/ol>\n<p><strong>Tikai profesion\u0101lai lieto\u0161anai.<\/strong><\/p>\n","protected":false},"excerpt":{"rendered":"<p><strong>PRO-FORMANCE TRINITY 3-IN-1 G\u0112LS<\/strong><\/p>\n<p>M\u016bsu popul\u0101r\u0101kais b\u016bvg\u0113ls <em>Trinity\u2122<\/em> piln\u012bb\u0101 attaisno savu nosaukumu ar unik\u0101lu tr\u012bskomponentu formulu, kas apvieno tr\u012bs g\u0113lu \u012bpa\u0161\u012bbas vien\u0101 produkt\u0101. Darbojoties k\u0101 b\u0101ze, b\u016bvg\u0113ls un tops, <em>Trinity<\/em> vienk\u0101r\u0161o uzkl\u0101\u0161anas procesu, nezaud\u0113jot iztur\u012bbu vai est\u0113tiku.<\/p>\n<p>Pateicoties pl\u0101najai viskozit\u0101tei, <em>Trinity<\/em> nodro\u0161ina vieglu pa\u0161izl\u012bdzin\u0101\u0161anos un kontroli, padarot to ide\u0101li piem\u0113rotu \u012bsiem skulptur\u0101liem nagiem, stiprino\u0161iem p\u0101rkl\u0101jumiem vai vienk\u0101r\u0161ai korekcijai. Rad\u012bts profesion\u0101\u013ciem, kuri nov\u0113rt\u0113 efektivit\u0101ti un nevainojamu rezult\u0101tu, <em>Trinity<\/em> sniedz ilgnotur\u012bgu iztur\u012bbu ar perfektu, sp\u012bd\u012bgu fini\u0161u \u2014 viss vien\u0101 burci\u0146\u0101.<\/p>\n<p><strong>Pl\u0101nas viskozit\u0101tes b\u016bvg\u0113ls<\/strong><\/p>\n<p>Iztur\u012bba: 5\/5<\/p>\n<p>Segums: 0\/5<\/p>\n<p>Viskozit\u0101te: 1\/5<\/p>\n<p><strong>PRODUKTA PRIEK\u0160ROC\u012aBAS<\/strong><\/p>\n<ul>\n<li>3-in-1 funkcionalit\u0101te: b\u0101ze, b\u016bvg\u0113ls un fini\u0161a p\u0101rkl\u0101jums<\/li>\n<li>Pl\u0101na viskozit\u0101te prec\u012bzai uzkl\u0101\u0161anai<\/li>\n<li>Augsta iztur\u012bba un notur\u012bba<\/li>\n<li>Spilgts, ilgnotur\u012bgs sp\u012bdums<\/li>\n<li>Skaists p\u0101rkl\u0101juma tonis<\/li>\n<\/ul>\n<p><strong>FORMULAS INFORM\u0100CIJA<\/strong><\/p>\n<ul>\n<li>100% t\u012brs g\u0113ls<\/li>\n<li>Bez TPO \/ 10-Free \/ Cruelty-Free \/ Veg\u0101ns<\/li>\n<li>Cietais g\u0113ls (nav paredz\u0113ts no\u0146em\u0161anai ar \u0161\u0137\u012bdin\u0101t\u0101jiem)<\/li>\n<li>Nekait\u0113 un neiz\u017e\u0101v\u0113 klienta nagus<\/li>\n<li>Ra\u017eots Kan\u0101d\u0101, izmantojot tikai augst\u0101k\u0101s kvalit\u0101tes Eiropas un Zieme\u013camerikas izejvielas<\/li>\n<li>Tikai profesion\u0101lai lieto\u0161anai<\/li>\n<\/ul>\n<p><strong>DIAMOND STRENGTH TECHNOLOGY\u2122<\/strong><\/p>\n<p>Ekskluz\u012bv\u0101 <em>Akzentz<\/em> Diamond Strength Technology (D.S.T.) pied\u0101v\u0101 nozares l\u012bme\u0146a molekul\u0101ro savienojumu veido\u0161anu, kas nodro\u0161ina visstipr\u0101k\u0101s un iztur\u012bg\u0101k\u0101s saites \u2014 rezult\u0101t\u0101 tiek ieg\u016bta dimantam l\u012bdz\u012bga stingr\u012bba, kas p\u0101rsp\u0113j citus b\u016bvg\u0113lus.<\/p>\n","protected":false},"featured_media":14471,"comment_status":"open","ping_status":"closed","template":"","meta":{"site-sidebar-layout":"default","site-content-layout":"","ast-site-content-layout":"default","site-content-style":"default","site-sidebar-style":"default","ast-global-header-display":"","ast-banner-title-visibility":"","ast-main-header-display":"","ast-hfb-above-header-display":"","ast-hfb-below-header-display":"","ast-hfb-mobile-header-display":"","site-post-title":"","ast-breadcrumbs-content":"","ast-featured-img":"","footer-sml-layout":"","theme-transparent-header-meta":"default","adv-header-id-meta":"","stick-header-meta":"","header-above-stick-meta":"","header-main-stick-meta":"","header-below-stick-meta":"","astra-migrate-meta-layouts":"default","ast-page-background-enabled":"default","ast-page-background-meta":{"desktop":{"background-color":"","background-image":"","background-repeat":"repeat","background-position":"center center","background-size":"auto","background-attachment":"scroll","background-type":"","background-media":"","overlay-type":"","overlay-color":"","overlay-opacity":"","overlay-gradient":""},"tablet":{"background-color":"","background-image":"","background-repeat":"repeat","background-position":"center center","background-size":"auto","background-attachment":"scroll","background-type":"","background-media":"","overlay-type":"","overlay-color":"","overlay-opacity":"","overlay-gradient":""},"mobile":{"background-color":"","background-image":"","background-repeat":"repeat","background-position":"center center","background-size":"auto","background-attachment":"scroll","background-type":"","background-media":"","overlay-type":"","overlay-color":"","overlay-opacity":"","overlay-gradient":""}},"ast-content-background-meta":{"desktop":{"background-color":"var(--ast-global-color-5)","background-image":"","background-repeat":"repeat","background-position":"center center","background-size":"auto","background-attachment":"scroll","background-type":"","background-media":"","overlay-type":"","overlay-color":"","overlay-opacity":"","overlay-gradient":""},"tablet":{"background-color":"var(--ast-global-color-5)","background-image":"","background-repeat":"repeat","background-position":"center center","background-size":"auto","background-attachment":"scroll","background-type":"","background-media":"","overlay-type":"","overlay-color":"","overlay-opacity":"","overlay-gradient":""},"mobile":{"background-color":"var(--ast-global-color-5)","background-image":"","background-repeat":"repeat","background-position":"center center","background-size":"auto","background-attachment":"scroll","background-type":"","background-media":"","overlay-type":"","overlay-color":"","overlay-opacity":"","overlay-gradient":""}}},"product_brand":[3606],"product_cat":[64,1476,1587],"product_tag":[1588],"class_list":{"0":"post-14480","1":"product","2":"type-product","3":"status-publish","4":"has-post-thumbnail","6":"product_brand-pro-formance","7":"product_cat-akzentz-lv","8":"product_cat-base-lv","9":"product_cat-pro-formance-lv","10":"product_tag-trinity-lv","11":"desktop-align-left","12":"tablet-align-left","13":"mobile-align-left","15":"first","16":"instock","17":"taxable","18":"shipping-taxable","19":"purchasable","20":"product-type-variable"},"jetpack_sharing_enabled":true,"_links":{"self":[{"href":"https:\/\/tihani.eu\/lv\/wp-json\/wp\/v2\/product\/14480","targetHints":{"allow":["GET"]}}],"collection":[{"href":"https:\/\/tihani.eu\/lv\/wp-json\/wp\/v2\/product"}],"about":[{"href":"https:\/\/tihani.eu\/lv\/wp-json\/wp\/v2\/types\/product"}],"replies":[{"embeddable":true,"href":"https:\/\/tihani.eu\/lv\/wp-json\/wp\/v2\/comments?post=14480"}],"wp:featuredmedia":[{"embeddable":true,"href":"https:\/\/tihani.eu\/lv\/wp-json\/wp\/v2\/media\/14471"}],"wp:attachment":[{"href":"https:\/\/tihani.eu\/lv\/wp-json\/wp\/v2\/media?parent=14480"}],"wp:term":[{"taxonomy":"product_brand","embeddable":true,"href":"https:\/\/tihani.eu\/lv\/wp-json\/wp\/v2\/product_brand?post=14480"},{"taxonomy":"product_cat","embeddable":true,"href":"https:\/\/tihani.eu\/lv\/wp-json\/wp\/v2\/product_cat?post=14480"},{"taxonomy":"product_tag","embeddable":true,"href":"https:\/\/tihani.eu\/lv\/wp-json\/wp\/v2\/product_tag?post=14480"}],"curies":[{"name":"wp","href":"https:\/\/api.w.org\/{rel}","templated":true}]}}