{"id":14444,"date":"2025-10-18T18:14:23","date_gmt":"2025-10-18T16:14:23","guid":{"rendered":"https:\/\/tihani.eu\/product\/trinity-shades-sn2\/"},"modified":"2026-02-17T01:24:02","modified_gmt":"2026-02-16T23:24:02","slug":"trinity-shades-sn2","status":"publish","type":"product","link":"https:\/\/tihani.eu\/lv\/produkts\/trinity-shades-sn2\/","title":{"rendered":"TRINITY SHADES SN2"},"content":{"rendered":"<p><strong>SAST\u0100VS:<\/strong> BIS-HEMA PPG-7\/SMDI COPOLYMER, HEMA, BIS-HEMA POLY (1,4-BUTANEDIOL)-22\/IPDI COPOLYMER, PPG-3 GLYCERYL ETHER TRIACRYLATE, ETHYL TRIMETHYLBENZOYL PHENYLPHOSPHINATE, HEMA MALEATE, MALEIC ACID, P-HYDROXYANISOLE, PENTAERYTHRITYL TETRAMERCAPTOPROPIONATE, SILICA, [+\/-: C|77491, C|77492, C|77499, C|77891]<\/p>\n<p><strong>SVAR\u012aGA PIEZ\u012aME<\/strong><\/p>\n<p>Pirms lieto\u0161anas samais\u012bt.<\/p>\n<p>Kr\u0101su att\u0113lojums notiek digit\u0101l\u0101 vid\u0113, un to\u0146u vizualiz\u0101cija var at\u0161\u0137irties atkar\u012bb\u0101 no ier\u012bces ekr\u0101na iestat\u012bjumiem. Faktiskais kr\u0101sas tonis re\u0101laj\u0101 vid\u0113 var nedaudz at\u0161\u0137irties.<\/p>\n<p><strong>K\u0100 LIETOT?<\/strong><\/p>\n<ol>\n<li>P\u0113c nagu sagatavo\u0161anas uzkl\u0101jiet formas (ja nepiecie\u0161ams) un izv\u0113l\u0113to b\u0101zes g\u0113lu (<em>Adhere<\/em> ir ieteicams vairumam klientu). Polimeriz\u0113t 30 sekundes.<\/li>\n<li>Uzkl\u0101jiet sl\u012bdo\u0161o k\u0101rtu, lai atvieglotu uzkl\u0101\u0161anu, tad pievienojiet liel\u0101ku g\u0113la daudzumu, lai veidotu pagarin\u0101jumu vai p\u0101rkl\u0101jumu. \u013baujiet g\u0113lam izl\u012bdzin\u0101ties un polimeriz\u0113jiet.<\/li>\n<li>Veidojiet un apv\u012bl\u0113jiet nagus p\u0113c v\u0113l\u0113\u0161an\u0101s, tad uzkl\u0101jiet fini\u0161a p\u0101rkl\u0101jumu <em>Ultra Gloss<\/em> vai <em>Shine-On<\/em> nevainojamam rezult\u0101tam.<\/li>\n<\/ol>\n<p><strong>Tikai profesion\u0101lai lieto\u0161anai.<\/strong><\/p>\n","protected":false},"excerpt":{"rendered":"<p><strong>PRO-FORMANCE TRINITY 3-IN-1 G\u0112LS<\/strong><\/p>\n<p>T\u0101 pati formula k\u0101 m\u016bsu popul\u0101r\u0101kajam b\u016bvg\u0113lam <em>Trinity\u2122<\/em>, ta\u010du pieejama da\u017e\u0101dos dab\u012bgi izskat\u012bgos p\u0101rkl\u0101juma to\u0146os. <em>Trinity<\/em> piln\u012bb\u0101 attaisno savu nosaukumu ar unik\u0101lu tr\u012bskomponentu formulu, kas apvieno tr\u012bs g\u0113lu \u012bpa\u0161\u012bbas vien\u0101 produkt\u0101. Darbojas k\u0101 b\u0101ze, b\u016bvg\u0113ls un tops \u2014 <em>Trinity<\/em> vienk\u0101r\u0161o uzkl\u0101\u0161anas procesu, nezaud\u0113jot iztur\u012bbu vai est\u0113tiku.<\/p>\n<p><strong>SN2 (Shades Neutral N\u00ba2)<\/strong> ir gai\u0161i b\u0113\u0161s p\u0101rkl\u0101juma g\u0113ls ar neitr\u0101lu nokr\u0101su.<\/p>\n<p><strong>Pl\u0101nas viskozit\u0101tes b\u016bvg\u0113ls<\/strong><\/p>\n<p>Iztur\u012bba: 5\/5<\/p>\n<p>Segums: 4\/5<\/p>\n<p>Viskozit\u0101te: 1\/5<\/p>\n<p><strong>PRODUKTA PRIEK\u0160ROC\u012aBAS<\/strong><\/p>\n<ul>\n<li>3-in-1 funkcionalit\u0101te: b\u0101ze, b\u016bvg\u0113ls un fini\u0161a p\u0101rkl\u0101jums<\/li>\n<li>Pl\u0101na viskozit\u0101te prec\u012bzai uzkl\u0101\u0161anai<\/li>\n<li>Augsta iztur\u012bba un notur\u012bba<\/li>\n<li>Spilgts, ilgnotur\u012bgs sp\u012bdums<\/li>\n<li>Skaists p\u0101rkl\u0101juma tonis<\/li>\n<\/ul>\n<p><strong>FORMULAS INFORM\u0100CIJA<\/strong><\/p>\n<ul>\n<li>100% t\u012brs g\u0113ls<\/li>\n<li>Bez TPO \/ 10-Free \/ Cruelty-Free \/ Veg\u0101ns<\/li>\n<li>Cietais g\u0113ls (nav paredz\u0113ts no\u0146em\u0161anai ar \u0161\u0137\u012bdin\u0101t\u0101jiem)<\/li>\n<li>Nekait\u0113 un neiz\u017e\u0101v\u0113 klienta nagus<\/li>\n<li>Ra\u017eots Kan\u0101d\u0101, izmantojot tikai augst\u0101k\u0101s kvalit\u0101tes Eiropas un Zieme\u013camerikas izejvielas<\/li>\n<li>Tikai profesion\u0101lai lieto\u0161anai<\/li>\n<\/ul>\n<p><strong>DIAMOND STRENGTH TECHNOLOGY\u2122<\/strong><\/p>\n<p>Ekskluz\u012bv\u0101 <em>Akzentz<\/em> Diamond Strength Technology (D.S.T.) pied\u0101v\u0101 nozares l\u012bme\u0146a molekul\u0101ro savienojumu veido\u0161anu, kas nodro\u0161ina visstipr\u0101k\u0101s un iztur\u012bg\u0101k\u0101s saites \u2014 rezult\u0101t\u0101 tiek ieg\u016bta dimantam l\u012bdz\u012bga stingr\u012bba, kas p\u0101rsp\u0113j citus b\u016bvg\u0113lus.<\/p>\n","protected":false},"featured_media":14433,"comment_status":"open","ping_status":"closed","template":"","meta":{"site-sidebar-layout":"default","site-content-layout":"","ast-site-content-layout":"default","site-content-style":"default","site-sidebar-style":"default","ast-global-header-display":"","ast-banner-title-visibility":"","ast-main-header-display":"","ast-hfb-above-header-display":"","ast-hfb-below-header-display":"","ast-hfb-mobile-header-display":"","site-post-title":"","ast-breadcrumbs-content":"","ast-featured-img":"","footer-sml-layout":"","theme-transparent-header-meta":"default","adv-header-id-meta":"","stick-header-meta":"","header-above-stick-meta":"","header-main-stick-meta":"","header-below-stick-meta":"","astra-migrate-meta-layouts":"default","ast-page-background-enabled":"default","ast-page-background-meta":{"desktop":{"background-color":"","background-image":"","background-repeat":"repeat","background-position":"center center","background-size":"auto","background-attachment":"scroll","background-type":"","background-media":"","overlay-type":"","overlay-color":"","overlay-opacity":"","overlay-gradient":""},"tablet":{"background-color":"","background-image":"","background-repeat":"repeat","background-position":"center center","background-size":"auto","background-attachment":"scroll","background-type":"","background-media":"","overlay-type":"","overlay-color":"","overlay-opacity":"","overlay-gradient":""},"mobile":{"background-color":"","background-image":"","background-repeat":"repeat","background-position":"center center","background-size":"auto","background-attachment":"scroll","background-type":"","background-media":"","overlay-type":"","overlay-color":"","overlay-opacity":"","overlay-gradient":""}},"ast-content-background-meta":{"desktop":{"background-color":"var(--ast-global-color-5)","background-image":"","background-repeat":"repeat","background-position":"center center","background-size":"auto","background-attachment":"scroll","background-type":"","background-media":"","overlay-type":"","overlay-color":"","overlay-opacity":"","overlay-gradient":""},"tablet":{"background-color":"var(--ast-global-color-5)","background-image":"","background-repeat":"repeat","background-position":"center center","background-size":"auto","background-attachment":"scroll","background-type":"","background-media":"","overlay-type":"","overlay-color":"","overlay-opacity":"","overlay-gradient":""},"mobile":{"background-color":"var(--ast-global-color-5)","background-image":"","background-repeat":"repeat","background-position":"center center","background-size":"auto","background-attachment":"scroll","background-type":"","background-media":"","overlay-type":"","overlay-color":"","overlay-opacity":"","overlay-gradient":""}}},"product_brand":[3606],"product_cat":[64,1587],"product_tag":[3582],"class_list":{"0":"post-14444","1":"product","2":"type-product","3":"status-publish","4":"has-post-thumbnail","6":"product_brand-pro-formance","7":"product_cat-akzentz-lv","8":"product_cat-pro-formance-lv","9":"product_tag-trinity_shades-lv","10":"desktop-align-left","11":"tablet-align-left","12":"mobile-align-left","14":"first","15":"instock","16":"taxable","17":"shipping-taxable","18":"purchasable","19":"product-type-variable"},"jetpack_sharing_enabled":true,"_links":{"self":[{"href":"https:\/\/tihani.eu\/lv\/wp-json\/wp\/v2\/product\/14444","targetHints":{"allow":["GET"]}}],"collection":[{"href":"https:\/\/tihani.eu\/lv\/wp-json\/wp\/v2\/product"}],"about":[{"href":"https:\/\/tihani.eu\/lv\/wp-json\/wp\/v2\/types\/product"}],"replies":[{"embeddable":true,"href":"https:\/\/tihani.eu\/lv\/wp-json\/wp\/v2\/comments?post=14444"}],"wp:featuredmedia":[{"embeddable":true,"href":"https:\/\/tihani.eu\/lv\/wp-json\/wp\/v2\/media\/14433"}],"wp:attachment":[{"href":"https:\/\/tihani.eu\/lv\/wp-json\/wp\/v2\/media?parent=14444"}],"wp:term":[{"taxonomy":"product_brand","embeddable":true,"href":"https:\/\/tihani.eu\/lv\/wp-json\/wp\/v2\/product_brand?post=14444"},{"taxonomy":"product_cat","embeddable":true,"href":"https:\/\/tihani.eu\/lv\/wp-json\/wp\/v2\/product_cat?post=14444"},{"taxonomy":"product_tag","embeddable":true,"href":"https:\/\/tihani.eu\/lv\/wp-json\/wp\/v2\/product_tag?post=14444"}],"curies":[{"name":"wp","href":"https:\/\/api.w.org\/{rel}","templated":true}]}}