{"id":14349,"date":"2025-10-16T21:57:30","date_gmt":"2025-10-16T19:57:30","guid":{"rendered":"https:\/\/tihani.eu\/product\/straderm-kerafix-14ml\/"},"modified":"2025-10-16T21:57:30","modified_gmt":"2025-10-16T19:57:30","slug":"straderm-kerafix-14ml","status":"publish","type":"product","link":"https:\/\/tihani.eu\/lv\/produkts\/straderm-kerafix-14ml\/","title":{"rendered":"STRADERM KERAFIX 14ml"},"content":{"rendered":"<p><strong>SAST\u0100VS:<\/strong>\u00a0ALCOHOL DENAT., AQUA, POLYACRYLATE CROSSPOLYMER 6, GLYCOLYC ACID, PARFUM, GLUCONOLACTONE, PHAEODACTYLUM TRICORNUTUM EXTRACT, PENTYLENE GLYCOL, BIOTIN.<\/p>\n<p><strong>IETEICAM\u0100 LIETO\u0160ANA<\/strong><\/p>\n<p>Lietot katru dienu vismaz 1\u20132 ned\u0113\u013cas (vai ilg\u0101k, atkar\u012bb\u0101 no s\u0101kotn\u0113j\u0101 nagu st\u0101vok\u013ca). Uzkl\u0101jiet pirmo k\u0101rtu un \u013caujiet tai ies\u016bkties 30 sekundes. Uzkl\u0101jiet otro k\u0101rtu un pagaidiet, l\u012bdz t\u0101 piln\u012bb\u0101 ies\u016bcas.<\/p>\n<p><strong>UZMAN\u012aBU<\/strong><\/p>\n<p>Tikai \u0101r\u012bgai lieto\u0161anai. Sarg\u0101t no b\u0113rniem.<\/p>\n","protected":false},"excerpt":{"rendered":"<p><strong>INTENS\u012aVS NAGU ATJAUNO\u0160ANAS KONCENTR\u0100TS<\/strong><\/p>\n<p>Intens\u012bvs koncentr\u0101ts, kas uzlabo nagu pl\u0101tn\u012btes kvalit\u0101ti, veicina t\u0101s atjauno\u0161anos un stimul\u0113 vesel\u012bgu aug\u0161anu. Ide\u0101li piem\u0113rots pauzei starp manik\u012briem. J\u016bras sil\u012bcijs, biot\u012bns un organiskie aug\u013cu akt\u012bvie komponenti darbojas siner\u0123iski, lai efekt\u012bvi atjaunotu, barotu, stiprin\u0101tu un veicin\u0101tu vesel\u012bgu nagu aug\u0161anu. Viegl\u0101 <em>KeraFix<\/em> tekst\u016bra nodro\u0161ina \u0101tru akt\u012bvo vielu uzs\u016bk\u0161anos un t\u016bl\u012bt\u0113ju no\u017e\u016b\u0161anu bez sp\u012bd\u012bga p\u0101rkl\u0101juma, padarot kop\u0161anu neman\u0101mu un komfortablu.<\/p>\n<p><strong>AKT\u012aV\u0100S SAST\u0100VDA\u013bAS<\/strong><\/p>\n<p><strong>J\u016bras sil\u012bcijs:<\/strong> \u013boti biopieejama sil\u012bcija forma, kas veicina kerat\u012bna sint\u0113zi, stiprina nagu pl\u0101tn\u012bti, palielina t\u0101s bl\u012bvumu un iztur\u012bbu, nov\u0113r\u0161ot trauslumu un \u0161\u0137el\u0161anos. J\u016bras komponenti pal\u012bdz uztur\u0113t nagu mitruma l\u012bdzsvaru.<\/p>\n<p><strong>Biot\u012bns:<\/strong> \u016aden\u012b \u0161\u0137\u012bsto\u0161a formula, kas viegli iek\u013c\u016bst nagu strukt\u016br\u0101, veicina kerat\u012bna veido\u0161anos un pal\u012bdz atjaunot un uzlabot nagu pl\u0101tn\u012btes tekst\u016bru. Darbojoties \u0161\u016bnu l\u012bmen\u012b no iek\u0161puses, tas stiprina naga matriksu un stimul\u0113 vesel\u012bgu nagu aug\u0161anu.<\/p>\n<p><strong>AHA un PHA sk\u0101bes:<\/strong> Divu da\u017e\u0101du molekulu komplekss darbojas k\u0101 maigs eksfoliants uz nagu virsmas, stimul\u0113jot jaunu, vesel\u012bgu \u0161\u016bnu veido\u0161anos nagu pamatn\u0113, k\u0101 ar\u012b k\u0101 mitrin\u0101t\u0101js, kas iek\u013c\u016bst dzi\u013c\u0101kajos sl\u0101\u0146os, piesaistot un noturot mitrumu. Tas padara nagu virsmu barotu, gludu, elast\u012bgu un vesel\u012bgu. Komplekss ir piem\u0113rots jebkurai nagu pl\u0101tn\u012btei, pat \u013coti jut\u012bgai.<\/p>\n","protected":false},"featured_media":14334,"comment_status":"open","ping_status":"closed","template":"","meta":{"site-sidebar-layout":"default","site-content-layout":"","ast-site-content-layout":"default","site-content-style":"default","site-sidebar-style":"default","ast-global-header-display":"","ast-banner-title-visibility":"","ast-main-header-display":"","ast-hfb-above-header-display":"","ast-hfb-below-header-display":"","ast-hfb-mobile-header-display":"","site-post-title":"","ast-breadcrumbs-content":"","ast-featured-img":"","footer-sml-layout":"","theme-transparent-header-meta":"default","adv-header-id-meta":"","stick-header-meta":"","header-above-stick-meta":"","header-main-stick-meta":"","header-below-stick-meta":"","astra-migrate-meta-layouts":"default","ast-page-background-enabled":"default","ast-page-background-meta":{"desktop":{"background-color":"","background-image":"","background-repeat":"repeat","background-position":"center center","background-size":"auto","background-attachment":"scroll","background-type":"","background-media":"","overlay-type":"","overlay-color":"","overlay-opacity":"","overlay-gradient":""},"tablet":{"background-color":"","background-image":"","background-repeat":"repeat","background-position":"center center","background-size":"auto","background-attachment":"scroll","background-type":"","background-media":"","overlay-type":"","overlay-color":"","overlay-opacity":"","overlay-gradient":""},"mobile":{"background-color":"","background-image":"","background-repeat":"repeat","background-position":"center center","background-size":"auto","background-attachment":"scroll","background-type":"","background-media":"","overlay-type":"","overlay-color":"","overlay-opacity":"","overlay-gradient":""}},"ast-content-background-meta":{"desktop":{"background-color":"var(--ast-global-color-5)","background-image":"","background-repeat":"repeat","background-position":"center center","background-size":"auto","background-attachment":"scroll","background-type":"","background-media":"","overlay-type":"","overlay-color":"","overlay-opacity":"","overlay-gradient":""},"tablet":{"background-color":"var(--ast-global-color-5)","background-image":"","background-repeat":"repeat","background-position":"center center","background-size":"auto","background-attachment":"scroll","background-type":"","background-media":"","overlay-type":"","overlay-color":"","overlay-opacity":"","overlay-gradient":""},"mobile":{"background-color":"var(--ast-global-color-5)","background-image":"","background-repeat":"repeat","background-position":"center center","background-size":"auto","background-attachment":"scroll","background-type":"","background-media":"","overlay-type":"","overlay-color":"","overlay-opacity":"","overlay-gradient":""}}},"product_brand":[3576],"product_cat":[2446,2039],"product_tag":[3578,2040],"class_list":{"0":"post-14349","1":"product","2":"type-product","3":"status-publish","4":"has-post-thumbnail","6":"product_brand-straderm","7":"product_cat-newin-lv","8":"product_cat-straderm-lv","9":"product_tag-kerafix-lv","10":"product_tag-straderm-lv","11":"desktop-align-left","12":"tablet-align-left","13":"mobile-align-left","15":"first","16":"instock","17":"taxable","18":"shipping-taxable","19":"purchasable","20":"product-type-simple"},"jetpack_sharing_enabled":true,"_links":{"self":[{"href":"https:\/\/tihani.eu\/lv\/wp-json\/wp\/v2\/product\/14349","targetHints":{"allow":["GET"]}}],"collection":[{"href":"https:\/\/tihani.eu\/lv\/wp-json\/wp\/v2\/product"}],"about":[{"href":"https:\/\/tihani.eu\/lv\/wp-json\/wp\/v2\/types\/product"}],"replies":[{"embeddable":true,"href":"https:\/\/tihani.eu\/lv\/wp-json\/wp\/v2\/comments?post=14349"}],"wp:featuredmedia":[{"embeddable":true,"href":"https:\/\/tihani.eu\/lv\/wp-json\/wp\/v2\/media\/14334"}],"wp:attachment":[{"href":"https:\/\/tihani.eu\/lv\/wp-json\/wp\/v2\/media?parent=14349"}],"wp:term":[{"taxonomy":"product_brand","embeddable":true,"href":"https:\/\/tihani.eu\/lv\/wp-json\/wp\/v2\/product_brand?post=14349"},{"taxonomy":"product_cat","embeddable":true,"href":"https:\/\/tihani.eu\/lv\/wp-json\/wp\/v2\/product_cat?post=14349"},{"taxonomy":"product_tag","embeddable":true,"href":"https:\/\/tihani.eu\/lv\/wp-json\/wp\/v2\/product_tag?post=14349"}],"curies":[{"name":"wp","href":"https:\/\/api.w.org\/{rel}","templated":true}]}}