{"id":14057,"date":"2025-09-29T22:13:01","date_gmt":"2025-09-29T20:13:01","guid":{"rendered":"https:\/\/tihani.eu\/product\/luxio-build-devote-15ml\/"},"modified":"2026-04-06T09:33:06","modified_gmt":"2026-04-06T07:33:06","slug":"luxio-build-devote-15ml","status":"publish","type":"product","link":"https:\/\/tihani.eu\/lv\/produkts\/luxio-build-devote-15ml\/","title":{"rendered":"LUXIO BUILD DEVOTE 15ml"},"content":{"rendered":"<p><strong>Sast\u0101vs:<\/strong> DI-HEMA TRIMETHYLHEXYL DICARBAMATE, HEMA, HYDROXYPROPYL METHACRYLATE, ETHYL TRIMETHYLBENZOYL PHENYLPHOSPHINATE; P-HYDROXYANISOLE, SILICA, SILICA SILYLATE [+\/-: C|77891, C|77491, C|77499, C|77492]<\/p>\n<p><strong>SVAR\u012aGA PIEZ\u012aME <\/strong><\/p>\n<p>Pirms lieto\u0161anas samais\u012bt!<\/p>\n<p>Kr\u0101su att\u0113lojums notiek digit\u0101l\u0101 vid\u0113, un to\u0146u vizualiz\u0101cija var at\u0161\u0137irties atkar\u012bb\u0101 no ier\u012bces ekr\u0101na iestat\u012bjumiem. Faktiskais kr\u0101sas tonis re\u0101laj\u0101 vid\u0113 var nedaudz at\u0161\u0137irties.<\/p>\n<p><strong>K\u0100 LIETOT?<\/strong><\/p>\n<p><strong>1. solis: Nagu sagatavo\u0161ana<\/strong><\/p>\n<p>S\u0101ciet ar r\u016bp\u012bgu dab\u012bgo nagu sagatavo\u0161anu: not\u012briet ar <strong>Akz\u00e9ntz Prep &amp; Wipe<\/strong>, atb\u012bdiet vai no\u0146emiet kutikulas un viegli nopul\u0113jiet nagu virsmu, no\u0146emot sp\u012bdumu. Ieteicams izmantot 180 graudain\u012bbas v\u012bli.<\/p>\n<p><strong>2. solis: B\u0101zes uzkl\u0101\u0161ana<\/strong><\/p>\n<p>Uzkl\u0101jiet pl\u0101nu, vienm\u0113r\u012bgu <strong>Luxio\u00ae Base<\/strong> k\u0101rtu nagu centr\u0101, uzman\u012bgi virzot otu l\u012bdz kutikulai, to neaizskarot. Ar vieglu roku izl\u012bdziniet b\u0101zi virzien\u0101 uz br\u012bvo malu, nodro\u0161inot piln\u012bgu nagu pl\u0101tnes p\u0101rkl\u0101jumu. Polimeriz\u0113jiet 30 sekundes.<\/p>\n<p><strong>3. solis: Model\u0113\u0161anas g\u0113la uzkl\u0101\u0161ana<\/strong><\/p>\n<p>Izv\u0113lieties v\u0113lamo <strong>Luxio\u00ae Build<\/strong> toni. Uzkl\u0101jiet pl\u0101nu k\u0101rtu pa visu nagu pl\u0101tni \u2014 nepolimeriz\u0113jiet. P\u0113c tam uzkl\u0101jiet <strong>Luxio\u00ae Build<\/strong> lod\u012bti nagu centr\u0101, lai izveidotu stipru arku, \u013caujot produktam pa\u0161izl\u012bdzin\u0101ties vienm\u0113r\u012bgai virsmai. Izmantojiet <strong>Luxio\u00ae oti\u0146u<\/strong> (vai l\u012bniju oti\u0146u), lai veiktu korekcijas pirms polimeriz\u0113\u0161anas 30 sekundes <strong>Akzentz LED<\/strong> lamp\u0101.<\/p>\n<p><strong>4. solis: Forma un v\u012bl\u0113\u0161ana (p\u0113c izv\u0113les)<\/strong><\/p>\n<p>P\u0113c polimeriz\u0113\u0161anas noslaukiet nagu virsmu ar salveti <strong>Gel Wipe<\/strong>, samitrin\u0101tu ar <strong>Prep &amp; Wipe<\/strong> \u0161\u0137\u012bdumu. Pie\u0161\u0137iriet nagiem v\u0113lamo formu, izmantojot <strong>Akzentz<\/strong> v\u012bli vai pul\u0113t\u0101ju. P\u0113c formas izveides v\u0113lreiz noslaukiet ar <strong>Prep &amp; Wipe<\/strong>, lai no\u0146emtu putek\u013cus.<\/p>\n<p><strong>5. solis: Pabeig\u0161ana<\/strong><\/p>\n<p>Nosl\u0113dziet proced\u016bru, uzkl\u0101jot <strong>Luxio\u00ae Gloss<\/strong> ilgnotur\u012bgam sp\u012bd\u012bgam efektam. Polimeriz\u0113jiet 30 sekundes, p\u0113c tam no\u0146emiet lip\u012bgo sl\u0101ni ar <strong>Akz\u00e9ntz Prep &amp; Wipe<\/strong>. Ja v\u0113laties virsk\u0101rtu bez lip\u012bguma, izmantojiet <strong>Diamond Shine-On\u2122<\/strong>. Mat\u0113tu efektu var pan\u0101kt ar <strong>Akz\u00e9ntz Matte-On<\/strong>.<\/p>\n<p><strong>Tikai profesion\u0101lai lieto\u0161anai.<\/strong> <strong>15ml \/ 0.5oz<\/strong><\/p>\n","protected":false},"excerpt":{"rendered":"<p><strong>SOAK-OFF TON\u0112TS MODEL\u0112\u0160ANAS G\u0112LS<\/strong><\/p>\n<p>\u013boti gai\u0161s, v\u0113ss roz\u0101 tonis.<\/p>\n<p>Vid\u0113ji pl\u0101nas viskozit\u0101tes g\u0113ls pudel\u012bt\u0113 ar iesp\u0113ju no\u0146emt ar m\u0113rc\u0113\u0161anu<\/p>\n<p><strong>Iztur\u012bba:<\/strong> 5 \/ 5<\/p>\n<p><strong>Segums:<\/strong> 3 \/ 5<\/p>\n<p><strong>Viskozit\u0101te:<\/strong> 3 \/ 5<\/p>\n<p><strong>PAR PRODUKTU<\/strong><\/p>\n<p>P\u0101rveido v\u0101jus, elast\u012bgus vai trauslus nagus par iztur\u012bgiem, cietiem un notur\u012bgiem g\u0113la nagiem ar <strong>Luxio\u00ae Build<\/strong>. \u0160is ilgnotur\u012bgais p\u0101rkl\u0101jums nodro\u0161ina stipru un cietu pamatu <strong>Luxio\u00ae<\/strong> kr\u0101su uzkl\u0101\u0161anai vai to var izmantot atsevi\u0161\u0137i k\u0101 stiprino\u0161u sl\u0101ni.<\/p>\n<p><strong>PRODUKTA PRIEK\u0160ROC\u012aBAS<\/strong><\/p>\n<ul>\n<li>100% t\u012brs g\u0113ls<\/li>\n<li>Bez TPO, \u0161\u0137\u012bdin\u0101t\u0101jiem un smar\u017eas<\/li>\n<li>10-Free formula<\/li>\n<li>Pa\u0161izl\u012bdzino\u0161s model\u0113\u0161anas g\u0113ls<\/li>\n<li>Viegla uzkl\u0101\u0161ana<\/li>\n<li>Ide\u0101li piem\u0113rots struktur\u0113tu manik\u012bru ievie\u0161anai Luxio pakalpojum\u0101<\/li>\n<li>P\u0101rkl\u0101jums ar dabisku izskatu<\/li>\n<li>\u012apa\u0161i iztur\u012bgs un ilgnotur\u012bgs rezult\u0101ts<\/li>\n<li>Neatl\u016bst, nelob\u0101s un nesaplais\u0101<\/li>\n<li>Viegli no\u0146emams ar <strong>Akz\u00e9ntz Soak-Off Solution<\/strong><\/li>\n<li>Ra\u017eots Kan\u0101d\u0101 (izmantojot Eiropas un Zieme\u013camerikas sast\u0101vda\u013cas)<\/li>\n<\/ul>\n","protected":false},"featured_media":13105,"comment_status":"open","ping_status":"closed","template":"","meta":{"site-sidebar-layout":"default","site-content-layout":"","ast-site-content-layout":"default","site-content-style":"default","site-sidebar-style":"default","ast-global-header-display":"","ast-banner-title-visibility":"","ast-main-header-display":"","ast-hfb-above-header-display":"","ast-hfb-below-header-display":"","ast-hfb-mobile-header-display":"","site-post-title":"","ast-breadcrumbs-content":"","ast-featured-img":"","footer-sml-layout":"","theme-transparent-header-meta":"default","adv-header-id-meta":"","stick-header-meta":"","header-above-stick-meta":"","header-main-stick-meta":"","header-below-stick-meta":"","astra-migrate-meta-layouts":"default","ast-page-background-enabled":"default","ast-page-background-meta":{"desktop":{"background-color":"","background-image":"","background-repeat":"repeat","background-position":"center center","background-size":"auto","background-attachment":"scroll","background-type":"","background-media":"","overlay-type":"","overlay-color":"","overlay-opacity":"","overlay-gradient":""},"tablet":{"background-color":"","background-image":"","background-repeat":"repeat","background-position":"center center","background-size":"auto","background-attachment":"scroll","background-type":"","background-media":"","overlay-type":"","overlay-color":"","overlay-opacity":"","overlay-gradient":""},"mobile":{"background-color":"","background-image":"","background-repeat":"repeat","background-position":"center center","background-size":"auto","background-attachment":"scroll","background-type":"","background-media":"","overlay-type":"","overlay-color":"","overlay-opacity":"","overlay-gradient":""}},"ast-content-background-meta":{"desktop":{"background-color":"var(--ast-global-color-5)","background-image":"","background-repeat":"repeat","background-position":"center center","background-size":"auto","background-attachment":"scroll","background-type":"","background-media":"","overlay-type":"","overlay-color":"","overlay-opacity":"","overlay-gradient":""},"tablet":{"background-color":"var(--ast-global-color-5)","background-image":"","background-repeat":"repeat","background-position":"center center","background-size":"auto","background-attachment":"scroll","background-type":"","background-media":"","overlay-type":"","overlay-color":"","overlay-opacity":"","overlay-gradient":""},"mobile":{"background-color":"var(--ast-global-color-5)","background-image":"","background-repeat":"repeat","background-position":"center center","background-size":"auto","background-attachment":"scroll","background-type":"","background-media":"","overlay-type":"","overlay-color":"","overlay-opacity":"","overlay-gradient":""}}},"product_brand":[3513,3605],"product_cat":[64,1476],"product_tag":[3546],"class_list":{"0":"post-14057","1":"product","2":"type-product","3":"status-publish","4":"has-post-thumbnail","6":"product_brand-akzentz","7":"product_brand-luxio","8":"product_cat-akzentz-lv","9":"product_cat-base-lv","10":"product_tag-luxio_build-lv","11":"desktop-align-left","12":"tablet-align-left","13":"mobile-align-left","15":"first","16":"instock","17":"taxable","18":"shipping-taxable","19":"purchasable","20":"product-type-simple"},"jetpack_sharing_enabled":true,"_links":{"self":[{"href":"https:\/\/tihani.eu\/lv\/wp-json\/wp\/v2\/product\/14057","targetHints":{"allow":["GET"]}}],"collection":[{"href":"https:\/\/tihani.eu\/lv\/wp-json\/wp\/v2\/product"}],"about":[{"href":"https:\/\/tihani.eu\/lv\/wp-json\/wp\/v2\/types\/product"}],"replies":[{"embeddable":true,"href":"https:\/\/tihani.eu\/lv\/wp-json\/wp\/v2\/comments?post=14057"}],"wp:featuredmedia":[{"embeddable":true,"href":"https:\/\/tihani.eu\/lv\/wp-json\/wp\/v2\/media\/13105"}],"wp:attachment":[{"href":"https:\/\/tihani.eu\/lv\/wp-json\/wp\/v2\/media?parent=14057"}],"wp:term":[{"taxonomy":"product_brand","embeddable":true,"href":"https:\/\/tihani.eu\/lv\/wp-json\/wp\/v2\/product_brand?post=14057"},{"taxonomy":"product_cat","embeddable":true,"href":"https:\/\/tihani.eu\/lv\/wp-json\/wp\/v2\/product_cat?post=14057"},{"taxonomy":"product_tag","embeddable":true,"href":"https:\/\/tihani.eu\/lv\/wp-json\/wp\/v2\/product_tag?post=14057"}],"curies":[{"name":"wp","href":"https:\/\/api.w.org\/{rel}","templated":true}]}}