{"id":14033,"date":"2025-09-29T21:15:17","date_gmt":"2025-09-29T19:15:17","guid":{"rendered":"https:\/\/tihani.eu\/product\/top-luxio-gloss-15ml\/"},"modified":"2025-12-03T17:45:15","modified_gmt":"2025-12-03T15:45:15","slug":"top-luxio-gloss-15ml","status":"publish","type":"product","link":"https:\/\/tihani.eu\/lv\/produkts\/top-luxio-gloss-15ml\/","title":{"rendered":"TOP LUXIO GLOSS 15ml"},"content":{"rendered":"<p><strong>K\u0100 LIETOT?<\/strong><\/p>\n<ol>\n<li>P\u0113c Luxio\u00ae g\u0113la pakalpojuma (Colour, Naked Base vai Build) pabeig\u0161anas uzkl\u0101jiet bag\u0101t\u012bgu daudzumu Gloss nagu centr\u0101. Ar otu uzman\u012bgi virzieties uz aug\u0161u, p\u0101rkl\u0101jot l\u012bdz kutikulai, to neaizskarot. Ar vieglu piesk\u0101rienu izl\u012bdziniet lieko produktu pa naga virsmu, vienm\u0113r\u012bgi p\u0101rkl\u0101jot visu nagu.<\/li>\n<li>Polimeriz\u0113t 30 sekundes Akz\u00e9ntz LED lamp\u0101.<\/li>\n<li>Noslauciet lip\u012bgo sl\u0101ni ar Akz\u00e9ntz Prep &amp; Wipe, lai atkl\u0101tu izcilu sp\u012bdumu.<\/li>\n<\/ol>\n<p><strong>Tikai profesion\u0101lai lieto\u0161anai.<\/strong> <strong>15 ml \/ 0,5 oz<\/strong><\/p>\n","protected":false},"excerpt":{"rendered":"<p><strong>SOAK-OFF TOP GLOSS<\/strong><\/p>\n<p>Luxio Gloss ir klasisks fini\u0161a p\u0101rkl\u0101jums ar lip\u012bgu k\u0101rtu. Nodro\u0161ina elast\u012bgu virsk\u0101rtu un ilgsto\u0161u sp\u012bdumu. Dro\u0161a un viegla no\u0146em\u0161ana, iz\u0161\u0137\u012bdinot ar Akzentz Soak Off \u0161\u0137idrumu.<\/p>\n<p><strong>PRODUKTA PRIEK\u0160ROC\u012aBAS<\/strong><\/p>\n<ul>\n<li>100% t\u012brs g\u0113ls<\/li>\n<li>Bez TPO, 10-Free, bez \u0161\u0137\u012bdin\u0101t\u0101jiem, bez smar\u017eas<\/li>\n<li>Vid\u0113ja viskozit\u0101te, pa\u0161izl\u012bdzino\u0161a formula<\/li>\n<li>Perfekti p\u0101rkl\u0101j nagus ar sp\u012bd\u012bgu un iztur\u012bgu mirdzumu<\/li>\n<li>Viegli no\u0146emams ar Akz\u00e9ntz Soak-Off Solution<\/li>\n<li>Ra\u017eots Kan\u0101d\u0101 (izmantojot Eiropas un Zieme\u013camerikas sast\u0101vda\u013cas)<\/li>\n<\/ul>\n","protected":false},"featured_media":13196,"comment_status":"open","ping_status":"closed","template":"","meta":{"site-sidebar-layout":"default","site-content-layout":"","ast-site-content-layout":"default","site-content-style":"default","site-sidebar-style":"default","ast-global-header-display":"","ast-banner-title-visibility":"","ast-main-header-display":"","ast-hfb-above-header-display":"","ast-hfb-below-header-display":"","ast-hfb-mobile-header-display":"","site-post-title":"","ast-breadcrumbs-content":"","ast-featured-img":"","footer-sml-layout":"","theme-transparent-header-meta":"default","adv-header-id-meta":"","stick-header-meta":"","header-above-stick-meta":"","header-main-stick-meta":"","header-below-stick-meta":"","astra-migrate-meta-layouts":"default","ast-page-background-enabled":"default","ast-page-background-meta":{"desktop":{"background-color":"","background-image":"","background-repeat":"repeat","background-position":"center center","background-size":"auto","background-attachment":"scroll","background-type":"","background-media":"","overlay-type":"","overlay-color":"","overlay-opacity":"","overlay-gradient":""},"tablet":{"background-color":"","background-image":"","background-repeat":"repeat","background-position":"center center","background-size":"auto","background-attachment":"scroll","background-type":"","background-media":"","overlay-type":"","overlay-color":"","overlay-opacity":"","overlay-gradient":""},"mobile":{"background-color":"","background-image":"","background-repeat":"repeat","background-position":"center center","background-size":"auto","background-attachment":"scroll","background-type":"","background-media":"","overlay-type":"","overlay-color":"","overlay-opacity":"","overlay-gradient":""}},"ast-content-background-meta":{"desktop":{"background-color":"var(--ast-global-color-5)","background-image":"","background-repeat":"repeat","background-position":"center center","background-size":"auto","background-attachment":"scroll","background-type":"","background-media":"","overlay-type":"","overlay-color":"","overlay-opacity":"","overlay-gradient":""},"tablet":{"background-color":"var(--ast-global-color-5)","background-image":"","background-repeat":"repeat","background-position":"center center","background-size":"auto","background-attachment":"scroll","background-type":"","background-media":"","overlay-type":"","overlay-color":"","overlay-opacity":"","overlay-gradient":""},"mobile":{"background-color":"var(--ast-global-color-5)","background-image":"","background-repeat":"repeat","background-position":"center center","background-size":"auto","background-attachment":"scroll","background-type":"","background-media":"","overlay-type":"","overlay-color":"","overlay-opacity":"","overlay-gradient":""}}},"product_brand":[3513,3605],"product_cat":[64,73],"product_tag":[3598,3597],"class_list":{"0":"post-14033","1":"product","2":"type-product","3":"status-publish","4":"has-post-thumbnail","6":"product_brand-akzentz","7":"product_brand-luxio","8":"product_cat-akzentz-lv","9":"product_cat-top-lv","10":"product_tag-luxio_gloss-lv","11":"product_tag-top_gloss-lv","12":"desktop-align-left","13":"tablet-align-left","14":"mobile-align-left","16":"first","17":"instock","18":"taxable","19":"shipping-taxable","20":"purchasable","21":"product-type-simple"},"jetpack_sharing_enabled":true,"_links":{"self":[{"href":"https:\/\/tihani.eu\/lv\/wp-json\/wp\/v2\/product\/14033","targetHints":{"allow":["GET"]}}],"collection":[{"href":"https:\/\/tihani.eu\/lv\/wp-json\/wp\/v2\/product"}],"about":[{"href":"https:\/\/tihani.eu\/lv\/wp-json\/wp\/v2\/types\/product"}],"replies":[{"embeddable":true,"href":"https:\/\/tihani.eu\/lv\/wp-json\/wp\/v2\/comments?post=14033"}],"wp:featuredmedia":[{"embeddable":true,"href":"https:\/\/tihani.eu\/lv\/wp-json\/wp\/v2\/media\/13196"}],"wp:attachment":[{"href":"https:\/\/tihani.eu\/lv\/wp-json\/wp\/v2\/media?parent=14033"}],"wp:term":[{"taxonomy":"product_brand","embeddable":true,"href":"https:\/\/tihani.eu\/lv\/wp-json\/wp\/v2\/product_brand?post=14033"},{"taxonomy":"product_cat","embeddable":true,"href":"https:\/\/tihani.eu\/lv\/wp-json\/wp\/v2\/product_cat?post=14033"},{"taxonomy":"product_tag","embeddable":true,"href":"https:\/\/tihani.eu\/lv\/wp-json\/wp\/v2\/product_tag?post=14033"}],"curies":[{"name":"wp","href":"https:\/\/api.w.org\/{rel}","templated":true}]}}