{"id":14014,"date":"2025-09-29T20:20:26","date_gmt":"2025-09-29T18:20:26","guid":{"rendered":"https:\/\/tihani.eu\/product\/luxio-base-smirk-15ml\/"},"modified":"2025-09-29T20:20:26","modified_gmt":"2025-09-29T18:20:26","slug":"luxio-base-smirk-15ml","status":"publish","type":"product","link":"https:\/\/tihani.eu\/lv\/produkts\/luxio-base-smirk-15ml\/","title":{"rendered":"LUXIO BASE SMIRK 15ml"},"content":{"rendered":"<p><strong>Sast\u0101vs:<\/strong> DI-HEMA TRIMETHYLHEXYL DICARBAMATE, HYDROXYPROPYL METHACRYLATE, HEMA, HEMA MALEATE, HYDROXYCYCLOHEXYL PHENYL KETONE, ETHYL TRIMTHYLBENZOYL PHENYLPHOSPHINATE; BIS(GLYCERYL DIMETHACRYLATE) PYROMELLITATE, MALEIC ACID, P-HYDROXYANISOLE, SILICA SILYLATE, [+\/-: C|77891, C|73360, C|77491, C|77492, C|77499, C|15850, C|60725, C|17200]<\/p>\n<p><strong>SVAR\u012aGA PIEZ\u012aME <\/strong><\/p>\n<p>Pirms lieto\u0161anas samais\u012bt!<\/p>\n<p>Kr\u0101su att\u0113lojums notiek digit\u0101l\u0101 vid\u0113, un to\u0146u vizualiz\u0101cija var at\u0161\u0137irties atkar\u012bb\u0101 no ier\u012bces ekr\u0101na iestat\u012bjumiem. Faktiskais kr\u0101sas tonis re\u0101laj\u0101 vid\u0113 var nedaudz at\u0161\u0137irties.<\/p>\n<p><strong>K\u0100 LIETOT?<\/strong><\/p>\n<ol>\n<li>P\u0113c nagu sagatavo\u0161anas uzkl\u0101jiet pl\u0101nu k\u0101rtu uz dab\u012bgajiem nagiem. Nepie\u013caujiet, ka <strong>Luxio\u00ae Base<\/strong> non\u0101k uz kutikul\u0101m vai apk\u0101rt\u0113j\u0101s \u0101das, jo tas var izrais\u012bt produkta sliktu adh\u0113siju un iesp\u0113jamu kairin\u0101jumu.<\/li>\n<li>Polimeriz\u0113jiet 30 sekundes <strong>Akz\u00e9ntz LED<\/strong> lamp\u0101. Nenoslauc\u012bt dispersijas sl\u0101ni.<\/li>\n<li>Turpiniet ar <strong>Luxio\u00ae Colour<\/strong>, <strong>Luxio\u00ae Build<\/strong> vai nosl\u0113dziet ar <strong>Luxio\u00ae Gloss<\/strong>.<\/li>\n<\/ol>\n<p><strong>Ide\u0101li piem\u0113rots:<\/strong> Norm\u0101liem, elast\u012bgiem vai boj\u0101tiem dab\u012bgajiem nagiem.<\/p>\n<p><strong>Tikai profesion\u0101lai lieto\u0161anai. <\/strong><\/p>\n<p><strong>15mL\/0.5oz<\/strong><\/p>\n","protected":false},"excerpt":{"rendered":"<p><strong>Ton\u0113ts Soak-Off b\u0101zes g\u0113ls<\/strong><\/p>\n<p><strong>Luxio Tinted Base<\/strong> ir ieteicam\u0101 izv\u0113le, ja nepiecie\u0161ams viegls p\u0101rkl\u0101jums vai mask\u0113jo\u0161s efekts uz nagiem, lietojot <strong>Luxio<\/strong> produktus, piem\u0113ram, <strong>Luxio Colour<\/strong> un <strong>Luxio Build<\/strong>. <strong>Luxio Tinted Base<\/strong> nodro\u0161ina izcilu notur\u012bbu, saglab\u0101 elast\u012bbu uz nagiem un pie\u0161\u0137ir tiem dabisku, nevainojamu izskatu ar vieglu p\u0101rkl\u0101juma efektu. To var lietot ar\u012b k\u0101 nagu stiprino\u0161u pakalpojumu, nosl\u0113dzot ar <strong>Luxio Gloss<\/strong>.<\/p>\n<ul>\n<li>100% t\u012bra g\u0113la filozofija<\/li>\n<li>Bez TPO, bez \u0161\u0137\u012bdin\u0101t\u0101jiem, bez smar\u017eas<\/li>\n<li>10-Free formula<\/li>\n<li>Pa\u0161izl\u012bdzino\u0161a tekst\u016bra<\/li>\n<li>Pilnveido nagu virsmu vienm\u0113r\u012bgai Colour vai Build uzkl\u0101\u0161anai<\/li>\n<li>P\u0101rkl\u0101j dab\u012bgos nagus, nekait\u0113jot tiem<\/li>\n<li>Ra\u017eots Kan\u0101d\u0101 (izmantojot Eiropas un Zieme\u013camerikas sast\u0101vda\u013cas<\/li>\n<\/ul>\n","protected":false},"featured_media":13046,"comment_status":"open","ping_status":"closed","template":"","meta":{"site-sidebar-layout":"default","site-content-layout":"","ast-site-content-layout":"default","site-content-style":"default","site-sidebar-style":"default","ast-global-header-display":"","ast-banner-title-visibility":"","ast-main-header-display":"","ast-hfb-above-header-display":"","ast-hfb-below-header-display":"","ast-hfb-mobile-header-display":"","site-post-title":"","ast-breadcrumbs-content":"","ast-featured-img":"","footer-sml-layout":"","theme-transparent-header-meta":"default","adv-header-id-meta":"","stick-header-meta":"","header-above-stick-meta":"","header-main-stick-meta":"","header-below-stick-meta":"","astra-migrate-meta-layouts":"default","ast-page-background-enabled":"default","ast-page-background-meta":{"desktop":{"background-color":"","background-image":"","background-repeat":"repeat","background-position":"center center","background-size":"auto","background-attachment":"scroll","background-type":"","background-media":"","overlay-type":"","overlay-color":"","overlay-opacity":"","overlay-gradient":""},"tablet":{"background-color":"","background-image":"","background-repeat":"repeat","background-position":"center center","background-size":"auto","background-attachment":"scroll","background-type":"","background-media":"","overlay-type":"","overlay-color":"","overlay-opacity":"","overlay-gradient":""},"mobile":{"background-color":"","background-image":"","background-repeat":"repeat","background-position":"center center","background-size":"auto","background-attachment":"scroll","background-type":"","background-media":"","overlay-type":"","overlay-color":"","overlay-opacity":"","overlay-gradient":""}},"ast-content-background-meta":{"desktop":{"background-color":"var(--ast-global-color-5)","background-image":"","background-repeat":"repeat","background-position":"center center","background-size":"auto","background-attachment":"scroll","background-type":"","background-media":"","overlay-type":"","overlay-color":"","overlay-opacity":"","overlay-gradient":""},"tablet":{"background-color":"var(--ast-global-color-5)","background-image":"","background-repeat":"repeat","background-position":"center center","background-size":"auto","background-attachment":"scroll","background-type":"","background-media":"","overlay-type":"","overlay-color":"","overlay-opacity":"","overlay-gradient":""},"mobile":{"background-color":"var(--ast-global-color-5)","background-image":"","background-repeat":"repeat","background-position":"center center","background-size":"auto","background-attachment":"scroll","background-type":"","background-media":"","overlay-type":"","overlay-color":"","overlay-opacity":"","overlay-gradient":""}}},"product_brand":[3513,3605],"product_cat":[64,1476],"product_tag":[3538,3541],"class_list":{"0":"post-14014","1":"product","2":"type-product","3":"status-publish","4":"has-post-thumbnail","6":"product_brand-akzentz","7":"product_brand-luxio","8":"product_cat-akzentz-lv","9":"product_cat-base-lv","10":"product_tag-luxio_base-lv","11":"product_tag-luxio_naked_base-lv","12":"desktop-align-left","13":"tablet-align-left","14":"mobile-align-left","16":"first","17":"instock","18":"taxable","19":"shipping-taxable","20":"purchasable","21":"product-type-simple"},"jetpack_sharing_enabled":true,"_links":{"self":[{"href":"https:\/\/tihani.eu\/lv\/wp-json\/wp\/v2\/product\/14014","targetHints":{"allow":["GET"]}}],"collection":[{"href":"https:\/\/tihani.eu\/lv\/wp-json\/wp\/v2\/product"}],"about":[{"href":"https:\/\/tihani.eu\/lv\/wp-json\/wp\/v2\/types\/product"}],"replies":[{"embeddable":true,"href":"https:\/\/tihani.eu\/lv\/wp-json\/wp\/v2\/comments?post=14014"}],"wp:featuredmedia":[{"embeddable":true,"href":"https:\/\/tihani.eu\/lv\/wp-json\/wp\/v2\/media\/13046"}],"wp:attachment":[{"href":"https:\/\/tihani.eu\/lv\/wp-json\/wp\/v2\/media?parent=14014"}],"wp:term":[{"taxonomy":"product_brand","embeddable":true,"href":"https:\/\/tihani.eu\/lv\/wp-json\/wp\/v2\/product_brand?post=14014"},{"taxonomy":"product_cat","embeddable":true,"href":"https:\/\/tihani.eu\/lv\/wp-json\/wp\/v2\/product_cat?post=14014"},{"taxonomy":"product_tag","embeddable":true,"href":"https:\/\/tihani.eu\/lv\/wp-json\/wp\/v2\/product_tag?post=14014"}],"curies":[{"name":"wp","href":"https:\/\/api.w.org\/{rel}","templated":true}]}}