{"id":13964,"date":"2025-09-29T16:16:05","date_gmt":"2025-09-29T14:16:05","guid":{"rendered":"https:\/\/tihani.eu\/product\/luxio-base-15ml\/"},"modified":"2026-03-09T14:20:27","modified_gmt":"2026-03-09T12:20:27","slug":"luxio-base-15ml","status":"publish","type":"product","link":"https:\/\/tihani.eu\/lv\/produkts\/luxio-base-15ml\/","title":{"rendered":"LUXIO BASE 15ml"},"content":{"rendered":"<p><strong>Sast\u0101vs:<\/strong> BIS-HYDROXYETHYL ACRYLATE POLY(NEOPENTYL GLYCOL ADIPATE)\/IPDI COPOLYMER, HYDROXYPROPYL METHACRYLATE, HYDROXYCYCLOHEXYL PHENYL KETONE, ETHYL TRIMETHYLBENZOYL PHENYLPHOSPHINATE, BIS(GLYCERYL DIMETHACRYLATE) PYROMELLITATE, P-HYDROXYANISOLE [+\/-: C|60725]<\/p>\n<p><strong>K\u0100 LIETOT?<\/strong><\/p>\n<ol>\n<li>P\u0113c nagu sagatavo\u0161anas uzkl\u0101jiet pl\u0101nu k\u0101rtu uz dab\u012bgajiem nagiem. Nepie\u013caujiet, ka <strong>Luxio\u00ae Base<\/strong> non\u0101k uz kutikul\u0101m vai apk\u0101rt\u0113j\u0101s \u0101das, jo tas var izrais\u012bt produkta sliktu adh\u0113siju un iesp\u0113jamu kairin\u0101jumu.<\/li>\n<li>Polimeriz\u0113jiet 30 sekundes <strong>Akz\u00e9ntz LED<\/strong> lamp\u0101. Nenoslauc\u012bt dispersijas sl\u0101ni.<\/li>\n<li>Turpiniet ar <strong>Luxio\u00ae Colour<\/strong>, <strong>Luxio\u00ae Build<\/strong> vai nosl\u0113dziet ar <strong>Luxio\u00ae Gloss<\/strong>.<\/li>\n<\/ol>\n<p><strong>Ide\u0101li piem\u0113rots:<\/strong> Norm\u0101liem, elast\u012bgiem vai boj\u0101tiem dab\u012bgajiem nagiem.<\/p>\n<p><strong>Tikai profesion\u0101lai lieto\u0161anai.<\/strong><\/p>\n<p><strong>15mL\/0.5oz<\/strong><\/p>\n","protected":false},"excerpt":{"rendered":"<p><strong>SOAK-OFF B\u0100ZE<\/strong><\/p>\n<p><strong>Luxio Base<\/strong> ir ieteicam\u0101 b\u0101zes g\u0113la izv\u0113le, lietojot <strong>Luxio\u00ae<\/strong> produktus, piem\u0113ram, <strong>Luxio Colour<\/strong> un <strong>Luxio Build<\/strong>. <strong>Luxio Base<\/strong> nodro\u0161ina izcilu notur\u012bbu un saglab\u0101 nagu elast\u012bbu.<\/p>\n<p><strong>Produkta priek\u0161roc\u012bbas:<\/strong><\/p>\n<ul>\n<li>100% t\u012bra g\u0113la filozofija<\/li>\n<li>Bez TPO, HEMA, \u0161\u0137\u012bdin\u0101t\u0101jiem un smar\u017eas<\/li>\n<li>10-Free formula<\/li>\n<li>Pa\u0161izl\u012bdzino\u0161a tekst\u016bra<\/li>\n<li>Pilnveido nagu virsmu vienm\u0113r\u012bgai Colour vai Build uzkl\u0101\u0161anai<\/li>\n<li>P\u0101rkl\u0101j dab\u012bgos nagus, nekait\u0113jot tiem<\/li>\n<li>Ra\u017eots Kan\u0101d\u0101 (izmantojot Eiropas un Zieme\u013camerikas sast\u0101vda\u013cas)<\/li>\n<\/ul>\n<div><\/div>\n","protected":false},"featured_media":13016,"comment_status":"open","ping_status":"closed","template":"","meta":{"site-sidebar-layout":"default","site-content-layout":"","ast-site-content-layout":"default","site-content-style":"default","site-sidebar-style":"default","ast-global-header-display":"","ast-banner-title-visibility":"","ast-main-header-display":"","ast-hfb-above-header-display":"","ast-hfb-below-header-display":"","ast-hfb-mobile-header-display":"","site-post-title":"","ast-breadcrumbs-content":"","ast-featured-img":"","footer-sml-layout":"","theme-transparent-header-meta":"default","adv-header-id-meta":"","stick-header-meta":"","header-above-stick-meta":"","header-main-stick-meta":"","header-below-stick-meta":"","astra-migrate-meta-layouts":"default","ast-page-background-enabled":"default","ast-page-background-meta":{"desktop":{"background-color":"","background-image":"","background-repeat":"repeat","background-position":"center center","background-size":"auto","background-attachment":"scroll","background-type":"","background-media":"","overlay-type":"","overlay-color":"","overlay-opacity":"","overlay-gradient":""},"tablet":{"background-color":"","background-image":"","background-repeat":"repeat","background-position":"center center","background-size":"auto","background-attachment":"scroll","background-type":"","background-media":"","overlay-type":"","overlay-color":"","overlay-opacity":"","overlay-gradient":""},"mobile":{"background-color":"","background-image":"","background-repeat":"repeat","background-position":"center center","background-size":"auto","background-attachment":"scroll","background-type":"","background-media":"","overlay-type":"","overlay-color":"","overlay-opacity":"","overlay-gradient":""}},"ast-content-background-meta":{"desktop":{"background-color":"var(--ast-global-color-5)","background-image":"","background-repeat":"repeat","background-position":"center center","background-size":"auto","background-attachment":"scroll","background-type":"","background-media":"","overlay-type":"","overlay-color":"","overlay-opacity":"","overlay-gradient":""},"tablet":{"background-color":"var(--ast-global-color-5)","background-image":"","background-repeat":"repeat","background-position":"center center","background-size":"auto","background-attachment":"scroll","background-type":"","background-media":"","overlay-type":"","overlay-color":"","overlay-opacity":"","overlay-gradient":""},"mobile":{"background-color":"var(--ast-global-color-5)","background-image":"","background-repeat":"repeat","background-position":"center center","background-size":"auto","background-attachment":"scroll","background-type":"","background-media":"","overlay-type":"","overlay-color":"","overlay-opacity":"","overlay-gradient":""}}},"product_brand":[3513,3605],"product_cat":[64,1476],"product_tag":[3537],"class_list":{"0":"post-13964","1":"product","2":"type-product","3":"status-publish","4":"has-post-thumbnail","6":"product_brand-akzentz","7":"product_brand-luxio","8":"product_cat-akzentz-lv","9":"product_cat-base-lv","10":"product_tag-luxio_base","11":"desktop-align-left","12":"tablet-align-left","13":"mobile-align-left","15":"first","16":"instock","17":"taxable","18":"shipping-taxable","19":"purchasable","20":"product-type-simple"},"jetpack_sharing_enabled":true,"_links":{"self":[{"href":"https:\/\/tihani.eu\/lv\/wp-json\/wp\/v2\/product\/13964","targetHints":{"allow":["GET"]}}],"collection":[{"href":"https:\/\/tihani.eu\/lv\/wp-json\/wp\/v2\/product"}],"about":[{"href":"https:\/\/tihani.eu\/lv\/wp-json\/wp\/v2\/types\/product"}],"replies":[{"embeddable":true,"href":"https:\/\/tihani.eu\/lv\/wp-json\/wp\/v2\/comments?post=13964"}],"wp:featuredmedia":[{"embeddable":true,"href":"https:\/\/tihani.eu\/lv\/wp-json\/wp\/v2\/media\/13016"}],"wp:attachment":[{"href":"https:\/\/tihani.eu\/lv\/wp-json\/wp\/v2\/media?parent=13964"}],"wp:term":[{"taxonomy":"product_brand","embeddable":true,"href":"https:\/\/tihani.eu\/lv\/wp-json\/wp\/v2\/product_brand?post=13964"},{"taxonomy":"product_cat","embeddable":true,"href":"https:\/\/tihani.eu\/lv\/wp-json\/wp\/v2\/product_cat?post=13964"},{"taxonomy":"product_tag","embeddable":true,"href":"https:\/\/tihani.eu\/lv\/wp-json\/wp\/v2\/product_tag?post=13964"}],"curies":[{"name":"wp","href":"https:\/\/api.w.org\/{rel}","templated":true}]}}