{"id":13945,"date":"2025-09-29T12:33:34","date_gmt":"2025-09-29T10:33:34","guid":{"rendered":"https:\/\/tihani.eu\/product\/pearlescent-powder-amethyst-1g\/"},"modified":"2025-09-29T12:33:34","modified_gmt":"2025-09-29T10:33:34","slug":"pearlescent-powder-amethyst-1g","status":"publish","type":"product","link":"https:\/\/tihani.eu\/lv\/produkts\/pearlescent-powder-amethyst-1g\/","title":{"rendered":"PEARLESCENT POWDER AMETHYST 1g"},"content":{"rendered":"<p><strong>SAST\u0100VS:<\/strong> SYNTHETIC FLUORPHLOGOPITE, TIN OXIDE, [+\/-: C|77891]<\/p>\n<p><strong>K\u0100 LIETOT?<\/strong><\/p>\n<ol start=\"1\">\n<li>Uzkl\u0101jiet sev v\u0113lamo <strong>Akz\u00e9ntz<\/strong> g\u0113lu (Gel-Play, Options, Luxio vai Pro-Formance) un polimeriz\u0113jiet k\u0101 parasti.<\/li>\n<li>Uzkl\u0101jiet 1 k\u0101rtu <strong>Akz\u00e9ntz Shine-On<\/strong> bezlip\u012bg\u0101s virsk\u0101rtas. Polimeriz\u0113jiet.<\/li>\n<li>Ar stingru spiedienu uzkl\u0101jiet <strong>Pearlescent Powder<\/strong> k\u0101rtu, izmantojot mikro\u0161\u0137iedras aplikatoru vai pirkstu cimd\u0101. Darbojieties \u0101tri, ap\u013cveida kust\u012bb\u0101s.<\/li>\n<li>Uzkl\u0101jiet v\u0113l 1 k\u0101rtu <strong>Akz\u00e9ntz Shine-On<\/strong> bezlip\u012bg\u0101s virsk\u0101rtas. Polimeriz\u0113jiet.<\/li>\n<\/ol>\n","protected":false},"excerpt":{"rendered":"<p><strong>GLAZ\u0112TA EFEKTA PULVERIS<\/strong><\/p>\n<p><strong>P\u0101rkl\u0101jums:<\/strong> P\u0113r\u013cains \/ Glaz\u0113ts<\/p>\n<p><strong>pH:<\/strong> N\/A<\/p>\n<p><strong>Gel-Play Pearlescent Powder Amethyst<\/strong> rada caursp\u012bd\u012bgu, violetu p\u0113r\u013cainu efektu. Profesion\u0101las kvalit\u0101tes efekta pulveris, kas nodro\u0161ina popul\u0101ro \u201cglaz\u0113to\u201d p\u0101rkl\u0101jumu, iedvesmotu no v\u012brusu nagu tendenc\u0113m. \u0160is \u012bpa\u0161i smalkais, augstas sp\u012bduma pigments veido gludu, p\u0113r\u013cainu mirdzumu, kad tiek uzkl\u0101ts uz polimeriz\u0113tas, bezlip\u012bgas virsk\u0101rtas. Neatkar\u012bgi no t\u0101, vai tiek izmantots uz maigiem caursp\u012bd\u012bgiem to\u0146iem, pienbaltiem vai spilgtiem to\u0146iem \u2014 Pearlescent Powder pie\u0161\u0137ir katram manik\u012bram \u0113terisku, gaismu atstarojo\u0161u sp\u012bdumu.<\/p>\n<p>Rad\u012bts vieglai uzkl\u0101\u0161anai un z\u012bdaini gludam fini\u0161am \u2014 ide\u0101ls nosl\u0113guma akcents elegantam, augst\u0101s modes manik\u012bram.<\/p>\n<p><strong>PIEM\u0112ROTS<\/strong><\/p>\n<p>Glaz\u0113tiem efektiem: lieto kop\u0101 ar jebkuru <strong>Akz\u00e9ntz<\/strong> g\u0113lu, tostarp <strong>Luxio\u00ae<\/strong>, <strong>Pro-Formance\u00ae<\/strong>, <strong>Options\u2122<\/strong> vai <strong>Gel-Play\u2122<\/strong>.<\/p>\n<p><strong>Tikai profesion\u0101lai lieto\u0161anai<\/strong><\/p>\n<p><strong>1g<\/strong><\/p>\n","protected":false},"featured_media":13247,"comment_status":"open","ping_status":"closed","template":"","meta":{"site-sidebar-layout":"default","site-content-layout":"","ast-site-content-layout":"default","site-content-style":"default","site-sidebar-style":"default","ast-global-header-display":"","ast-banner-title-visibility":"","ast-main-header-display":"","ast-hfb-above-header-display":"","ast-hfb-below-header-display":"","ast-hfb-mobile-header-display":"","site-post-title":"","ast-breadcrumbs-content":"","ast-featured-img":"","footer-sml-layout":"","theme-transparent-header-meta":"default","adv-header-id-meta":"","stick-header-meta":"","header-above-stick-meta":"","header-main-stick-meta":"","header-below-stick-meta":"","astra-migrate-meta-layouts":"default","ast-page-background-enabled":"default","ast-page-background-meta":{"desktop":{"background-color":"","background-image":"","background-repeat":"repeat","background-position":"center center","background-size":"auto","background-attachment":"scroll","background-type":"","background-media":"","overlay-type":"","overlay-color":"","overlay-opacity":"","overlay-gradient":""},"tablet":{"background-color":"","background-image":"","background-repeat":"repeat","background-position":"center center","background-size":"auto","background-attachment":"scroll","background-type":"","background-media":"","overlay-type":"","overlay-color":"","overlay-opacity":"","overlay-gradient":""},"mobile":{"background-color":"","background-image":"","background-repeat":"repeat","background-position":"center center","background-size":"auto","background-attachment":"scroll","background-type":"","background-media":"","overlay-type":"","overlay-color":"","overlay-opacity":"","overlay-gradient":""}},"ast-content-background-meta":{"desktop":{"background-color":"var(--ast-global-color-5)","background-image":"","background-repeat":"repeat","background-position":"center center","background-size":"auto","background-attachment":"scroll","background-type":"","background-media":"","overlay-type":"","overlay-color":"","overlay-opacity":"","overlay-gradient":""},"tablet":{"background-color":"var(--ast-global-color-5)","background-image":"","background-repeat":"repeat","background-position":"center center","background-size":"auto","background-attachment":"scroll","background-type":"","background-media":"","overlay-type":"","overlay-color":"","overlay-opacity":"","overlay-gradient":""},"mobile":{"background-color":"var(--ast-global-color-5)","background-image":"","background-repeat":"repeat","background-position":"center center","background-size":"auto","background-attachment":"scroll","background-type":"","background-media":"","overlay-type":"","overlay-color":"","overlay-opacity":"","overlay-gradient":""}}},"product_brand":[3513,3604],"product_cat":[64,2007],"product_tag":[3511,3507],"class_list":{"0":"post-13945","1":"product","2":"type-product","3":"status-publish","4":"has-post-thumbnail","6":"product_brand-akzentz","7":"product_brand-gel-play","8":"product_cat-akzentz-lv","9":"product_cat-pearlescent-powder-lv","10":"product_tag-gelplay_pearlescentpowder-lv","11":"product_tag-glazed_donut-lv","12":"desktop-align-left","13":"tablet-align-left","14":"mobile-align-left","16":"first","17":"instock","18":"taxable","19":"shipping-taxable","20":"purchasable","21":"product-type-simple"},"jetpack_sharing_enabled":true,"_links":{"self":[{"href":"https:\/\/tihani.eu\/lv\/wp-json\/wp\/v2\/product\/13945","targetHints":{"allow":["GET"]}}],"collection":[{"href":"https:\/\/tihani.eu\/lv\/wp-json\/wp\/v2\/product"}],"about":[{"href":"https:\/\/tihani.eu\/lv\/wp-json\/wp\/v2\/types\/product"}],"replies":[{"embeddable":true,"href":"https:\/\/tihani.eu\/lv\/wp-json\/wp\/v2\/comments?post=13945"}],"wp:featuredmedia":[{"embeddable":true,"href":"https:\/\/tihani.eu\/lv\/wp-json\/wp\/v2\/media\/13247"}],"wp:attachment":[{"href":"https:\/\/tihani.eu\/lv\/wp-json\/wp\/v2\/media?parent=13945"}],"wp:term":[{"taxonomy":"product_brand","embeddable":true,"href":"https:\/\/tihani.eu\/lv\/wp-json\/wp\/v2\/product_brand?post=13945"},{"taxonomy":"product_cat","embeddable":true,"href":"https:\/\/tihani.eu\/lv\/wp-json\/wp\/v2\/product_cat?post=13945"},{"taxonomy":"product_tag","embeddable":true,"href":"https:\/\/tihani.eu\/lv\/wp-json\/wp\/v2\/product_tag?post=13945"}],"curies":[{"name":"wp","href":"https:\/\/api.w.org\/{rel}","templated":true}]}}