{"id":13939,"date":"2025-09-29T11:43:44","date_gmt":"2025-09-29T09:43:44","guid":{"rendered":"https:\/\/tihani.eu\/product\/top-luxio-purple-effects-15ml\/"},"modified":"2025-10-01T09:46:33","modified_gmt":"2025-10-01T07:46:33","slug":"top-luxio-purple-effects-15ml","status":"publish","type":"product","link":"https:\/\/tihani.eu\/lv\/produkts\/top-luxio-purple-effects-15ml\/","title":{"rendered":"TOP LUXIO PURPLE EFFECTS 15ml"},"content":{"rendered":"<p><strong>SAST\u0100VS:<\/strong> DI-HEMA TRIMETHYLHEXYL DICARBAMATE, HYDROXYPROPYL METHACRYLATE, HEMA, HYDROXYCYCLOHEXYL PHENYL KETONE, ETHYL TRIMETHYLBENZOYL PHENYLPHOSPHINATE, CALCIUM ALUMINIUM BOROSILICATE, P-HYDROXYANISOLE, SILICA, SILICA SILYLATE, TIN OXIDE [+\/-: C|77891]<\/p>\n<p><strong>SVAR\u012aGA PIEZ\u012aME<\/strong><\/p>\n<p>Pirms lieto\u0161anas samais\u012bt.<\/p>\n<p>Kr\u0101sas vizualiz\u0101cija notiek digit\u0101l\u0101 vid\u0113, un tonis var nedaudz at\u0161\u0137irties atkar\u012bb\u0101 no ekr\u0101na iestat\u012bjumiem. Re\u0101laj\u0101 dz\u012bv\u0113 kr\u0101sas tonis var izskat\u012bties cit\u0101di.<\/p>\n<p><strong>K\u0100 LIETOT?<\/strong><\/p>\n<ol>\n<li>P\u0113c Luxio\u00ae g\u0113la pakalpojuma (Colour, Naked Base vai Build) pabeig\u0161anas lietojiet Luxio Effects t\u0101pat k\u0101 Luxio Gloss \u2014 uzkl\u0101jiet bag\u0101t\u012bgu daudzumu Luxio Effects nagu centr\u0101. Ar otu uzman\u012bgi virzieties uz aug\u0161u, p\u0101rkl\u0101jot l\u012bdz kutikulai, to neaizskarot. Ar vieglu piesk\u0101rienu izl\u012bdziniet lieko produktu pa naga virsmu, vienm\u0113r\u012bgi p\u0101rkl\u0101jot visu nagu vai p\u0113c izv\u0113les.<\/li>\n<li>Polimeriz\u0113t 30 sekundes Akz\u00e9ntz LED lamp\u0101.<\/li>\n<li>Noslauciet lip\u012bgo sl\u0101ni ar Akz\u00e9ntz Prep &amp; Wipe, lai atkl\u0101tu sp\u012bd\u012bgu virsmu. Ja v\u0113laties papildu sp\u012bdumu, uzkl\u0101jiet Akz\u00e9ntz Shine-On sl\u0101ni \u2014 polimeriz\u0113t 30 sekundes, lai ieg\u016btu izcilu sp\u012bdumu un bezlip\u012bgu virsmu.<\/li>\n<\/ol>\n<p><strong>Ide\u0101li piem\u0113rots<\/strong> Norm\u0101liem, elast\u012bgiem vai boj\u0101tiem dab\u012bgajiem nagiem. Visiem Luxio\u00ae g\u0113la pakalpojumiem, \u012bpa\u0161i gad\u012bjumos, kad paredz\u0113ta no\u0146em\u0161ana ar m\u0113rc\u0113\u0161anu.<\/p>\n<p><strong>Tikai profesion\u0101lai lieto\u0161anai.<\/strong> <strong>15 mL \/ 0.5 oz<\/strong><\/p>\n","protected":false},"excerpt":{"rendered":"<p><strong>SOAK-OFF EFFECTS GLOSS<\/strong><\/p>\n<p>Luxio Effects \u013cauj nagu meistariem p\u0101rveidot jebkuru Luxio g\u0113lu, pie\u0161\u0137irot tam skaistu mirdzo\u0161u efektu. Purple Effects satur \u012bpa\u0161i smalkas violeta sp\u012bduma da\u013ci\u0146as. Luxio Effects polimeriz\u0113j\u0101s ar dispersijas sl\u0101ni, kuru var no\u0146emt ar Prep &amp; Wipe, atkl\u0101jot augstas sp\u012bduma virsmu.<\/p>\n<p><strong>PRODUKTA PRIEK\u0160ROC\u012aBAS<\/strong><\/p>\n<ul>\n<li>100% t\u012brs g\u0113ls<\/li>\n<li>Bez TPO, 10-Free, bez \u0161\u0137\u012bdin\u0101t\u0101jiem, bez smar\u017eas<\/li>\n<li>Vid\u0113ja viskozit\u0101te, pa\u0161izl\u012bdzino\u0161a formula<\/li>\n<li>Sp\u012bdums ar smalku mirdzumu<\/li>\n<li>Viegli no\u0146emams ar Akz\u00e9ntz Soak-Off Solution<\/li>\n<li>Ra\u017eots Kan\u0101d\u0101 (izmantojot Eiropas un Zieme\u013camerikas sast\u0101vda\u013cas)<\/li>\n<\/ul>\n","protected":false},"featured_media":13202,"comment_status":"open","ping_status":"closed","template":"","meta":{"site-sidebar-layout":"default","site-content-layout":"","ast-site-content-layout":"default","site-content-style":"default","site-sidebar-style":"default","ast-global-header-display":"","ast-banner-title-visibility":"","ast-main-header-display":"","ast-hfb-above-header-display":"","ast-hfb-below-header-display":"","ast-hfb-mobile-header-display":"","site-post-title":"","ast-breadcrumbs-content":"","ast-featured-img":"","footer-sml-layout":"","theme-transparent-header-meta":"default","adv-header-id-meta":"","stick-header-meta":"","header-above-stick-meta":"","header-main-stick-meta":"","header-below-stick-meta":"","astra-migrate-meta-layouts":"set","ast-page-background-enabled":"default","ast-page-background-meta":{"desktop":{"background-color":"","background-image":"","background-repeat":"repeat","background-position":"center center","background-size":"auto","background-attachment":"scroll","background-type":"","background-media":"","overlay-type":"","overlay-color":"","overlay-opacity":"","overlay-gradient":""},"tablet":{"background-color":"","background-image":"","background-repeat":"repeat","background-position":"center center","background-size":"auto","background-attachment":"scroll","background-type":"","background-media":"","overlay-type":"","overlay-color":"","overlay-opacity":"","overlay-gradient":""},"mobile":{"background-color":"","background-image":"","background-repeat":"repeat","background-position":"center center","background-size":"auto","background-attachment":"scroll","background-type":"","background-media":"","overlay-type":"","overlay-color":"","overlay-opacity":"","overlay-gradient":""}},"ast-content-background-meta":{"desktop":{"background-color":"var(--ast-global-color-5)","background-image":"","background-repeat":"repeat","background-position":"center center","background-size":"auto","background-attachment":"scroll","background-type":"","background-media":"","overlay-type":"","overlay-color":"","overlay-opacity":"","overlay-gradient":""},"tablet":{"background-color":"var(--ast-global-color-5)","background-image":"","background-repeat":"repeat","background-position":"center center","background-size":"auto","background-attachment":"scroll","background-type":"","background-media":"","overlay-type":"","overlay-color":"","overlay-opacity":"","overlay-gradient":""},"mobile":{"background-color":"var(--ast-global-color-5)","background-image":"","background-repeat":"repeat","background-position":"center center","background-size":"auto","background-attachment":"scroll","background-type":"","background-media":"","overlay-type":"","overlay-color":"","overlay-opacity":"","overlay-gradient":""}}},"product_brand":[3513,3605],"product_cat":[64,73],"product_tag":[3534,3533],"class_list":{"0":"post-13939","1":"product","2":"type-product","3":"status-publish","4":"has-post-thumbnail","6":"product_brand-akzentz","7":"product_brand-luxio","8":"product_cat-akzentz-lv","9":"product_cat-top-lv","10":"product_tag-gloss_effects-lv","11":"product_tag-luxio_effects-lv","12":"desktop-align-left","13":"tablet-align-left","14":"mobile-align-left","16":"first","17":"outofstock","18":"taxable","19":"shipping-taxable","20":"purchasable","21":"product-type-simple"},"jetpack_sharing_enabled":true,"_links":{"self":[{"href":"https:\/\/tihani.eu\/lv\/wp-json\/wp\/v2\/product\/13939","targetHints":{"allow":["GET"]}}],"collection":[{"href":"https:\/\/tihani.eu\/lv\/wp-json\/wp\/v2\/product"}],"about":[{"href":"https:\/\/tihani.eu\/lv\/wp-json\/wp\/v2\/types\/product"}],"replies":[{"embeddable":true,"href":"https:\/\/tihani.eu\/lv\/wp-json\/wp\/v2\/comments?post=13939"}],"wp:featuredmedia":[{"embeddable":true,"href":"https:\/\/tihani.eu\/lv\/wp-json\/wp\/v2\/media\/13202"}],"wp:attachment":[{"href":"https:\/\/tihani.eu\/lv\/wp-json\/wp\/v2\/media?parent=13939"}],"wp:term":[{"taxonomy":"product_brand","embeddable":true,"href":"https:\/\/tihani.eu\/lv\/wp-json\/wp\/v2\/product_brand?post=13939"},{"taxonomy":"product_cat","embeddable":true,"href":"https:\/\/tihani.eu\/lv\/wp-json\/wp\/v2\/product_cat?post=13939"},{"taxonomy":"product_tag","embeddable":true,"href":"https:\/\/tihani.eu\/lv\/wp-json\/wp\/v2\/product_tag?post=13939"}],"curies":[{"name":"wp","href":"https:\/\/api.w.org\/{rel}","templated":true}]}}