{"id":13729,"date":"2025-09-27T20:56:30","date_gmt":"2025-09-27T18:56:30","guid":{"rendered":"https:\/\/tihani.eu\/product\/luxio-afterglow-15ml\/"},"modified":"2025-11-14T00:34:18","modified_gmt":"2025-11-13T22:34:18","slug":"luxio-afterglow-15ml","status":"publish","type":"product","link":"https:\/\/tihani.eu\/lv\/produkts\/luxio-afterglow-15ml\/","title":{"rendered":"LUXIO AFTERGLOW 15ml"},"content":{"rendered":"<p><strong>SAST\u0100VS:<\/strong> BIS-HYDROXYETHYL ACRYLATE POLY(NEOPENTYL GLYCOL ADIPATE)\/IPDI COPOLYMER, HYDROXYPROPYL METHACRYLATE, ETHYL TRIMETHYLBENZOYL PHENYLPHOSPHINATE; P-HYDROXYANISOLE, SILICA SILYLATE, [+\/-: C|15850, C|17200, C|19140, C|42090, C|45410, C|47005, C|60725, C|73360, C|77007,\u00a0 C|77288, C|77491, C|77492, C|77499, C|77510, C|77742, C|77891]<\/p>\n<p><strong>SVAR\u012aGA PIEZ\u012aME <\/strong><\/p>\n<p>Pirms lieto\u0161anas samais\u012bt!<\/p>\n<p>Kr\u0101su att\u0113lojums notiek digit\u0101l\u0101 vid\u0113, un to\u0146u vizualiz\u0101cija var at\u0161\u0137irties atkar\u012bb\u0101 no ier\u012bces ekr\u0101na iestat\u012bjumiem. Faktiskais kr\u0101sas tonis re\u0101laj\u0101 vid\u0113 var nedaudz at\u0161\u0137irties.<\/p>\n<p><strong>K\u0100 LIETOT?<\/strong><\/p>\n<p><strong>1. solis: Nagu sagatavo\u0161ana<\/strong><\/p>\n<p>S\u0101ciet ar r\u016bp\u012bgu dab\u012bgo nagu sagatavo\u0161anu: not\u012briet ar <strong>Akz\u00e9ntz Prep &amp; Wipe<\/strong>, atb\u012bdiet vai no\u0146emiet kutikulas un viegli mat\u0113jiet naga virsmu, no\u0146emot sp\u012bdumu. Ieteicams izmantot 180 graudain\u012bbas v\u012bli.<\/p>\n<p><strong>2. solis: B\u0101zes uzkl\u0101\u0161ana<\/strong><\/p>\n<p>Uzkl\u0101jiet pl\u0101nu, vienm\u0113r\u012bgu <strong>Luxio\u00ae Base<\/strong> k\u0101rtu naga centr\u0101, uzman\u012bgi pietuvinot oti\u0146u kutikulai, to neaizskarot. Ar vieglu roku izl\u012bdziniet b\u0101zi virzien\u0101 uz br\u012bvo malu, nodro\u0161inot piln\u012bgu naga p\u0101rkl\u0101jumu. Polimeriz\u0113jiet 30 sekundes.<\/p>\n<p><strong>3. solis: Kr\u0101sas uzkl\u0101\u0161ana<\/strong><\/p>\n<p>Izv\u0113lieties v\u0113lamo <strong>Luxio\u00ae Colour<\/strong> toni. Izmantojot to pa\u0161u tehniku, uzkl\u0101jiet kr\u0101su, pietuvinot oti\u0146u kutikulai un vienm\u0113r\u012bgi izkl\u0101jot to pa visu nagu. Polimeriz\u0113jiet 30 sekundes.<\/p>\n<p><strong>4. solis: Otrais kr\u0101sas sl\u0101nis<\/strong><\/p>\n<p>Atk\u0101rtojiet kr\u0101sas uzkl\u0101\u0161anas procesu otrajai k\u0101rtai. Pieredz\u0113ju\u0161iem nagu meistariem iesak\u0101m izmantot smalku l\u012bnijotu, lai uzkl\u0101tu kr\u0101su p\u0113c iesp\u0113jas tuv\u0101k kutikulai, to neaizskarot, lai ieg\u016btu nevainojamu rezult\u0101tu. Polimeriz\u0113jiet 30 sekundes.<\/p>\n<p><strong>5. solis: Pabeig\u0161ana<\/strong><\/p>\n<p>Nosl\u0113dziet proced\u016bru ar <strong>Luxio\u00ae Gloss<\/strong> uzkl\u0101\u0161anu ilgnotur\u012bgam, sp\u012bd\u012bgam fini\u0161am. Polimeriz\u0113jiet 30 sekundes, p\u0113c tam no\u0146emiet lip\u012bgo sl\u0101ni ar <strong>Akz\u00e9ntz Prep &amp; Wipe<\/strong>. Ja v\u0113laties bezlip\u012bgu virsk\u0101rtu, izmantojiet <strong>Akz\u00e9ntz Shine-On<\/strong>. Mat\u0113tu efektu var pan\u0101kt ar <strong>Akz\u00e9ntz Matte-On<\/strong>.<\/p>\n<p><strong>Ide\u0101li piem\u0113rots:<\/strong> \u012asiem, trausliem, v\u0101jiem vai m\u012bkstiem un elast\u012bgiem nagiem. Piem\u0113rots visiem nagu tipiem.<\/p>\n<p><strong>Tikai profesion\u0101lai lieto\u0161anai<\/strong> <strong>15mL \/ 0.5oz<\/strong><\/p>\n","protected":false},"excerpt":{"rendered":"<p><strong>SOAK-OFF G\u0112LA LAKA<\/strong><\/p>\n<p><strong>Afterglow<\/strong> \u2014 gai\u0161s paste\u013croz\u0101 tonis.<\/p>\n<p><strong>PRODUKTA PRIEK\u0160ROC\u012aBAS<\/strong><\/p>\n<ul>\n<li>100% t\u012brs g\u0113ls<\/li>\n<li>Bez TPO, HEMA, \u0161\u0137\u012bdin\u0101t\u0101jiem, smar\u017eas un 10-Free formula<\/li>\n<li>Pa\u0161izl\u012bdzino\u0161a tekst\u016bra<\/li>\n<li>Viegla uzkl\u0101\u0161ana<\/li>\n<li>Nesaraujas<\/li>\n<li>Kr\u0101sas ar izcilu, vienm\u0113r\u012bgu p\u0101rkl\u0101jumu<\/li>\n<li>\u012apa\u0161i iztur\u012bgs un ilgnotur\u012bgs rezult\u0101ts<\/li>\n<li>Neplais\u0101, nelob\u0101s un neatdal\u0101s<\/li>\n<li>Viegli no\u0146emams ar <strong>Akz\u00e9ntz Soak-Off Solution<\/strong><\/li>\n<li>Ra\u017eots Kan\u0101d\u0101 (izmantojot Eiropas un Zieme\u013camerikas sast\u0101vda\u013cas)<\/li>\n<\/ul>\n<p><strong>PAR PRODUKTU<\/strong><\/p>\n<p><strong>Luxio\u00ae by Akzentz<\/strong> \u2014 t\u012br\u0101 grezn\u012bba pudel\u012bt\u0113. M\u016bsu kr\u0113m\u012bg\u0101, bag\u0101t\u012bgi pigment\u0113t\u0101 formula nodro\u0161ina vienm\u0113r\u012bgu un gludu p\u0101rkl\u0101jumu katru reizi. T\u0101 ir t\u012bra g\u0113la formula, kas atvieglo uzkl\u0101\u0161anu un nodro\u0161ina nep\u0101rsp\u0113jamu iztur\u012bbu, vienlaikus saglab\u0101jot dab\u012bgo nagu vesel\u012bbu. <strong>Luxio\u00ae<\/strong> pied\u0101v\u0101 grezn\u0101ko pieredzi ne tikai nagu meistaram, bet ar\u012b vispras\u012bg\u0101kajiem klientiem.<\/p>\n","protected":false},"featured_media":13726,"comment_status":"open","ping_status":"closed","template":"","meta":{"site-sidebar-layout":"default","site-content-layout":"","ast-site-content-layout":"default","site-content-style":"default","site-sidebar-style":"default","ast-global-header-display":"","ast-banner-title-visibility":"","ast-main-header-display":"","ast-hfb-above-header-display":"","ast-hfb-below-header-display":"","ast-hfb-mobile-header-display":"","site-post-title":"","ast-breadcrumbs-content":"","ast-featured-img":"","footer-sml-layout":"","theme-transparent-header-meta":"default","adv-header-id-meta":"","stick-header-meta":"","header-above-stick-meta":"","header-main-stick-meta":"","header-below-stick-meta":"","astra-migrate-meta-layouts":"default","ast-page-background-enabled":"default","ast-page-background-meta":{"desktop":{"background-color":"","background-image":"","background-repeat":"repeat","background-position":"center center","background-size":"auto","background-attachment":"scroll","background-type":"","background-media":"","overlay-type":"","overlay-color":"","overlay-opacity":"","overlay-gradient":""},"tablet":{"background-color":"","background-image":"","background-repeat":"repeat","background-position":"center center","background-size":"auto","background-attachment":"scroll","background-type":"","background-media":"","overlay-type":"","overlay-color":"","overlay-opacity":"","overlay-gradient":""},"mobile":{"background-color":"","background-image":"","background-repeat":"repeat","background-position":"center center","background-size":"auto","background-attachment":"scroll","background-type":"","background-media":"","overlay-type":"","overlay-color":"","overlay-opacity":"","overlay-gradient":""}},"ast-content-background-meta":{"desktop":{"background-color":"var(--ast-global-color-5)","background-image":"","background-repeat":"repeat","background-position":"center center","background-size":"auto","background-attachment":"scroll","background-type":"","background-media":"","overlay-type":"","overlay-color":"","overlay-opacity":"","overlay-gradient":""},"tablet":{"background-color":"var(--ast-global-color-5)","background-image":"","background-repeat":"repeat","background-position":"center center","background-size":"auto","background-attachment":"scroll","background-type":"","background-media":"","overlay-type":"","overlay-color":"","overlay-opacity":"","overlay-gradient":""},"mobile":{"background-color":"var(--ast-global-color-5)","background-image":"","background-repeat":"repeat","background-position":"center center","background-size":"auto","background-attachment":"scroll","background-type":"","background-media":"","overlay-type":"","overlay-color":"","overlay-opacity":"","overlay-gradient":""}}},"product_brand":[3605],"product_cat":[64,79],"product_tag":[3529],"class_list":{"0":"post-13729","1":"product","2":"type-product","3":"status-publish","4":"has-post-thumbnail","6":"product_brand-luxio","7":"product_cat-akzentz-lv","8":"product_cat-luxio-gel-lv","9":"product_tag-luxio_colour-lv","10":"desktop-align-left","11":"tablet-align-left","12":"mobile-align-left","14":"first","15":"instock","16":"sale","17":"taxable","18":"shipping-taxable","19":"purchasable","20":"product-type-simple"},"jetpack_sharing_enabled":true,"_links":{"self":[{"href":"https:\/\/tihani.eu\/lv\/wp-json\/wp\/v2\/product\/13729","targetHints":{"allow":["GET"]}}],"collection":[{"href":"https:\/\/tihani.eu\/lv\/wp-json\/wp\/v2\/product"}],"about":[{"href":"https:\/\/tihani.eu\/lv\/wp-json\/wp\/v2\/types\/product"}],"replies":[{"embeddable":true,"href":"https:\/\/tihani.eu\/lv\/wp-json\/wp\/v2\/comments?post=13729"}],"wp:featuredmedia":[{"embeddable":true,"href":"https:\/\/tihani.eu\/lv\/wp-json\/wp\/v2\/media\/13726"}],"wp:attachment":[{"href":"https:\/\/tihani.eu\/lv\/wp-json\/wp\/v2\/media?parent=13729"}],"wp:term":[{"taxonomy":"product_brand","embeddable":true,"href":"https:\/\/tihani.eu\/lv\/wp-json\/wp\/v2\/product_brand?post=13729"},{"taxonomy":"product_cat","embeddable":true,"href":"https:\/\/tihani.eu\/lv\/wp-json\/wp\/v2\/product_cat?post=13729"},{"taxonomy":"product_tag","embeddable":true,"href":"https:\/\/tihani.eu\/lv\/wp-json\/wp\/v2\/product_tag?post=13729"}],"curies":[{"name":"wp","href":"https:\/\/api.w.org\/{rel}","templated":true}]}}