{"id":13189,"date":"2025-09-22T11:11:10","date_gmt":"2025-09-22T09:11:10","guid":{"rendered":"https:\/\/tihani.eu\/product\/akzentz-compact-led-lampa\/"},"modified":"2025-10-20T13:53:45","modified_gmt":"2025-10-20T11:53:45","slug":"akzentz-compact-led-lampa","status":"publish","type":"product","link":"https:\/\/tihani.eu\/lv\/produkts\/akzentz-compact-led-lampa\/","title":{"rendered":"AKZENTZ COMPACT LED LAMPA"},"content":{"rendered":"<p><strong>PRIEK\u0160ROC\u012aBAS<\/strong><\/p>\n<ul>\n<li>18 W<\/li>\n<li>9 LED diodi<\/li>\n<li>Autom\u0101tiskie roku sensori<\/li>\n<li>Taimeri: 5, 10 un 30 sekundes<\/li>\n<li>Izm\u0113ri: 170 \u00d7 128 \u00d7 72 mm<\/li>\n<li>No\u0146emama magn\u0113tisk\u0101 papl\u0101te no ner\u016bs\u0113jo\u0161\u0101 t\u0113rauda<\/li>\n<\/ul>\n","protected":false},"excerpt":{"rendered":"<p><strong>Akz\u00e9ntz Compact LED Light<\/strong> ir p\u0101rn\u0113s\u0101jama, profesion\u0101las klases lampa, kas ide\u0101li piem\u0113rota \u010detru pirkstu un \u012bk\u0161\u0137a atsevi\u0161\u0137ai polimeriz\u0101cijai. Lieliski piem\u0113rota mobilajiem pakalpojumiem vai darba viet\u0101m ar ierobe\u017eotu telpu. Neskatoties uz kompaktajiem izm\u0113riem, \u0161\u012b viegl\u0101 ier\u012bce nodro\u0161ina augstas veiktsp\u0113jas LED apgaismojumu un p\u0101rsteidzo\u0161i \u0113rtu, ietilp\u012bgu iek\u0161pusi.<\/p>\n<p><strong>1 gada garantija<\/strong> ra\u017eo\u0161anas defektiem.<\/p>\n","protected":false},"featured_media":13181,"comment_status":"open","ping_status":"closed","template":"","meta":{"site-sidebar-layout":"default","site-content-layout":"","ast-site-content-layout":"default","site-content-style":"default","site-sidebar-style":"default","ast-global-header-display":"","ast-banner-title-visibility":"","ast-main-header-display":"","ast-hfb-above-header-display":"","ast-hfb-below-header-display":"","ast-hfb-mobile-header-display":"","site-post-title":"","ast-breadcrumbs-content":"","ast-featured-img":"","footer-sml-layout":"","theme-transparent-header-meta":"default","adv-header-id-meta":"","stick-header-meta":"","header-above-stick-meta":"","header-main-stick-meta":"","header-below-stick-meta":"","astra-migrate-meta-layouts":"default","ast-page-background-enabled":"default","ast-page-background-meta":{"desktop":{"background-color":"","background-image":"","background-repeat":"repeat","background-position":"center center","background-size":"auto","background-attachment":"scroll","background-type":"","background-media":"","overlay-type":"","overlay-color":"","overlay-opacity":"","overlay-gradient":""},"tablet":{"background-color":"","background-image":"","background-repeat":"repeat","background-position":"center center","background-size":"auto","background-attachment":"scroll","background-type":"","background-media":"","overlay-type":"","overlay-color":"","overlay-opacity":"","overlay-gradient":""},"mobile":{"background-color":"","background-image":"","background-repeat":"repeat","background-position":"center center","background-size":"auto","background-attachment":"scroll","background-type":"","background-media":"","overlay-type":"","overlay-color":"","overlay-opacity":"","overlay-gradient":""}},"ast-content-background-meta":{"desktop":{"background-color":"var(--ast-global-color-5)","background-image":"","background-repeat":"repeat","background-position":"center center","background-size":"auto","background-attachment":"scroll","background-type":"","background-media":"","overlay-type":"","overlay-color":"","overlay-opacity":"","overlay-gradient":""},"tablet":{"background-color":"var(--ast-global-color-5)","background-image":"","background-repeat":"repeat","background-position":"center center","background-size":"auto","background-attachment":"scroll","background-type":"","background-media":"","overlay-type":"","overlay-color":"","overlay-opacity":"","overlay-gradient":""},"mobile":{"background-color":"var(--ast-global-color-5)","background-image":"","background-repeat":"repeat","background-position":"center center","background-size":"auto","background-attachment":"scroll","background-type":"","background-media":"","overlay-type":"","overlay-color":"","overlay-opacity":"","overlay-gradient":""}}},"product_brand":[3513],"product_cat":[64,2226],"product_tag":[3501,3500],"class_list":{"0":"post-13189","1":"product","2":"type-product","3":"status-publish","4":"has-post-thumbnail","6":"product_brand-akzentz","7":"product_cat-akzentz-lv","8":"product_cat-lamps-lv","9":"product_tag-led-curing-lights-lv","10":"product_tag-led-lamp-lv","11":"desktop-align-left","12":"tablet-align-left","13":"mobile-align-left","15":"first","16":"instock","17":"sale","18":"taxable","19":"shipping-taxable","20":"purchasable","21":"product-type-simple"},"jetpack_sharing_enabled":true,"_links":{"self":[{"href":"https:\/\/tihani.eu\/lv\/wp-json\/wp\/v2\/product\/13189","targetHints":{"allow":["GET"]}}],"collection":[{"href":"https:\/\/tihani.eu\/lv\/wp-json\/wp\/v2\/product"}],"about":[{"href":"https:\/\/tihani.eu\/lv\/wp-json\/wp\/v2\/types\/product"}],"replies":[{"embeddable":true,"href":"https:\/\/tihani.eu\/lv\/wp-json\/wp\/v2\/comments?post=13189"}],"wp:featuredmedia":[{"embeddable":true,"href":"https:\/\/tihani.eu\/lv\/wp-json\/wp\/v2\/media\/13181"}],"wp:attachment":[{"href":"https:\/\/tihani.eu\/lv\/wp-json\/wp\/v2\/media?parent=13189"}],"wp:term":[{"taxonomy":"product_brand","embeddable":true,"href":"https:\/\/tihani.eu\/lv\/wp-json\/wp\/v2\/product_brand?post=13189"},{"taxonomy":"product_cat","embeddable":true,"href":"https:\/\/tihani.eu\/lv\/wp-json\/wp\/v2\/product_cat?post=13189"},{"taxonomy":"product_tag","embeddable":true,"href":"https:\/\/tihani.eu\/lv\/wp-json\/wp\/v2\/product_tag?post=13189"}],"curies":[{"name":"wp","href":"https:\/\/api.w.org\/{rel}","templated":true}]}}