{"id":13176,"date":"2025-09-21T23:14:05","date_gmt":"2025-09-21T21:14:05","guid":{"rendered":"https:\/\/tihani.eu\/product\/akzentz-hybrid-pro-2-0-led-lampa\/"},"modified":"2025-09-22T11:17:13","modified_gmt":"2025-09-22T09:17:13","slug":"akzentz-hybrid-pro-2-0-led-lampa","status":"publish","type":"product","link":"https:\/\/tihani.eu\/lv\/produkts\/akzentz-hybrid-pro-2-0-led-lampa\/","title":{"rendered":"AKZENTZ HYBRID-PRO 2.0 LED LAMPA"},"content":{"rendered":"<p><strong>LIETO\u0160ANAS INSTRUKCIJA<\/strong><\/p>\n<p><strong>10s poga<\/strong> Nospiediet, lai aktiviz\u0113tu 10 sekun\u017eu polimeriz\u0101ciju (LED \u201cfreeze\u201d re\u017e\u012bms). Ilgi nospie\u017eot, tiek aktiviz\u0113ts klusais re\u017e\u012bms \u2014 visas funkcijas darbojas k\u0101 parasti. Lai deaktiviz\u0113tu kluso re\u017e\u012bmu, v\u0113lreiz ilgi nospiediet 10s pogu \u2014 lampa p\u012bkst\u0113s, apstiprinot re\u017e\u012bma izsl\u0113g\u0161anu.<\/p>\n<p><strong>30s poga<\/strong> Nospiediet, lai aktiviz\u0113tu 30 sekun\u017eu taimeri (LED pilnas jaudas polimeriz\u0101cija). Ilgi nospie\u017eot, tiek aktiviz\u0113ta 60 sekun\u017eu UV polimeriz\u0101cija.<\/p>\n<p><strong>60s poga<\/strong> Nospiediet, lai aktiviz\u0113tu 60 sekun\u017eu zemas temperat\u016bras polimeriz\u0101ciju (LED pak\u0101peniska polimeriz\u0101cija).<\/p>\n<div><\/div>\n<p><strong>SPECIFIK\u0100CIJA<\/strong><\/p>\n<ul>\n<li>Pla\u0161s polimeriz\u0101cijas spektrs: 360\u2013420nm (nanometri)<\/li>\n<li>Maksim\u0101l\u0101 intensit\u0101te (390\u2013420nm): 29.47 W\/m\u00b2<\/li>\n<li>Izm\u0113ri: Augstums \u2014 86mm (3.3&#8243;), Platums \u2014 210mm (8.27&#8243;), Dzi\u013cums \u2014 212mm (8.35&#8243;)<\/li>\n<\/ul>\n<div><\/div>\n","protected":false},"excerpt":{"rendered":"<p><strong>Hybrid Pro 2.0<\/strong> apvieno progres\u012bvu tehnolo\u0123iju ar est\u0113tiku. Jaunais 60 sekun\u017eu zemas temperat\u016bras re\u017e\u012bms samazina diskomfortu, ko rada karstuma vi\u013c\u0146i, nezaud\u0113jot polimeriz\u0101cijas efektivit\u0101ti. Jaunais klusais re\u017e\u012bms uzlabo klienta pieredzi, izsl\u0113dzot taimeru ska\u0146as un pogu sign\u0101lus, nodro\u0161inot mier\u012bgu un nep\u0101rtrauktu pakalpojumu. Prec\u012bzi izstr\u0101d\u0101ts, lai perfekti polimeriz\u0113tu visus <strong>Akz\u00e9ntz\u00ae<\/strong> g\u0113la produktus, <strong>Hybrid Pro 2.0<\/strong> nosaka jaunu standartu profesion\u0101laj\u0101 polimeriz\u0101cij\u0101.<\/p>\n<p><strong>PRIEK\u0160ROC\u012aBAS:<\/strong><\/p>\n<ul>\n<li>Jauns 60 sekun\u017eu zemas temperat\u016bras re\u017e\u012bms<\/li>\n<li>Jauns klusais re\u017e\u012bms<\/li>\n<li>Jauni iek\u0161\u0113jie uzlabojumi iztur\u012bbai un veiktsp\u0113jai<\/li>\n<li>Sp\u0113c\u012bga un piln\u012bga polimeriz\u0101cija visiem Akz\u00e9ntz g\u0113liem<\/li>\n<li>Laboratoriskos testos sal\u012bdzin\u0101jum\u0101 ar popul\u0101r\u0101m bud\u017eeta lamp\u0101m \u2014 1.14\u00d7 jaud\u012bg\u0101ka<\/li>\n<li>Autom\u0101tiskie roku sensori<\/li>\n<li>10, 30 un 60 sekun\u017eu taimeri<\/li>\n<li>Digit\u0101lais taimeris<\/li>\n<li>Pilna rokas izm\u0113ra virsma<\/li>\n<li>No\u0146emama ner\u016bs\u0113jo\u0161\u0101 t\u0113rauda magn\u0113tisk\u0101 papl\u0101te ar pirkstu novieto\u0161anas vadotn\u0113m<\/li>\n<li>UV + LED polimeriz\u0101cija<\/li>\n<li>Konsekventi un uzticami rezult\u0101ti<\/li>\n<li>Atbilst RoHS pras\u012bb\u0101m<\/li>\n<li>CE sertific\u0113ta<\/li>\n<li>Savietojama ar ori\u0123in\u0101laj\u0101m Hybrid-Pro\u2122 rezerves spuldz\u0113m un str\u0101vas adapteriem<\/li>\n<\/ul>\n<p><strong>GARANTIJA:<\/strong><\/p>\n<p><strong>Hybrid-Pro 2.0<\/strong> ir 1 gada ierobe\u017eota garantija pret ra\u017eo\u0161anas defektiem no ieg\u0101des datuma.<\/p>\n","protected":false},"featured_media":13133,"comment_status":"open","ping_status":"closed","template":"","meta":{"site-sidebar-layout":"default","site-content-layout":"","ast-site-content-layout":"default","site-content-style":"default","site-sidebar-style":"default","ast-global-header-display":"","ast-banner-title-visibility":"","ast-main-header-display":"","ast-hfb-above-header-display":"","ast-hfb-below-header-display":"","ast-hfb-mobile-header-display":"","site-post-title":"","ast-breadcrumbs-content":"","ast-featured-img":"","footer-sml-layout":"","theme-transparent-header-meta":"default","adv-header-id-meta":"","stick-header-meta":"","header-above-stick-meta":"","header-main-stick-meta":"","header-below-stick-meta":"","astra-migrate-meta-layouts":"default","ast-page-background-enabled":"default","ast-page-background-meta":{"desktop":{"background-color":"","background-image":"","background-repeat":"repeat","background-position":"center center","background-size":"auto","background-attachment":"scroll","background-type":"","background-media":"","overlay-type":"","overlay-color":"","overlay-opacity":"","overlay-gradient":""},"tablet":{"background-color":"","background-image":"","background-repeat":"repeat","background-position":"center center","background-size":"auto","background-attachment":"scroll","background-type":"","background-media":"","overlay-type":"","overlay-color":"","overlay-opacity":"","overlay-gradient":""},"mobile":{"background-color":"","background-image":"","background-repeat":"repeat","background-position":"center center","background-size":"auto","background-attachment":"scroll","background-type":"","background-media":"","overlay-type":"","overlay-color":"","overlay-opacity":"","overlay-gradient":""}},"ast-content-background-meta":{"desktop":{"background-color":"var(--ast-global-color-5)","background-image":"","background-repeat":"repeat","background-position":"center center","background-size":"auto","background-attachment":"scroll","background-type":"","background-media":"","overlay-type":"","overlay-color":"","overlay-opacity":"","overlay-gradient":""},"tablet":{"background-color":"var(--ast-global-color-5)","background-image":"","background-repeat":"repeat","background-position":"center center","background-size":"auto","background-attachment":"scroll","background-type":"","background-media":"","overlay-type":"","overlay-color":"","overlay-opacity":"","overlay-gradient":""},"mobile":{"background-color":"var(--ast-global-color-5)","background-image":"","background-repeat":"repeat","background-position":"center center","background-size":"auto","background-attachment":"scroll","background-type":"","background-media":"","overlay-type":"","overlay-color":"","overlay-opacity":"","overlay-gradient":""}}},"product_brand":[],"product_cat":[2446,64,2226],"product_tag":[3501,3500],"class_list":{"0":"post-13176","1":"product","2":"type-product","3":"status-publish","4":"has-post-thumbnail","6":"product_cat-newin-lv","7":"product_cat-akzentz-lv","8":"product_cat-lamps-lv","9":"product_tag-led-curing-lights-lv","10":"product_tag-led-lamp-lv","11":"desktop-align-left","12":"tablet-align-left","13":"mobile-align-left","15":"first","16":"outofstock","17":"taxable","18":"shipping-taxable","19":"purchasable","20":"product-type-simple"},"jetpack_sharing_enabled":true,"_links":{"self":[{"href":"https:\/\/tihani.eu\/lv\/wp-json\/wp\/v2\/product\/13176","targetHints":{"allow":["GET"]}}],"collection":[{"href":"https:\/\/tihani.eu\/lv\/wp-json\/wp\/v2\/product"}],"about":[{"href":"https:\/\/tihani.eu\/lv\/wp-json\/wp\/v2\/types\/product"}],"replies":[{"embeddable":true,"href":"https:\/\/tihani.eu\/lv\/wp-json\/wp\/v2\/comments?post=13176"}],"wp:featuredmedia":[{"embeddable":true,"href":"https:\/\/tihani.eu\/lv\/wp-json\/wp\/v2\/media\/13133"}],"wp:attachment":[{"href":"https:\/\/tihani.eu\/lv\/wp-json\/wp\/v2\/media?parent=13176"}],"wp:term":[{"taxonomy":"product_brand","embeddable":true,"href":"https:\/\/tihani.eu\/lv\/wp-json\/wp\/v2\/product_brand?post=13176"},{"taxonomy":"product_cat","embeddable":true,"href":"https:\/\/tihani.eu\/lv\/wp-json\/wp\/v2\/product_cat?post=13176"},{"taxonomy":"product_tag","embeddable":true,"href":"https:\/\/tihani.eu\/lv\/wp-json\/wp\/v2\/product_tag?post=13176"}],"curies":[{"name":"wp","href":"https:\/\/api.w.org\/{rel}","templated":true}]}}