{"id":13128,"date":"2025-09-21T22:25:31","date_gmt":"2025-09-21T20:25:31","guid":{"rendered":"https:\/\/tihani.eu\/product\/diamond-shine-on-tack-free-top-coat-15ml\/"},"modified":"2026-03-08T21:24:35","modified_gmt":"2026-03-08T19:24:35","slug":"diamond-shine-on-tack-free-top-coat-15ml","status":"publish","type":"product","link":"https:\/\/tihani.eu\/lv\/produkts\/diamond-shine-on-tack-free-top-coat-15ml\/","title":{"rendered":"DIAMOND SHINE-ON TACK FREE TOP COAT 15ml"},"content":{"rendered":"<p><strong>SAST\u0100VS: <\/strong>PPG-3 GLYCERYL ETHER TRIACRYLATE, BIS-HEMA POLY(1,4-BUTANEDIOL)-9\/IPDI COPOLYMER, PENTAERYTHRITYL TETRAMERCAPTOPROPIONATE, BIS-HEMA POLY(1,4-BUTANEDIOL)-9\/SMDI COPOLYMER, DIETHYLENE GLYCOL DIMETHACRYLATE, TRIMETHYLBENZOYL DITOLYLPHOSPHINE OXIDE, ISOPROPYL PHENYL DIMETHICONE, C|60725<\/p>\n<p><strong>1. solis: P\u0113c Builder vai Colour Gel uzkl\u0101\u0161anas<\/strong><\/p>\n<p>P\u0113c jebkura <strong>Akz\u00e9ntz<\/strong> g\u0113la pakalpojuma vienm\u0113r\u012bgi uzkl\u0101jiet pl\u0101nu <strong>Shine-On Diamond<\/strong> k\u0101rtu uz visas naga virsmas, uzman\u012bgi pietuvinot oti\u0146u kutikulai, to neaizskarot. \u013baujiet g\u0113lam \u012bsu br\u012bdi pa\u0161izl\u012bdzin\u0101ties, lai izveidotu perfektu, gludu un stiklainu virsmu.<\/p>\n<p><strong>2. solis: Polimeriz\u0101cija<\/strong><\/p>\n<p>Polimeriz\u0113jiet 30 sekundes <strong>Akz\u00e9ntz LED<\/strong> lamp\u0101. Optim\u0101lam rezult\u0101tam ieteicams izmantot <strong>Akz\u00e9ntz<\/strong> z\u012bmola lampu. Lietojot citas z\u012bmola lampu, var b\u016bt nepiecie\u0161ams ilg\u0101ks polimeriz\u0101cijas laiks.<\/p>\n<p><strong>3. solis: Pabeig\u0161ana<\/strong><\/p>\n<p>P\u0113c polimeriz\u0101cijas tiek ieg\u016bts skaists, mitrs sp\u012bdums. Nav nepiecie\u0161ams noslauc\u012bt vai veikt papildu darb\u012bbas.<\/p>\n<p><strong>Ide\u0101li piem\u0113rots:<\/strong><\/p>\n<p>Visiem g\u0113la nagu pakalpojumiem, kur nepiecie\u0161ams maksim\u0101li sp\u012bd\u012bgs un ilgnotur\u012bgs rezult\u0101ts. Nav ieteicams pakalpojumiem, kur nepiecie\u0161ama no\u0146em\u0161ana ar m\u0113rc\u0113\u0161anu.<\/p>\n","protected":false},"excerpt":{"rendered":"<p><strong>Iepaz\u012bstin\u0101m ar n\u0101kam\u0101s paaudzes, godalgoto, fini\u0161a p\u0101rkl\u0101jumu bez lip\u012bgas k\u0101rtas\u2014 Diamond Shine-On\u2122.<\/strong> Piln\u012bgi jauna formula padara to par m\u016bsu sp\u012bd\u012bg\u0101ko un iztur\u012bg\u0101ko fini\u0161a p\u0101rkl\u0101jumu\u00a0 \u2014 ar nep\u0101rsp\u0113jamu mirdzumu, uzlabotu iztur\u012bbu pret skr\u0101p\u0113jumiem un paaugstin\u0101tu optisko skaidr\u012bbu. Glud\u0101ka, kontrol\u0113t\u0101ka viskozit\u0101te ar pa\u0161izl\u012bdzino\u0161u efektu, kas pal\u012bdz nosl\u0113pt nepiln\u012bbas. Tagad piln\u012bb\u0101 <strong>bez HEMA un TPO<\/strong>. Un tas viss \u2014 par to pa\u0161u cenu k\u0101 iepriek\u0161.<\/p>\n<p><strong>Jaunin\u0101jums tik spo\u017es k\u0101 dimanti.<\/strong> <strong>Tilpums:<\/strong> 15mL \/ 0.5oz<\/p>\n<p><em>Svar\u012bga piez\u012bme:<\/em> Diamond Shine-On ir sp\u012bd\u012bg\u0101ka un slidena formula, kas nav tik labi savietojama ar hroma\/efekta pulveriem, piem\u0113ram, <strong>Gel-Play Pearlescent Powders<\/strong>. \u0160\u0101dos gad\u012bjumos iesak\u0101m izmantot <strong>Shine-On\u2122 Original<\/strong> formulu.<\/p>\n<p><strong>Produkta priek\u0161roc\u012bbas:<\/strong><\/p>\n<ul>\n<li>Laboratoriski m\u0113r\u012bts 95GU (sp\u012bduma vien\u012bbas) \u2014 augst\u0101kais r\u0101d\u012bt\u0101js, k\u0101ds mums jebkad bijis, augst\u0101ks nek\u0101 konkurentiem (Original Shine-On \u2014 88GU)<\/li>\n<li>Vid\u0113ja viskozit\u0101te ar liel\u0101ku \u201csl\u012bdam\u012bbu\u201d<\/li>\n<li>Pa\u0161izl\u012bdzino\u0161a formula gludam fini\u0161am<\/li>\n<li>M\u016bsu ilgnotur\u012bg\u0101kais un iztur\u012bg\u0101kais sp\u012bdums<\/li>\n<li>Vienk\u0101r\u0161a uzkl\u0101\u0161ana<\/li>\n<li>Savietojams ar visiem Akz\u00e9ntz g\u0113liem<\/li>\n<li>Nesaraujas<\/li>\n<li>Nedzelt\u0113 un nemaina kr\u0101su<\/li>\n<li>Neplais\u0101, nelob\u0101s un nenodilst<\/li>\n<li>Polimeriz\u0113jas bez lip\u012bg\u0101 sl\u0101\u0146a<\/li>\n<li>Uzticami un konsekventi rezult\u0101ti<\/li>\n<\/ul>\n<p><strong style=\"font-size: 16px;\">Formulas inform\u0101cija:<\/strong><\/p>\n<ul>\n<li style=\"list-style-type: none;\">\n<ul>\n<li>100% t\u012brs g\u0113ls<\/li>\n<li>Bez TPO, HEMA, \u0161\u0137\u012bdin\u0101t\u0101jiem<\/li>\n<li>10-Free formula<\/li>\n<li>Ciet\u0101 g\u0113la formula<\/li>\n<li>Ra\u017eots Kan\u0101d\u0101 (izmantojot Eiropas un Zieme\u013camerikas sast\u0101vda\u013cas)<\/li>\n<li><strong>Tikai profesion\u0101lai lieto\u0161anai<\/strong><\/li>\n<\/ul>\n<\/li>\n<\/ul>\n","protected":false},"featured_media":13117,"comment_status":"open","ping_status":"closed","template":"","meta":{"site-sidebar-layout":"default","site-content-layout":"","ast-site-content-layout":"default","site-content-style":"default","site-sidebar-style":"default","ast-global-header-display":"","ast-banner-title-visibility":"","ast-main-header-display":"","ast-hfb-above-header-display":"","ast-hfb-below-header-display":"","ast-hfb-mobile-header-display":"","site-post-title":"","ast-breadcrumbs-content":"","ast-featured-img":"","footer-sml-layout":"","theme-transparent-header-meta":"default","adv-header-id-meta":"","stick-header-meta":"","header-above-stick-meta":"","header-main-stick-meta":"","header-below-stick-meta":"","astra-migrate-meta-layouts":"default","ast-page-background-enabled":"default","ast-page-background-meta":{"desktop":{"background-color":"","background-image":"","background-repeat":"repeat","background-position":"center center","background-size":"auto","background-attachment":"scroll","background-type":"","background-media":"","overlay-type":"","overlay-color":"","overlay-opacity":"","overlay-gradient":""},"tablet":{"background-color":"","background-image":"","background-repeat":"repeat","background-position":"center center","background-size":"auto","background-attachment":"scroll","background-type":"","background-media":"","overlay-type":"","overlay-color":"","overlay-opacity":"","overlay-gradient":""},"mobile":{"background-color":"","background-image":"","background-repeat":"repeat","background-position":"center center","background-size":"auto","background-attachment":"scroll","background-type":"","background-media":"","overlay-type":"","overlay-color":"","overlay-opacity":"","overlay-gradient":""}},"ast-content-background-meta":{"desktop":{"background-color":"var(--ast-global-color-5)","background-image":"","background-repeat":"repeat","background-position":"center center","background-size":"auto","background-attachment":"scroll","background-type":"","background-media":"","overlay-type":"","overlay-color":"","overlay-opacity":"","overlay-gradient":""},"tablet":{"background-color":"var(--ast-global-color-5)","background-image":"","background-repeat":"repeat","background-position":"center center","background-size":"auto","background-attachment":"scroll","background-type":"","background-media":"","overlay-type":"","overlay-color":"","overlay-opacity":"","overlay-gradient":""},"mobile":{"background-color":"var(--ast-global-color-5)","background-image":"","background-repeat":"repeat","background-position":"center center","background-size":"auto","background-attachment":"scroll","background-type":"","background-media":"","overlay-type":"","overlay-color":"","overlay-opacity":"","overlay-gradient":""}}},"product_brand":[3513],"product_cat":[2446,64,73],"product_tag":[3521,3522,3523],"class_list":{"0":"post-13128","1":"product","2":"type-product","3":"status-publish","4":"has-post-thumbnail","6":"product_brand-akzentz","7":"product_cat-newin-lv","8":"product_cat-akzentz-lv","9":"product_cat-top-lv","10":"product_tag-diamond_shine-on-lv","11":"product_tag-tack_free_top_coat-lv","12":"product_tag-top-coat-lv","13":"desktop-align-left","14":"tablet-align-left","15":"mobile-align-left","17":"first","18":"instock","19":"taxable","20":"shipping-taxable","21":"purchasable","22":"product-type-simple"},"jetpack_sharing_enabled":true,"_links":{"self":[{"href":"https:\/\/tihani.eu\/lv\/wp-json\/wp\/v2\/product\/13128","targetHints":{"allow":["GET"]}}],"collection":[{"href":"https:\/\/tihani.eu\/lv\/wp-json\/wp\/v2\/product"}],"about":[{"href":"https:\/\/tihani.eu\/lv\/wp-json\/wp\/v2\/types\/product"}],"replies":[{"embeddable":true,"href":"https:\/\/tihani.eu\/lv\/wp-json\/wp\/v2\/comments?post=13128"}],"wp:featuredmedia":[{"embeddable":true,"href":"https:\/\/tihani.eu\/lv\/wp-json\/wp\/v2\/media\/13117"}],"wp:attachment":[{"href":"https:\/\/tihani.eu\/lv\/wp-json\/wp\/v2\/media?parent=13128"}],"wp:term":[{"taxonomy":"product_brand","embeddable":true,"href":"https:\/\/tihani.eu\/lv\/wp-json\/wp\/v2\/product_brand?post=13128"},{"taxonomy":"product_cat","embeddable":true,"href":"https:\/\/tihani.eu\/lv\/wp-json\/wp\/v2\/product_cat?post=13128"},{"taxonomy":"product_tag","embeddable":true,"href":"https:\/\/tihani.eu\/lv\/wp-json\/wp\/v2\/product_tag?post=13128"}],"curies":[{"name":"wp","href":"https:\/\/api.w.org\/{rel}","templated":true}]}}