{"id":12978,"date":"2025-09-16T20:40:32","date_gmt":"2025-09-16T18:40:32","guid":{"rendered":"https:\/\/tihani.eu\/product\/gel-play-glass-blue-10ml\/"},"modified":"2025-12-01T11:41:31","modified_gmt":"2025-12-01T09:41:31","slug":"gel-play-glass-blue-10ml","status":"publish","type":"product","link":"https:\/\/tihani.eu\/lv\/produkts\/gel-play-glass-blue-10ml\/","title":{"rendered":"GEL-PLAY GLASS BLUE 10ml"},"content":{"rendered":"<p><strong>SAST\u0100VS: <\/strong>BIS-HYDROXYETHYL ACRYLATE POLY(NEOPENTYL GLYCOL ADIPATE)\/IPDI COPOLYMER, HYDROXYPROPYL METHACRYLATE, ETHYL TRIMETHYLBENZOYL PHENYLPHOSPHINATE; P-HYDROXYANISOLE, SILICA SILYLATE,\u00a0 [+\/-:C|12085, C|17200, C|15850, C|77007, C|42090, C|47005]<\/p>\n<p><strong>SVAR\u012aGA PIEZ\u012aME <\/strong><\/p>\n<p>Pirms lieto\u0161anas samais\u012bt!<\/p>\n<p>Kr\u0101su att\u0113lojums notiek digit\u0101l\u0101 vid\u0113, un to\u0146u vizualiz\u0101cija var at\u0161\u0137irties atkar\u012bb\u0101 no ier\u012bces ekr\u0101na iestat\u012bjumiem. Faktiskais kr\u0101sas tonis re\u0101laj\u0101 vid\u0113 var nedaudz at\u0161\u0137irties.<\/p>\n<p><strong>PAR GEL-PLAY\u00a0<\/strong><\/p>\n<p><strong>Gel-Play evol\u016bcija no Akz\u00e9ntz \u2014 Gel Play\u2122 Polish<\/strong> \u0160is jaunais produkta form\u0101ts ir bijis \u013coti piepras\u012bts un paver pavisam jaunas iesp\u0113jas satrieco\u0161a nagu m\u0101kslas rad\u012b\u0161anai. Flakons ar otu pied\u0101v\u0101 papildu \u0113rt\u012bbas un daudzpus\u012bbu nagu meistariem, kuri dod priek\u0161roku \u0161\u0101dai uzkl\u0101\u0161anas metodei.<\/p>\n<p><strong>Tikai profesion\u0101lai lieto\u0161anai.<\/strong> Tilpums: 10 mL \/ 0,33 oz<\/p>\n","protected":false},"excerpt":{"rendered":"<p><strong>P\u0101rkl\u0101jums:<\/strong> \u0421aursp\u012bd\u012bgs (stikla efekts)<\/p>\n<p><strong>Segums:<\/strong> 1 \/ 5<\/p>\n<p>Dz\u012bv\u012bgs ci\u0101na zilais tonis ar piln\u012bgu caursp\u012bd\u012bgumu un neatk\u0101rtojami svaigu noska\u0146u. <strong>Glass Blue<\/strong> apvieno skaidr\u012bbu un spilgtumu vien\u0101d\u0101s proporcij\u0101s \u2014 ide\u0101li piem\u0113rots \u016bdens tematikas dizainiem vai kontrast\u0113jo\u0161ai kr\u0101su k\u0101rto\u0161anai.<\/p>\n<ul>\n<li>Speci\u0101li izstr\u0101d\u0101ts nagu m\u0101kslai un efektiem<\/li>\n<li>Kompakts un ekonomisks iepakojums: 10 mL \/ 0,33 oz<\/li>\n<li>Nesatur TPO, HEMA, \u0161\u0137\u012bdin\u0101t\u0101jus un smar\u017evielas<\/li>\n<li>Dro\u0161a formula: 10-Free<\/li>\n<li>Nedaudz biez\u0101ka konsistence (sal\u012bdzin\u0101jum\u0101 ar Luxio\u00ae kr\u0101su g\u0113liem)<\/li>\n<li>Atbilst ES normat\u012bviem<\/li>\n<li>\u012apa\u0161i iztur\u012bgs un ilgnotur\u012bgs rezult\u0101ts<\/li>\n<li>Neplais\u0101, neatdal\u0101s un nenolob\u0101s<\/li>\n<li>No\u0146emams ar Akz\u00e9ntz Soak-Off Solution<\/li>\n<li>Ra\u017eots Kan\u0101d\u0101 (formul\u0113ts ar Eiropas un Zieme\u013camerikas sast\u0101vda\u013c\u0101m)<\/li>\n<\/ul>\n","protected":false},"featured_media":13235,"comment_status":"open","ping_status":"closed","template":"","meta":{"site-sidebar-layout":"default","site-content-layout":"","ast-site-content-layout":"default","site-content-style":"default","site-sidebar-style":"default","ast-global-header-display":"","ast-banner-title-visibility":"","ast-main-header-display":"","ast-hfb-above-header-display":"","ast-hfb-below-header-display":"","ast-hfb-mobile-header-display":"","site-post-title":"","ast-breadcrumbs-content":"","ast-featured-img":"","footer-sml-layout":"","theme-transparent-header-meta":"default","adv-header-id-meta":"","stick-header-meta":"","header-above-stick-meta":"","header-main-stick-meta":"","header-below-stick-meta":"","astra-migrate-meta-layouts":"set","ast-page-background-enabled":"default","ast-page-background-meta":{"desktop":{"background-color":"","background-image":"","background-repeat":"repeat","background-position":"center center","background-size":"auto","background-attachment":"scroll","background-type":"","background-media":"","overlay-type":"","overlay-color":"","overlay-opacity":"","overlay-gradient":""},"tablet":{"background-color":"","background-image":"","background-repeat":"repeat","background-position":"center center","background-size":"auto","background-attachment":"scroll","background-type":"","background-media":"","overlay-type":"","overlay-color":"","overlay-opacity":"","overlay-gradient":""},"mobile":{"background-color":"","background-image":"","background-repeat":"repeat","background-position":"center center","background-size":"auto","background-attachment":"scroll","background-type":"","background-media":"","overlay-type":"","overlay-color":"","overlay-opacity":"","overlay-gradient":""}},"ast-content-background-meta":{"desktop":{"background-color":"var(--ast-global-color-5)","background-image":"","background-repeat":"repeat","background-position":"center center","background-size":"auto","background-attachment":"scroll","background-type":"","background-media":"","overlay-type":"","overlay-color":"","overlay-opacity":"","overlay-gradient":""},"tablet":{"background-color":"var(--ast-global-color-5)","background-image":"","background-repeat":"repeat","background-position":"center center","background-size":"auto","background-attachment":"scroll","background-type":"","background-media":"","overlay-type":"","overlay-color":"","overlay-opacity":"","overlay-gradient":""},"mobile":{"background-color":"var(--ast-global-color-5)","background-image":"","background-repeat":"repeat","background-position":"center center","background-size":"auto","background-attachment":"scroll","background-type":"","background-media":"","overlay-type":"","overlay-color":"","overlay-opacity":"","overlay-gradient":""}}},"product_brand":[3604],"product_cat":[64,1656],"product_tag":[3493],"class_list":{"0":"post-12978","1":"product","2":"type-product","3":"status-publish","4":"has-post-thumbnail","6":"product_brand-gel-play","7":"product_cat-akzentz-lv","8":"product_cat-gel-play-lv","9":"product_tag-gelplay_glassblue-lv","10":"desktop-align-left","11":"tablet-align-left","12":"mobile-align-left","14":"first","15":"instock","16":"taxable","17":"shipping-taxable","18":"purchasable","19":"product-type-simple"},"jetpack_sharing_enabled":true,"_links":{"self":[{"href":"https:\/\/tihani.eu\/lv\/wp-json\/wp\/v2\/product\/12978","targetHints":{"allow":["GET"]}}],"collection":[{"href":"https:\/\/tihani.eu\/lv\/wp-json\/wp\/v2\/product"}],"about":[{"href":"https:\/\/tihani.eu\/lv\/wp-json\/wp\/v2\/types\/product"}],"replies":[{"embeddable":true,"href":"https:\/\/tihani.eu\/lv\/wp-json\/wp\/v2\/comments?post=12978"}],"wp:featuredmedia":[{"embeddable":true,"href":"https:\/\/tihani.eu\/lv\/wp-json\/wp\/v2\/media\/13235"}],"wp:attachment":[{"href":"https:\/\/tihani.eu\/lv\/wp-json\/wp\/v2\/media?parent=12978"}],"wp:term":[{"taxonomy":"product_brand","embeddable":true,"href":"https:\/\/tihani.eu\/lv\/wp-json\/wp\/v2\/product_brand?post=12978"},{"taxonomy":"product_cat","embeddable":true,"href":"https:\/\/tihani.eu\/lv\/wp-json\/wp\/v2\/product_cat?post=12978"},{"taxonomy":"product_tag","embeddable":true,"href":"https:\/\/tihani.eu\/lv\/wp-json\/wp\/v2\/product_tag?post=12978"}],"curies":[{"name":"wp","href":"https:\/\/api.w.org\/{rel}","templated":true}]}}