{"id":12910,"date":"2025-09-16T12:17:02","date_gmt":"2025-09-16T10:17:02","guid":{"rendered":"https:\/\/tihani.eu\/product\/gel-play-magnetic-cat-eye-gel-clear-silver-10ml\/"},"modified":"2026-02-11T18:45:26","modified_gmt":"2026-02-11T16:45:26","slug":"gel-play-magnetic-cat-eye-gel-clear-silver-10ml","status":"publish","type":"product","link":"https:\/\/tihani.eu\/lv\/produkts\/gel-play-magnetic-cat-eye-gel-clear-silver-10ml\/","title":{"rendered":"GEL-PLAY MAGNETIC\/CAT EYE GEL CLEAR SILVER 10ml"},"content":{"rendered":"<div id=\"station-tabs-tabpanel_ht-i0-t19\" class=\"station-tabs-tabpanel is-active\" role=\"region\" aria-labelledby=\"station-tabs-tab_ht-i0-t19\" aria-hidden=\"false\">\n<div class=\"station-tabs-tabcontent\">\n<p><strong>SAST\u0100VS:<\/strong> BIS-HYDROXYETHYL ACRYLATE POLY(NEOPENTYL GLYCOL ADIPATE)\/IPDI COPOLYMER, HYDROXYPROPYL METHACRYLATE, ETHYL TRIMETHYLBENZOYL PHENYLPHOSPHINATE; P-HYDROXYANISOLE, SILICA SILYLATE,\u00a0 [+\/-:C|77499, C|77000, C|77891]<\/p>\n<p><strong>SVAR\u012aGA PIEZ\u012aME <\/strong><\/p>\n<p>Pirms lieto\u0161anas samais\u012bt!<\/p>\n<p>Kr\u0101su att\u0113lojums notiek digit\u0101l\u0101 vid\u0113, un to\u0146u vizualiz\u0101cija var at\u0161\u0137irties atkar\u012bb\u0101 no ier\u012bces ekr\u0101na iestat\u012bjumiem. Faktiskais kr\u0101sas tonis re\u0101laj\u0101 vid\u0113 var nedaudz at\u0161\u0137irties.<\/p>\n<p><strong>PAR GEL-PLAY\u00a0<\/strong><\/p>\n<p><strong>Gel-Play evol\u016bcija no Akz\u00e9ntz \u2014 Gel Play\u2122 Polish<\/strong> \u0160is jaunais produkta form\u0101ts ir bijis \u013coti piepras\u012bts un paver pavisam jaunas iesp\u0113jas satrieco\u0161a nagu m\u0101kslas rad\u012b\u0161anai. Flakons ar otu pied\u0101v\u0101 papildu \u0113rt\u012bbas un daudzpus\u012bbu nagu meistariem, kuri dod priek\u0161roku \u0161\u0101dai uzkl\u0101\u0161anas metodei.<\/p>\n<p><strong>SVAR\u012aGA PIEZ\u012aME <\/strong><\/p>\n<p>Pirms lieto\u0161anas samais\u012bt!<\/p>\n<p>Kr\u0101su att\u0113lojums notiek digit\u0101l\u0101 vid\u0113, un to\u0146u vizualiz\u0101cija var at\u0161\u0137irties atkar\u012bb\u0101 no ier\u012bces ekr\u0101na iestat\u012bjumiem. Faktiskais kr\u0101sas tonis re\u0101laj\u0101 vid\u0113 var nedaudz at\u0161\u0137irties.<\/p>\n<p><strong>Tikai profesion\u0101lai lieto\u0161anai.<\/strong> Tilpums: 10 mL \/ 0,33 oz<\/p>\n<\/div>\n<\/div>\n","protected":false},"excerpt":{"rendered":"<p><strong>P\u0101rkl\u0101jums:<\/strong> Magn\u0113tisks<\/p>\n<p><strong>Segums:<\/strong> 1 \/ 5<\/p>\n<p>Krist\u0101ldzidrs g\u0113ls ar ultrasmalk\u0101m magn\u0113tisk\u0101m sudraba da\u013ci\u0146\u0101m. <strong>Magnetic Clear Silver<\/strong> mijiedarbojas ar magn\u0113tu, radot maigu, elegantu &#8220;ka\u0137a acs&#8221; efektu \u2014 paredz\u0113ts lieto\u0161anai virs jebkuras kr\u0101sas, lai ieg\u016btu mirdzo\u0161u p\u0101rkl\u0101jumu, vai ar\u012b atsevi\u0161\u0137i, lai rad\u012btu smalku, gaismu piesaisto\u0161u mirdzumu.<\/p>\n<ul>\n<li>Speci\u0101li izstr\u0101d\u0101ts nagu m\u0101kslai un efektiem<\/li>\n<li>Kompakts un ekonomisks iepakojums: 10 mL \/ 0,33 oz<\/li>\n<li>Nesatur TPO, HEMA, \u0161\u0137\u012bdin\u0101t\u0101jus un smar\u017evielas<\/li>\n<li>Dro\u0161a formula: 10-Free<\/li>\n<li>Nedaudz biez\u0101ka konsistence (sal\u012bdzin\u0101jum\u0101 ar Luxio\u00ae kr\u0101su g\u0113liem)<\/li>\n<li>Atbilst ES normat\u012bviem<\/li>\n<li>\u012apa\u0161i iztur\u012bgs un ilgnotur\u012bgs rezult\u0101ts<\/li>\n<li>Neplais\u0101, neatdal\u0101s un nenolob\u0101s<\/li>\n<li>No\u0146emams ar Akz\u00e9ntz Soak-Off Solution<\/li>\n<li>Ra\u017eots Kan\u0101d\u0101 (formul\u0113ts ar Eiropas un Zieme\u013camerikas sast\u0101vda\u013c\u0101m)<\/li>\n<\/ul>\n","protected":false},"featured_media":13238,"comment_status":"open","ping_status":"closed","template":"","meta":{"site-sidebar-layout":"default","site-content-layout":"","ast-site-content-layout":"default","site-content-style":"default","site-sidebar-style":"default","ast-global-header-display":"","ast-banner-title-visibility":"","ast-main-header-display":"","ast-hfb-above-header-display":"","ast-hfb-below-header-display":"","ast-hfb-mobile-header-display":"","site-post-title":"","ast-breadcrumbs-content":"","ast-featured-img":"","footer-sml-layout":"","theme-transparent-header-meta":"default","adv-header-id-meta":"","stick-header-meta":"","header-above-stick-meta":"","header-main-stick-meta":"","header-below-stick-meta":"","astra-migrate-meta-layouts":"set","ast-page-background-enabled":"default","ast-page-background-meta":{"desktop":{"background-color":"","background-image":"","background-repeat":"repeat","background-position":"center center","background-size":"auto","background-attachment":"scroll","background-type":"","background-media":"","overlay-type":"","overlay-color":"","overlay-opacity":"","overlay-gradient":""},"tablet":{"background-color":"","background-image":"","background-repeat":"repeat","background-position":"center center","background-size":"auto","background-attachment":"scroll","background-type":"","background-media":"","overlay-type":"","overlay-color":"","overlay-opacity":"","overlay-gradient":""},"mobile":{"background-color":"","background-image":"","background-repeat":"repeat","background-position":"center center","background-size":"auto","background-attachment":"scroll","background-type":"","background-media":"","overlay-type":"","overlay-color":"","overlay-opacity":"","overlay-gradient":""}},"ast-content-background-meta":{"desktop":{"background-color":"var(--ast-global-color-5)","background-image":"","background-repeat":"repeat","background-position":"center center","background-size":"auto","background-attachment":"scroll","background-type":"","background-media":"","overlay-type":"","overlay-color":"","overlay-opacity":"","overlay-gradient":""},"tablet":{"background-color":"var(--ast-global-color-5)","background-image":"","background-repeat":"repeat","background-position":"center center","background-size":"auto","background-attachment":"scroll","background-type":"","background-media":"","overlay-type":"","overlay-color":"","overlay-opacity":"","overlay-gradient":""},"mobile":{"background-color":"var(--ast-global-color-5)","background-image":"","background-repeat":"repeat","background-position":"center center","background-size":"auto","background-attachment":"scroll","background-type":"","background-media":"","overlay-type":"","overlay-color":"","overlay-opacity":"","overlay-gradient":""}}},"product_brand":[3604],"product_cat":[64,1656],"product_tag":[3479],"class_list":{"0":"post-12910","1":"product","2":"type-product","3":"status-publish","4":"has-post-thumbnail","6":"product_brand-gel-play","7":"product_cat-akzentz-lv","8":"product_cat-gel-play-lv","9":"product_tag-gelplay_magneticsilver-lv","10":"desktop-align-left","11":"tablet-align-left","12":"mobile-align-left","14":"first","15":"instock","16":"taxable","17":"shipping-taxable","18":"purchasable","19":"product-type-simple"},"jetpack_sharing_enabled":true,"_links":{"self":[{"href":"https:\/\/tihani.eu\/lv\/wp-json\/wp\/v2\/product\/12910","targetHints":{"allow":["GET"]}}],"collection":[{"href":"https:\/\/tihani.eu\/lv\/wp-json\/wp\/v2\/product"}],"about":[{"href":"https:\/\/tihani.eu\/lv\/wp-json\/wp\/v2\/types\/product"}],"replies":[{"embeddable":true,"href":"https:\/\/tihani.eu\/lv\/wp-json\/wp\/v2\/comments?post=12910"}],"wp:featuredmedia":[{"embeddable":true,"href":"https:\/\/tihani.eu\/lv\/wp-json\/wp\/v2\/media\/13238"}],"wp:attachment":[{"href":"https:\/\/tihani.eu\/lv\/wp-json\/wp\/v2\/media?parent=12910"}],"wp:term":[{"taxonomy":"product_brand","embeddable":true,"href":"https:\/\/tihani.eu\/lv\/wp-json\/wp\/v2\/product_brand?post=12910"},{"taxonomy":"product_cat","embeddable":true,"href":"https:\/\/tihani.eu\/lv\/wp-json\/wp\/v2\/product_cat?post=12910"},{"taxonomy":"product_tag","embeddable":true,"href":"https:\/\/tihani.eu\/lv\/wp-json\/wp\/v2\/product_tag?post=12910"}],"curies":[{"name":"wp","href":"https:\/\/api.w.org\/{rel}","templated":true}]}}