{"id":12402,"date":"2024-10-09T14:53:43","date_gmt":"2024-10-09T12:53:43","guid":{"rendered":"https:\/\/tihani.eu\/product\/dadi-scrub\/"},"modified":"2026-02-17T01:24:01","modified_gmt":"2026-02-16T23:24:01","slug":"dadi-scrub","status":"publish","type":"product","link":"https:\/\/tihani.eu\/lv\/produkts\/dadi-scrub\/","title":{"rendered":"DADI&#8217; SCRUB"},"content":{"rendered":"<p><strong>Sast\u0101vda\u013cas:<\/strong> Carthamus Tinctorius (Safflower) Seed Oil, Sucrose, Sodium Chloride, Cocos Nucifera (Coconut) Oil, PEG-7 Glyceryl Cocoate, Silica, Citrus Aurantium Dulcis Peel Oil Amyris Balsamifera Bark Oil, Anthemis Nobilis Flower Oil, Citral, Citrus Aurantium Bergamia Fruit Oil, Citrus Limon (Lemon ) Peel Oil, Copaifera Officinalis Resin, Eucalyptus Globulus Leaf Oil, Eugenia Caryophyllus (Clove) Leaf Oil, Geraniol, Illicium Verum (Anise) Fruit Extract, Juniperus Virginaina (Cedar) Wood Oil, Lavandula Hybrida (Lavender) Oil, Limonene, Linalool, Olea Europaea (Olive) Fruit Oil, Persea Gratissima (Avocado) Oil, Pumice, Ricinus Communis (Castor) Seed Oil, Rosmarinus Officinalis Leaf Oil, Simmondsia Chinensis (Jojoba) Seed Oil, Tocopherol, Zingiber Officinale Root Oil.<\/p>\n<p><strong>LIETO\u0160ANAS INSTRUKCIJA:<\/strong> Pa\u0146emiet aptuveni 1 \u0113damkaroti produkta, iemas\u0113jiet p\u0113das un k\u0101jas un p\u0113c tam aptiniet ar siltu mitru dvieli. Noskalojiet ar \u016bdeni.<\/p>\n<p><strong>BR\u012aDIN\u0100JUMS:<\/strong>Tikai \u0101r\u0113jai lieto\u0161anai. Lietojiet tikai k\u0101 nor\u0101d\u012bts. Izraisa acu kairin\u0101jumu. P\u0101rtrauciet lieto\u0161anu, ja rodas \u0101das kairin\u0101jums. Kait\u012bgs, ja norij. Uzglab\u0101t b\u0113rniem nepieejam\u0101 viet\u0101.<\/p>\n","protected":false},"excerpt":{"rendered":"<p><strong>Kas ir Dadi&#8217; Scrub<br \/>\n<\/strong>Maigs un bag\u0101t\u012bgs roku, k\u0101ju un \u0137erme\u0146a kop\u0161anas skrubis ar t\u0101du pa\u0161u arom\u0101tu k\u0101 godalgot\u0101 Dadi e\u013c\u013ca.<\/p>\n<p><strong>Ko tas dara?<br \/>\n<\/strong>Izl\u012bdzina, att\u012bra un kopj \u0101du, padarot j\u016bsu roku, k\u0101ju un p\u0113du \u0101du m\u012bkstu, mitrin\u0101tu un atjaunotu.<\/p>\n<p><strong>Uses<br \/>\n<\/strong>Lieto k\u0101 pirms manik\u012bra\/pedik\u012bra proced\u016bru, k\u0101 roku un p\u0113du mas\u0101\u017eas proced\u016bru salon\u0101. Paredz\u0113ts ar\u012b lieto\u0161anai m\u0101j\u0101s, lai koptu un nomierin\u0101tu \u0101du.<\/p>\n<p>Noz\u012bm\u012bgas sast\u0101vda\u013cas<br \/>\nS\u0101ls<br \/>\nCukurs<br \/>\nPemzas eksfoli\u0101ts<br \/>\nKokosriekstu e\u013c\u013ca<br \/>\nSaflora e\u013c\u013ca<br \/>\nDadi&#8217; Oil e\u013c\u013cas<\/p>\n<p><strong>Directions<br \/>\n<\/strong>Uzkl\u0101jiet Dadi&#8217; skrubi uz mitr\u0101m rok\u0101m, k\u0101j\u0101m vai \u0137ermeni. Iemas\u0113jiet \u0101d\u0101. P\u0113c tam, noskalojiet ar siltu \u016bdeni. Nobeigum\u0101 uzkl\u0101jiet godalgoto Dadi e\u013c\u013cu un\/vai luksusa Dadi losjonu.<\/p>\n<p>Dadi&#8217; skrubis nesatur sulf\u0101tus, parab\u0113nus un m\u0101ksl\u012bg\u0101s kr\u0101svielas.<\/p>\n","protected":false},"featured_media":12287,"comment_status":"closed","ping_status":"closed","template":"","meta":{"site-sidebar-layout":"default","site-content-layout":"","ast-site-content-layout":"default","site-content-style":"default","site-sidebar-style":"default","ast-global-header-display":"","ast-banner-title-visibility":"","ast-main-header-display":"","ast-hfb-above-header-display":"","ast-hfb-below-header-display":"","ast-hfb-mobile-header-display":"","site-post-title":"","ast-breadcrumbs-content":"","ast-featured-img":"","footer-sml-layout":"","theme-transparent-header-meta":"default","adv-header-id-meta":"","stick-header-meta":"","header-above-stick-meta":"","header-main-stick-meta":"","header-below-stick-meta":"","astra-migrate-meta-layouts":"default","ast-page-background-enabled":"default","ast-page-background-meta":{"desktop":{"background-color":"","background-image":"","background-repeat":"repeat","background-position":"center center","background-size":"auto","background-attachment":"scroll","background-type":"","background-media":"","overlay-type":"","overlay-color":"","overlay-opacity":"","overlay-gradient":""},"tablet":{"background-color":"","background-image":"","background-repeat":"repeat","background-position":"center center","background-size":"auto","background-attachment":"scroll","background-type":"","background-media":"","overlay-type":"","overlay-color":"","overlay-opacity":"","overlay-gradient":""},"mobile":{"background-color":"","background-image":"","background-repeat":"repeat","background-position":"center center","background-size":"auto","background-attachment":"scroll","background-type":"","background-media":"","overlay-type":"","overlay-color":"","overlay-opacity":"","overlay-gradient":""}},"ast-content-background-meta":{"desktop":{"background-color":"var(--ast-global-color-5)","background-image":"","background-repeat":"repeat","background-position":"center center","background-size":"auto","background-attachment":"scroll","background-type":"","background-media":"","overlay-type":"","overlay-color":"","overlay-opacity":"","overlay-gradient":""},"tablet":{"background-color":"var(--ast-global-color-5)","background-image":"","background-repeat":"repeat","background-position":"center center","background-size":"auto","background-attachment":"scroll","background-type":"","background-media":"","overlay-type":"","overlay-color":"","overlay-opacity":"","overlay-gradient":""},"mobile":{"background-color":"var(--ast-global-color-5)","background-image":"","background-repeat":"repeat","background-position":"center center","background-size":"auto","background-attachment":"scroll","background-type":"","background-media":"","overlay-type":"","overlay-color":"","overlay-opacity":"","overlay-gradient":""}}},"product_brand":[],"product_cat":[2100,2468],"product_tag":[3406],"class_list":{"0":"post-12402","1":"product","2":"type-product","3":"status-publish","4":"has-post-thumbnail","6":"product_cat-famous-names-lv","7":"product_cat-dadi-oil-lv","8":"product_tag-dadi-scrub-lv","9":"desktop-align-left","10":"tablet-align-left","11":"mobile-align-left","13":"first","14":"instock","15":"taxable","16":"shipping-taxable","17":"purchasable","18":"product-type-variable"},"jetpack_sharing_enabled":true,"_links":{"self":[{"href":"https:\/\/tihani.eu\/lv\/wp-json\/wp\/v2\/product\/12402","targetHints":{"allow":["GET"]}}],"collection":[{"href":"https:\/\/tihani.eu\/lv\/wp-json\/wp\/v2\/product"}],"about":[{"href":"https:\/\/tihani.eu\/lv\/wp-json\/wp\/v2\/types\/product"}],"replies":[{"embeddable":true,"href":"https:\/\/tihani.eu\/lv\/wp-json\/wp\/v2\/comments?post=12402"}],"wp:featuredmedia":[{"embeddable":true,"href":"https:\/\/tihani.eu\/lv\/wp-json\/wp\/v2\/media\/12287"}],"wp:attachment":[{"href":"https:\/\/tihani.eu\/lv\/wp-json\/wp\/v2\/media?parent=12402"}],"wp:term":[{"taxonomy":"product_brand","embeddable":true,"href":"https:\/\/tihani.eu\/lv\/wp-json\/wp\/v2\/product_brand?post=12402"},{"taxonomy":"product_cat","embeddable":true,"href":"https:\/\/tihani.eu\/lv\/wp-json\/wp\/v2\/product_cat?post=12402"},{"taxonomy":"product_tag","embeddable":true,"href":"https:\/\/tihani.eu\/lv\/wp-json\/wp\/v2\/product_tag?post=12402"}],"curies":[{"name":"wp","href":"https:\/\/api.w.org\/{rel}","templated":true}]}}