{"id":12280,"date":"2024-10-09T13:44:21","date_gmt":"2024-10-09T11:44:21","guid":{"rendered":"https:\/\/tihani.eu\/?post_type=product&#038;p=12280"},"modified":"2024-10-09T14:27:18","modified_gmt":"2024-10-09T12:27:18","slug":"dadi-scrub-gold-copy","status":"publish","type":"product","link":"https:\/\/tihani.eu\/lv\/produkts\/dadi-scrub-gold-copy\/","title":{"rendered":"DADI&#8217; SCRUB GOLD (Copy)"},"content":{"rendered":"<p><strong>SAST\u0100VS:<\/strong> Cathamus Tinctorlus (Safflower) Seed Oil, Sucrose, Cocos Nucifera (Coconut) Oil, Sodium Chloride, Silica, Peg-7 Glyceril Cocoate, Citrus Aurantium Dulcis Peel Oil, Allantoin, Urea, Amyris Balsamifera Bark Oil, Anthemis Nobilis (Roman Chamomile) Oil, Benzyl Alcohol, Citral, Citronellol, Citrus Aurantium Bergamia (Bergamot) Fruit Oil, Citrus Aurantium Dulcis (Orange) Peel Oil, Citrus Aurantifolia (Lime) Peel Oil, Citrus Limon (Lemon) Peel Oil, Citrus Medica Limonum (Lemon) Peel Oil, Copaifera Officinalis (Copaiba) Oil, Eucalyptus Globulus Leaf Oil, Eugenia Caryophyllus (Clove) Leaf Oil, Eugenol, Geraniol, Illicium Verum (Star Anise) Fruit Extract, Juniperus Virginiana (Cedar) Wood Oil, Lavendula Hybrida (Lavandin) Oil, Limonene, Linalool, Olea Europaea (Olive) Fruit Oil, Persea Gratissima (Avocado) Oil, Pumice, Ricinus Communis (Castor) Seed Oil, Rosmarinus Officinalis (Rosemary) Oil, Simmondsia Chinensis (Jojoba) Seed Oil, Tocopherol (Mixed), Zinglber Officinale (Ginger) Oil.<\/p>\n<p><strong>LIETO\u0160ANAS INSTRUKCIJA:<\/strong> Pa\u0146emiet aptuveni 1 \u0113damkaroti produkta, iemas\u0113jiet p\u0113das un k\u0101jas un p\u0113c tam aptiniet ar siltu mitru dvieli. Noskalojiet ar \u016bdeni.<\/p>\n<p><strong>BR\u012aDIN\u0100JUMS:<\/strong>Tikai \u0101r\u0113jai lieto\u0161anai. Lietojiet tikai k\u0101 nor\u0101d\u012bts. Izraisa acu kairin\u0101jumu. P\u0101rtrauciet lieto\u0161anu, ja rodas \u0101das kairin\u0101jums. Kait\u012bgs, ja norij. Uzglab\u0101t b\u0113rniem nepieejam\u0101 viet\u0101.<\/p>\n","protected":false},"excerpt":{"rendered":"<p>DADI&#8217; SCRUB GOLD &#8211; AU kompleksa, cukura, s\u0101ls un pemzas kombin\u0101cija, kas apvienota, lai rad\u012btu perfektu eksfoli\u0113jo\u0161u un mitrino\u0161u \u0137erme\u0146a skrubi. <span style=\"font-size: 16px;\">M\u016bsu apbalvojumu ieguvu\u0161ais Dadi skrubis ir pacelts n\u0101kamaj\u0101 l\u012bmen\u012b! Izbaudiet divus iedarb\u012bbas vi\u013c\u0146us: p\u012blings un mitrino\u0161ana.<\/span><\/p>\n<p>Galven\u0101s sast\u0101vda\u013cas:<br \/>\n\u2022 AU komplekss: M\u016bsu svar\u012bg\u0101k\u0101 sast\u0101vda\u013ca perfektam pedik\u012bram. Alanto\u012bna un karbam\u012bda kombin\u0101cija. Lai ieg\u016btu vair\u0101k inform\u0101cijas, skatiet produktu AU DRENCH.<br \/>\n\u2022 S\u0101ls, cukurs un pemza kop\u0101 veido perfektu maigu p\u012blingu \u0101dai.<br \/>\n\u2022 Veidots, balstoties uz m\u016bsu apbalvojumu ieguvu\u0161o Dadi e\u013c\u013cu ar t\u0101du pa\u0161u br\u012bni\u0161\u0137\u012bgu arom\u0101tu.<br \/>\n\u2022 Home Care mazumtirdzniec\u012bbas iesp\u0113ja!<\/p>\n<p>RA\u017dOTS USA<\/p>\n<p>*Iepakojums ir izgatavots no biolo\u0123iski sadal\u0101miem cukurniedr\u0113m.<\/p>\n","protected":false},"featured_media":12287,"comment_status":"closed","ping_status":"closed","template":"","meta":{"site-sidebar-layout":"default","site-content-layout":"","ast-site-content-layout":"default","site-content-style":"default","site-sidebar-style":"default","ast-global-header-display":"","ast-banner-title-visibility":"","ast-main-header-display":"","ast-hfb-above-header-display":"","ast-hfb-below-header-display":"","ast-hfb-mobile-header-display":"","site-post-title":"","ast-breadcrumbs-content":"","ast-featured-img":"","footer-sml-layout":"","theme-transparent-header-meta":"default","adv-header-id-meta":"","stick-header-meta":"","header-above-stick-meta":"","header-main-stick-meta":"","header-below-stick-meta":"","astra-migrate-meta-layouts":"set","ast-page-background-enabled":"default","ast-page-background-meta":{"desktop":{"background-color":"","background-image":"","background-repeat":"repeat","background-position":"center center","background-size":"auto","background-attachment":"scroll","background-type":"","background-media":"","overlay-type":"","overlay-color":"","overlay-opacity":"","overlay-gradient":""},"tablet":{"background-color":"","background-image":"","background-repeat":"repeat","background-position":"center center","background-size":"auto","background-attachment":"scroll","background-type":"","background-media":"","overlay-type":"","overlay-color":"","overlay-opacity":"","overlay-gradient":""},"mobile":{"background-color":"","background-image":"","background-repeat":"repeat","background-position":"center center","background-size":"auto","background-attachment":"scroll","background-type":"","background-media":"","overlay-type":"","overlay-color":"","overlay-opacity":"","overlay-gradient":""}},"ast-content-background-meta":{"desktop":{"background-color":"var(--ast-global-color-5)","background-image":"","background-repeat":"repeat","background-position":"center center","background-size":"auto","background-attachment":"scroll","background-type":"","background-media":"","overlay-type":"","overlay-color":"","overlay-opacity":"","overlay-gradient":""},"tablet":{"background-color":"var(--ast-global-color-5)","background-image":"","background-repeat":"repeat","background-position":"center center","background-size":"auto","background-attachment":"scroll","background-type":"","background-media":"","overlay-type":"","overlay-color":"","overlay-opacity":"","overlay-gradient":""},"mobile":{"background-color":"var(--ast-global-color-5)","background-image":"","background-repeat":"repeat","background-position":"center center","background-size":"auto","background-attachment":"scroll","background-type":"","background-media":"","overlay-type":"","overlay-color":"","overlay-opacity":"","overlay-gradient":""}}},"product_brand":[],"product_cat":[2100,2182],"product_tag":[2101],"class_list":{"0":"post-12280","1":"product","2":"type-product","3":"status-publish","4":"has-post-thumbnail","6":"product_cat-famous-names-lv","7":"product_cat-famous-releaf-lv","8":"product_tag-famous-names-lv","9":"desktop-align-left","10":"tablet-align-left","11":"mobile-align-left","13":"first","14":"instock","15":"taxable","16":"shipping-taxable","17":"product-type-variable"},"jetpack_sharing_enabled":true,"_links":{"self":[{"href":"https:\/\/tihani.eu\/lv\/wp-json\/wp\/v2\/product\/12280","targetHints":{"allow":["GET"]}}],"collection":[{"href":"https:\/\/tihani.eu\/lv\/wp-json\/wp\/v2\/product"}],"about":[{"href":"https:\/\/tihani.eu\/lv\/wp-json\/wp\/v2\/types\/product"}],"replies":[{"embeddable":true,"href":"https:\/\/tihani.eu\/lv\/wp-json\/wp\/v2\/comments?post=12280"}],"wp:featuredmedia":[{"embeddable":true,"href":"https:\/\/tihani.eu\/lv\/wp-json\/wp\/v2\/media\/12287"}],"wp:attachment":[{"href":"https:\/\/tihani.eu\/lv\/wp-json\/wp\/v2\/media?parent=12280"}],"wp:term":[{"taxonomy":"product_brand","embeddable":true,"href":"https:\/\/tihani.eu\/lv\/wp-json\/wp\/v2\/product_brand?post=12280"},{"taxonomy":"product_cat","embeddable":true,"href":"https:\/\/tihani.eu\/lv\/wp-json\/wp\/v2\/product_cat?post=12280"},{"taxonomy":"product_tag","embeddable":true,"href":"https:\/\/tihani.eu\/lv\/wp-json\/wp\/v2\/product_tag?post=12280"}],"curies":[{"name":"wp","href":"https:\/\/api.w.org\/{rel}","templated":true}]}}