{"id":11763,"date":"2024-07-22T13:28:38","date_gmt":"2024-07-22T11:28:38","guid":{"rendered":"https:\/\/tihani.eu\/product\/akzentz-deluxe-sable-kolonoka-sabula-ovala-ota-akrilam-9\/"},"modified":"2024-07-22T13:50:52","modified_gmt":"2024-07-22T11:50:52","slug":"akzentz-deluxe-sable-kolonoka-sabula-ovala-ota-akrilam-9","status":"publish","type":"product","link":"https:\/\/tihani.eu\/lv\/produkts\/akzentz-deluxe-sable-kolonoka-sabula-ovala-ota-akrilam-9\/","title":{"rendered":"AKZENTZ DELUXE SABLE KOLONOKA SABU\u013bA OV\u0100LA OTA AKRILAM #9"},"content":{"rendered":"<p><strong>AKZENTZ DELUXE KOLINSKY BRUSH #9<\/strong> is perfect for acrylic application. A natural bristle brush with an oval shape.  Nodro\u0161ina stingru, ta\u010du elast\u012bgu kontroli. Kolonoka Sabu\u013ca sari nodro\u0161ina izcilu kr\u0101sas notur\u012bbu, vienmer\u012bgu pl\u016bsmu un lielisku otas galvi\u0146as sa\u0137er\u0161anos un atsper\u0161anos. Mati ir \u013coti \u0113rti, \u016bdensnecaurlaid\u012bgi, m\u012bksti, elast\u012bgi un tiek uzskat\u012bti par lab\u0101ko otu materi\u0101lu. <\/p>\n","protected":false},"excerpt":{"rendered":"<p>Dabiski sari: KOLINSKY. Kolonoka sabulis, agr\u0101kais zin\u0101ms k\u0101 Sib\u012brijas \u016bdeles nosaukums (<i>Mustela sibirica<\/i>) , ir suga, kas dz\u012bvo Krievijas zieme\u013cu da\u013c\u0101 un \u0136\u012bn\u0101. T\u0101 sari ir p\u0101rsteidzo\u0161i m\u012bksti, bezsvara, elast\u012bgi un iztur\u012bgi. \u0160\u012b zeltaini sarkan\u0101 \u0161\u0137iedra ir ide\u0101li piem\u0113rota prec\u012bzu un smalku l\u012bniju veido\u0161anai. \u0160\u012bs \u012bpa\u0161\u012bbas padara kolinsky otas dizainam un nagu pieaudz\u0113\u0161anai patie\u0161\u0101m b\u016btiskas.<\/p>\n","protected":false},"featured_media":11755,"comment_status":"closed","ping_status":"closed","template":"","meta":{"site-sidebar-layout":"default","site-content-layout":"","ast-site-content-layout":"default","site-content-style":"default","site-sidebar-style":"default","ast-global-header-display":"","ast-banner-title-visibility":"","ast-main-header-display":"","ast-hfb-above-header-display":"","ast-hfb-below-header-display":"","ast-hfb-mobile-header-display":"","site-post-title":"","ast-breadcrumbs-content":"","ast-featured-img":"","footer-sml-layout":"","theme-transparent-header-meta":"default","adv-header-id-meta":"","stick-header-meta":"","header-above-stick-meta":"","header-main-stick-meta":"","header-below-stick-meta":"","astra-migrate-meta-layouts":"default","ast-page-background-enabled":"default","ast-page-background-meta":{"desktop":{"background-color":"","background-image":"","background-repeat":"repeat","background-position":"center center","background-size":"auto","background-attachment":"scroll","background-type":"","background-media":"","overlay-type":"","overlay-color":"","overlay-opacity":"","overlay-gradient":""},"tablet":{"background-color":"","background-image":"","background-repeat":"repeat","background-position":"center center","background-size":"auto","background-attachment":"scroll","background-type":"","background-media":"","overlay-type":"","overlay-color":"","overlay-opacity":"","overlay-gradient":""},"mobile":{"background-color":"","background-image":"","background-repeat":"repeat","background-position":"center center","background-size":"auto","background-attachment":"scroll","background-type":"","background-media":"","overlay-type":"","overlay-color":"","overlay-opacity":"","overlay-gradient":""}},"ast-content-background-meta":{"desktop":{"background-color":"var(--ast-global-color-5)","background-image":"","background-repeat":"repeat","background-position":"center center","background-size":"auto","background-attachment":"scroll","background-type":"","background-media":"","overlay-type":"","overlay-color":"","overlay-opacity":"","overlay-gradient":""},"tablet":{"background-color":"var(--ast-global-color-5)","background-image":"","background-repeat":"repeat","background-position":"center center","background-size":"auto","background-attachment":"scroll","background-type":"","background-media":"","overlay-type":"","overlay-color":"","overlay-opacity":"","overlay-gradient":""},"mobile":{"background-color":"var(--ast-global-color-5)","background-image":"","background-repeat":"repeat","background-position":"center center","background-size":"auto","background-attachment":"scroll","background-type":"","background-media":"","overlay-type":"","overlay-color":"","overlay-opacity":"","overlay-gradient":""}}},"product_brand":[],"product_cat":[64,1905],"product_tag":[1906,1907,1908],"class_list":{"0":"post-11763","1":"product","2":"type-product","3":"status-publish","4":"has-post-thumbnail","6":"product_cat-akzentz-lv","7":"product_cat-accessories-lv","8":"product_tag-brush-lv","9":"product_tag-ota-lv","10":"product_tag--lv","11":"desktop-align-left","12":"tablet-align-left","13":"mobile-align-left","15":"first","16":"outofstock","17":"taxable","18":"shipping-taxable","19":"purchasable","20":"product-type-simple"},"jetpack_sharing_enabled":true,"_links":{"self":[{"href":"https:\/\/tihani.eu\/lv\/wp-json\/wp\/v2\/product\/11763","targetHints":{"allow":["GET"]}}],"collection":[{"href":"https:\/\/tihani.eu\/lv\/wp-json\/wp\/v2\/product"}],"about":[{"href":"https:\/\/tihani.eu\/lv\/wp-json\/wp\/v2\/types\/product"}],"replies":[{"embeddable":true,"href":"https:\/\/tihani.eu\/lv\/wp-json\/wp\/v2\/comments?post=11763"}],"wp:featuredmedia":[{"embeddable":true,"href":"https:\/\/tihani.eu\/lv\/wp-json\/wp\/v2\/media\/11755"}],"wp:attachment":[{"href":"https:\/\/tihani.eu\/lv\/wp-json\/wp\/v2\/media?parent=11763"}],"wp:term":[{"taxonomy":"product_brand","embeddable":true,"href":"https:\/\/tihani.eu\/lv\/wp-json\/wp\/v2\/product_brand?post=11763"},{"taxonomy":"product_cat","embeddable":true,"href":"https:\/\/tihani.eu\/lv\/wp-json\/wp\/v2\/product_cat?post=11763"},{"taxonomy":"product_tag","embeddable":true,"href":"https:\/\/tihani.eu\/lv\/wp-json\/wp\/v2\/product_tag?post=11763"}],"curies":[{"name":"wp","href":"https:\/\/api.w.org\/{rel}","templated":true}]}}