{"id":11680,"date":"2024-07-09T15:28:39","date_gmt":"2024-07-09T13:28:39","guid":{"rendered":"https:\/\/tihani.eu\/product\/new-cuticle-softener-100ml\/"},"modified":"2025-09-16T21:46:21","modified_gmt":"2025-09-16T19:46:21","slug":"new-cuticle-softener-100ml","status":"publish","type":"product","link":"https:\/\/tihani.eu\/lv\/produkts\/new-cuticle-softener-100ml\/","title":{"rendered":"STRADERM CUTICLE SOFTENER MILD 100ml"},"content":{"rendered":"<p><strong>Sast\u0101vda\u013cas:<\/strong> aqua, urea, lactic acid, sodium hydroxide, propylene glyocol, xantan gum, hydrolyzed keratin, niancinamide, glycerin, Achilea millefolium extract, Calendula officinalis flower extract, bisabolol, biotin.<\/p>\n<p><strong>Lieto\u0161ana:<\/strong> uzkl\u0101t uz kutikulam, p\u0113c 1-3 min. turpin\u0101t apstr\u0101di. Pirms p\u0101rkl\u0101\u0161anas not\u012briet nagu pl\u0101ksni.<\/p>\n<p><strong>Uzman\u012bbu: <\/strong> tikai \u0101r\u0113jai lieto\u0161anai. Ja l\u012bdzeklis nok\u013c\u016bst ac\u012bs, nekav\u0113joties izskalojiet t\u0101s ar lielu \u016bdens daudzumu. Uzglab\u0101t b\u0113rniem nepieejam\u0101 viet\u0101.<\/p>\n","protected":false},"excerpt":{"rendered":"<p>Dro\u0161a formula pal\u012bdz \u0101tri m\u012bkstin\u0101t un viegli no\u0146emt kutikulu, raupju \u0101du ap nagiem. L\u012bdzeklis ir piem\u0113rots vis\u0101m manik\u012bra\/pedik\u012bra tehnik\u0101m, tam nav nepiecie\u0161ama neitraliz\u0101cija. Augu ekstraktu un vitam\u012bnu komplekss nomierina, mitrina, atjauno \u0101das lip\u012bdu sl\u0101ni un sniedz dezinfic\u0113jo\u0161u iedarb\u012bbu.<\/p>\n<div class=\"woocommerce-product-details__short-description\">\n<ul>\n<li>Produkts nav test\u0113ts uz dz\u012bvniekiem<\/li>\n<li>Dermatolo\u0123iski p\u0101rbaud\u012bts<\/li>\n<li>Nesatur ni\u0137eli<\/li>\n<li>Ra\u017eots It\u0101lij\u0101<\/li>\n<\/ul>\n<\/div>\n<form class=\"variations_form cart\" style=\"box-sizing: inherit; zoom: 1; color: #312e39; font-family: TTNorms-Regular, Helvetica, Arial, sans-serif; font-size: 14px; font-style: normal; font-variant-ligatures: normal; font-variant-caps: normal; font-weight: 400; letter-spacing: normal; orphans: 2; text-align: start; text-indent: 0px; text-transform: none; widows: 2; word-spacing: 0px; -webkit-text-stroke-width: 0px; white-space: normal; background-color: #ffffff; text-decoration-thickness: initial; text-decoration-style: initial; text-decoration-color: initial;\" action=\"https:\/\/tihani.eu\/product\/revitalizing-hand-cream\/\" enctype=\"multipart\/form-data\" method=\"post\" data-product_id=\"8272\" data-product_variations=\"[{\"attributes\":{\"attribute_pa_volume\":\"150-ml\"},\"availability_html\":\"\",\"backorders_allowed\":false,\"dimensions\":{\"length\":\"\",\"width\":\"\",\"height\":\"\"},\"dimensions_html\":\"N\/A\",\"display_price\":26,\"display_regular_price\":26,\"image\":{\"title\":\"revitalizing\",\"caption\":\"\",\"url\":\"https:\/\/tihani.eu\/wp-content\/uploads\/2024\/05\/revitalizing.png\",\"alt\":\"revitalizing\",\"src\":\"https:\/\/tihani.eu\/wp-content\/uploads\/2024\/05\/revitalizing.png\",\"srcset\":\"https:\/\/tihani.eu\/wp-content\/uploads\/2024\/05\/revitalizing.png 500w, https:\/\/tihani.eu\/wp-content\/uploads\/2024\/05\/revitalizing-300x300.png 300w, https:\/\/tihani.eu\/wp-content\/uploads\/2024\/05\/revitalizing-150x150.png 150w, https:\/\/tihani.eu\/wp-content\/uploads\/2024\/05\/revitalizing-100x100.png 100w\",\"sizes\":\"(max-width: 500px) 100vw, 500px\",\"full_src\":\"https:\/\/tihani.eu\/wp-content\/uploads\/2024\/05\/revitalizing.png\",\"full_src_w\":500,\"full_src_h\":500,\"gallery_thumbnail_src\":\"https:\/\/tihani.eu\/wp-content\/uploads\/2024\/05\/revitalizing-100x100.png\",\"gallery_thumbnail_src_w\":100,\"gallery_thumbnail_src_h\":100,\"thumb_src\":\"https:\/\/tihani.eu\/wp-content\/uploads\/2024\/05\/revitalizing-300x300.png\",\"thumb_src_w\":300,\"thumb_src_h\":300,\"src_w\":500,\"src_h\":500},\"image_id\":8883,\"is_downloadable\":false,\"is_in_stock\":true,\"is_purchasable\":true,\"is_sold_individually\":\"no\",\"is_virtual\":false,\"max_qty\":\"\",\"min_qty\":1,\"price_html\":\"&lt;encoded_tag_open \/&gt;span class=\"price\"&lt;encoded_tag_closed \/&gt;&lt;encoded_tag_open \/&gt;span class=\"woocommerce-Price-amount amount\"&lt;encoded_tag_closed \/&gt;&lt;encoded_tag_open \/&gt;bdi&lt;encoded_tag_closed \/&gt;&lt;encoded_tag_open \/&gt;span class=\"woocommerce-Price-currencySymbol\"&lt;encoded_tag_closed \/&gt;\u20ac&lt;encoded_tag_open \/&gt;\/span&lt;encoded_tag_closed \/&gt;&nbsp;26,00&lt;encoded_tag_open \/&gt;\/bdi&lt;encoded_tag_closed \/&gt;&lt;encoded_tag_open \/&gt;\/span&lt;encoded_tag_closed \/&gt;&lt;encoded_tag_open \/&gt;\/span&lt;encoded_tag_closed \/&gt;\",\"sku\":\"\",\"variation_description\":\"\",\"variation_id\":8284,\"variation_is_active\":true,\"variation_is_visible\":true,\"weight\":\"\",\"weight_html\":\"N\/A\"},{\"attributes\":{\"attribute_pa_volume\":\"50-ml\"},\"availability_html\":\"\",\"backorders_allowed\":false,\"dimensions\":{\"length\":\"\",\"width\":\"\",\"height\":\"\"},\"dimensions_html\":\"N\/A\",\"display_price\":16.5,\"display_regular_price\":16.5,\"image\":{\"title\":\"revitalizing\",\"caption\":\"\",\"url\":\"https:\/\/tihani.eu\/wp-content\/uploads\/2024\/05\/revitalizing.png\",\"alt\":\"revitalizing\",\"src\":\"https:\/\/tihani.eu\/wp-content\/uploads\/2024\/05\/revitalizing.png\",\"srcset\":\"https:\/\/tihani.eu\/wp-content\/uploads\/2024\/05\/revitalizing.png 500w, https:\/\/tihani.eu\/wp-content\/uploads\/2024\/05\/revitalizing-300x300.png 300w, https:\/\/tihani.eu\/wp-content\/uploads\/2024\/05\/revitalizing-150x150.png 150w, https:\/\/tihani.eu\/wp-content\/uploads\/2024\/05\/revitalizing-100x100.png 100w\",\"sizes\":\"(max-width: 500px) 100vw, 500px\",\"full_src\":\"https:\/\/tihani.eu\/wp-content\/uploads\/2024\/05\/revitalizing.png\",\"full_src_w\":500,\"full_src_h\":500,\"gallery_thumbnail_src\":\"https:\/\/tihani.eu\/wp-content\/uploads\/2024\/05\/revitalizing-100x100.png\",\"gallery_thumbnail_src_w\":100,\"gallery_thumbnail_src_h\":100,\"thumb_src\":\"https:\/\/tihani.eu\/wp-content\/uploads\/2024\/05\/revitalizing-300x300.png\",\"thumb_src_w\":300,\"thumb_src_h\":300,\"src_w\":500,\"src_h\":500},\"image_id\":8883,\"is_downloadable\":false,\"is_in_stock\":true,\"is_purchasable\":true,\"is_sold_individually\":\"no\",\"is_virtual\":false,\"max_qty\":\"\",\"min_qty\":1,\"price_html\":\"&lt;encoded_tag_open \/&gt;span class=\"price\"&lt;encoded_tag_closed \/&gt;&lt;encoded_tag_open \/&gt;span class=\"woocommerce-Price-amount amount\"&lt;encoded_tag_closed \/&gt;&lt;encoded_tag_open \/&gt;bdi&lt;encoded_tag_closed \/&gt;&lt;encoded_tag_open \/&gt;span class=\"woocommerce-Price-currencySymbol\"&lt;encoded_tag_closed \/&gt;\u20ac&lt;encoded_tag_open \/&gt;\/span&lt;encoded_tag_closed \/&gt;&nbsp;16,50&lt;encoded_tag_open \/&gt;\/bdi&lt;encoded_tag_closed \/&gt;&lt;encoded_tag_open \/&gt;\/span&lt;encoded_tag_closed \/&gt;&lt;encoded_tag_open \/&gt;\/span&lt;encoded_tag_closed \/&gt;\",\"sku\":\"\",\"variation_description\":\"\",\"variation_id\":8283,\"variation_is_active\":true,\"variation_is_visible\":true,\"weight\":\"\",\"weight_html\":\"N\/A\"},{\"attributes\":{\"attribute_pa_volume\":\"3-ml\"},\"availability_html\":\"\",\"backorders_allowed\":false,\"dimensions\":{\"length\":\"\",\"width\":\"\",\"height\":\"\"},\"dimensions_html\":\"N\/A\",\"display_price\":0.5,\"display_regular_price\":0.5,\"image\":{\"title\":\"revitalizing\",\"caption\":\"\",\"url\":\"https:\/\/tihani.eu\/wp-content\/uploads\/2024\/05\/revitalizing.png\",\"alt\":\"revitalizing\",\"src\":\"https:\/\/tihani.eu\/wp-content\/uploads\/2024\/05\/revitalizing.png\",\"srcset\":\"https:\/\/tihani.eu\/wp-content\/uploads\/2024\/05\/revitalizing.png 500w, https:\/\/tihani.eu\/wp-content\/uploads\/2024\/05\/revitalizing-300x300.png 300w, https:\/\/tihani.eu\/wp-content\/uploads\/2024\/05\/revitalizing-150x150.png 150w, https:\/\/tihani.eu\/wp-content\/uploads\/2024\/05\/revitalizing-100x100.png 100w\",\"sizes\":\"(max-width: 500px) 100vw, 500px\",\"full_src\":\"https:\/\/tihani.eu\/wp-content\/uploads\/2024\/05\/revitalizing.png\",\"full_src_w\":500,\"full_src_h\":500,\"gallery_thumbnail_src\":\"https:\/\/tihani.eu\/wp-content\/uploads\/2024\/05\/revitalizing-100x100.png\",\"gallery_thumbnail_src_w\":100,\"gallery_thumbnail_src_h\":100,\"thumb_src\":\"https:\/\/tihani.eu\/wp-content\/uploads\/2024\/05\/revitalizing-300x300.png\",\"thumb_src_w\":300,\"thumb_src_h\":300,\"src_w\":500,\"src_h\":500},\"image_id\":8883,\"is_downloadable\":false,\"is_in_stock\":true,\"is_purchasable\":true,\"is_sold_individually\":\"no\",\"is_virtual\":false,\"max_qty\":\"\",\"min_qty\":1,\"price_html\":\"&lt;encoded_tag_open \/&gt;span class=\"price\"&lt;encoded_tag_closed \/&gt;&lt;encoded_tag_open \/&gt;span class=\"woocommerce-Price-amount amount\"&lt;encoded_tag_closed \/&gt;&lt;encoded_tag_open \/&gt;bdi&lt;encoded_tag_closed \/&gt;&lt;encoded_tag_open \/&gt;span class=\"woocommerce-Price-currencySymbol\"&lt;encoded_tag_closed \/&gt;\u20ac&lt;encoded_tag_open \/&gt;\/span&lt;encoded_tag_closed \/&gt;&nbsp;0,50&lt;encoded_tag_open \/&gt;\/bdi&lt;encoded_tag_closed \/&gt;&lt;encoded_tag_open \/&gt;\/span&lt;encoded_tag_closed \/&gt;&lt;encoded_tag_open \/&gt;\/span&lt;encoded_tag_closed \/&gt;\",\"sku\":\"\",\"variation_description\":\"\",\"variation_id\":8282,\"variation_is_active\":true,\"variation_is_visible\":true,\"weight\":\"\",\"weight_html\":\"N\/A\"}]\"><\/form>\n","protected":false},"featured_media":11678,"comment_status":"closed","ping_status":"closed","template":"","meta":{"site-sidebar-layout":"default","site-content-layout":"","ast-site-content-layout":"default","site-content-style":"default","site-sidebar-style":"default","ast-global-header-display":"","ast-banner-title-visibility":"","ast-main-header-display":"","ast-hfb-above-header-display":"","ast-hfb-below-header-display":"","ast-hfb-mobile-header-display":"","site-post-title":"","ast-breadcrumbs-content":"","ast-featured-img":"","footer-sml-layout":"","theme-transparent-header-meta":"default","adv-header-id-meta":"","stick-header-meta":"","header-above-stick-meta":"","header-main-stick-meta":"","header-below-stick-meta":"","astra-migrate-meta-layouts":"default","ast-page-background-enabled":"default","ast-page-background-meta":{"desktop":{"background-color":"","background-image":"","background-repeat":"repeat","background-position":"center center","background-size":"auto","background-attachment":"scroll","background-type":"","background-media":"","overlay-type":"","overlay-color":"","overlay-opacity":"","overlay-gradient":""},"tablet":{"background-color":"","background-image":"","background-repeat":"repeat","background-position":"center center","background-size":"auto","background-attachment":"scroll","background-type":"","background-media":"","overlay-type":"","overlay-color":"","overlay-opacity":"","overlay-gradient":""},"mobile":{"background-color":"","background-image":"","background-repeat":"repeat","background-position":"center center","background-size":"auto","background-attachment":"scroll","background-type":"","background-media":"","overlay-type":"","overlay-color":"","overlay-opacity":"","overlay-gradient":""}},"ast-content-background-meta":{"desktop":{"background-color":"var(--ast-global-color-5)","background-image":"","background-repeat":"repeat","background-position":"center center","background-size":"auto","background-attachment":"scroll","background-type":"","background-media":"","overlay-type":"","overlay-color":"","overlay-opacity":"","overlay-gradient":""},"tablet":{"background-color":"var(--ast-global-color-5)","background-image":"","background-repeat":"repeat","background-position":"center center","background-size":"auto","background-attachment":"scroll","background-type":"","background-media":"","overlay-type":"","overlay-color":"","overlay-opacity":"","overlay-gradient":""},"mobile":{"background-color":"var(--ast-global-color-5)","background-image":"","background-repeat":"repeat","background-position":"center center","background-size":"auto","background-attachment":"scroll","background-type":"","background-media":"","overlay-type":"","overlay-color":"","overlay-opacity":"","overlay-gradient":""}}},"product_brand":[],"product_cat":[2039],"product_tag":[2089,2040],"class_list":{"0":"post-11680","1":"product","2":"type-product","3":"status-publish","4":"has-post-thumbnail","6":"product_cat-straderm-lv","7":"product_tag-cuticle-softener-lv","8":"product_tag-straderm-lv","9":"desktop-align-left","10":"tablet-align-left","11":"mobile-align-left","13":"first","14":"instock","15":"taxable","16":"shipping-taxable","17":"purchasable","18":"product-type-simple"},"jetpack_sharing_enabled":true,"_links":{"self":[{"href":"https:\/\/tihani.eu\/lv\/wp-json\/wp\/v2\/product\/11680","targetHints":{"allow":["GET"]}}],"collection":[{"href":"https:\/\/tihani.eu\/lv\/wp-json\/wp\/v2\/product"}],"about":[{"href":"https:\/\/tihani.eu\/lv\/wp-json\/wp\/v2\/types\/product"}],"replies":[{"embeddable":true,"href":"https:\/\/tihani.eu\/lv\/wp-json\/wp\/v2\/comments?post=11680"}],"wp:featuredmedia":[{"embeddable":true,"href":"https:\/\/tihani.eu\/lv\/wp-json\/wp\/v2\/media\/11678"}],"wp:attachment":[{"href":"https:\/\/tihani.eu\/lv\/wp-json\/wp\/v2\/media?parent=11680"}],"wp:term":[{"taxonomy":"product_brand","embeddable":true,"href":"https:\/\/tihani.eu\/lv\/wp-json\/wp\/v2\/product_brand?post=11680"},{"taxonomy":"product_cat","embeddable":true,"href":"https:\/\/tihani.eu\/lv\/wp-json\/wp\/v2\/product_cat?post=11680"},{"taxonomy":"product_tag","embeddable":true,"href":"https:\/\/tihani.eu\/lv\/wp-json\/wp\/v2\/product_tag?post=11680"}],"curies":[{"name":"wp","href":"https:\/\/api.w.org\/{rel}","templated":true}]}}