{"id":11674,"date":"2024-07-09T14:38:10","date_gmt":"2024-07-09T12:38:10","guid":{"rendered":"https:\/\/tihani.eu\/product\/nail-barrier-14ml\/"},"modified":"2025-09-16T21:53:25","modified_gmt":"2025-09-16T19:53:25","slug":"nail-barrier-14ml","status":"publish","type":"product","link":"https:\/\/tihani.eu\/lv\/produkts\/nail-barrier-14ml\/","title":{"rendered":"STRADERM NAIL BARRIER 14ml"},"content":{"rendered":"<p><strong>Sast\u0101vda\u013cas:<\/strong> ethyl acetate, butyl acetate, nitrocellulose, adipic acid\/neopentyl glycol\/trimellitic,acetyl tributyl citrate, isopropyl alcohol, etocrylene, n-butylalcohol, hexanal, trimethylpentanediyl dibenzonate, violet 2, tocopherol.<\/p>\n<p><strong>21 Free:<\/strong>Nail Barrier ir izgatavots bez 21 b\u012bstam\u0101kaj\u0101m sast\u0101vda\u013c\u0101m, kas saist\u012btas ar toksicit\u0101ti.<\/p>\n<p><strong>Lieto\u0161ana: k\u0101 nostiprino\u0161u l\u012bdzekli<\/strong> uzkl\u0101t divas reizes ned\u0113\u013c\u0101 &#8211; starp uzkl\u0101\u0161anas reiz\u0113m no\u0146emt; <strong>k\u0101 b\u0101zes p\u0101rkl\u0101jumu<\/strong> uzkl\u0101t 1 k\u0101rtu zem nagu lakas; <strong>k\u0101 caursp\u012bd\u012bgu p\u0101rkl\u0101jumu<\/strong> uzkl\u0101t 2 k\u0101rtas uz t\u012briem nagiem; k\u0101 t\u016bl\u012bt\u0113ju cietin\u0101t\u0101ju uzkl\u0101t 2 k\u0101rtas uz t\u012briem nagiem.<\/p>\n<p><strong>Uzman\u012bbu: <\/strong> tikai \u0101r\u0113jai lieto\u0161anai. Uzglab\u0101t b\u0113rniem nepieejam\u0101 viet\u0101.<\/p>\n","protected":false},"excerpt":{"rendered":"<p>\u0160is ir stiprino\u0161s l\u012bdzeklis ar daudzpus\u012bgu iedarb\u012bbu efekt\u012bvai atjauno\u0161anai, kas ir papildin\u0101ts ar heksan\u0101lu un stiprino\u0161o E vitam\u012bnu, lai pal\u012bdz\u0113tu atjaunot un gl\u0101bt boj\u0101tus, v\u0101jus nagus. Nagu aizsargp\u0101rkl\u0101jums aizsarg\u0101 gan vesel\u012bgus nagus, gan ide\u0101li piem\u0113rots pl\u0101niem vai lobo\u0161iem, boj\u0101tiem nagiem, tostarp nagiem, kas boj\u0101ti p\u0113c akrila vai g\u0113la laka p\u0101rkl\u0101juma no\u0146em\u0161anas.<\/p>\n<p>Nail Barrier p\u0101rkl\u0101jumu var uzkl\u0101t k\u0101 nostiprino\u0161u l\u012bdzekli, lai stiprin\u0101tu veselus nagus un nov\u0113rstu to l\u016b\u0161anu, vai ar\u012b uzkl\u0101t k\u0101 b\u0101zes p\u0101rkl\u0101jumu.<\/p>\n<div>Divi Nail Barrer stiprino\u0161\u0101 \u0161\u0137\u012bduma sl\u0101\u0146i rada vairogam l\u012bdz\u012bgu barjeru, kas t\u016bl\u012bt\u0113ji nostiprina naga pl\u0101ksn\u012bti, atjauno un gl\u0101bj boj\u0101tos nagus un aizsarg\u0101 tos no iesp\u0113jamiem boj\u0101jumiem.<\/div>\n<div><\/div>\n<ul>\n<li>Produkts nav test\u0113ts uz dz\u012bvniekiem<\/li>\n<li>Piem\u0113rots veg\u0101niem<\/li>\n<li>Ra\u017eots It\u0101lij\u0101<\/li>\n<\/ul>\n","protected":false},"featured_media":11672,"comment_status":"closed","ping_status":"closed","template":"","meta":{"site-sidebar-layout":"default","site-content-layout":"","ast-site-content-layout":"default","site-content-style":"default","site-sidebar-style":"default","ast-global-header-display":"","ast-banner-title-visibility":"","ast-main-header-display":"","ast-hfb-above-header-display":"","ast-hfb-below-header-display":"","ast-hfb-mobile-header-display":"","site-post-title":"","ast-breadcrumbs-content":"","ast-featured-img":"","footer-sml-layout":"","theme-transparent-header-meta":"default","adv-header-id-meta":"","stick-header-meta":"","header-above-stick-meta":"","header-main-stick-meta":"","header-below-stick-meta":"","astra-migrate-meta-layouts":"default","ast-page-background-enabled":"default","ast-page-background-meta":{"desktop":{"background-color":"","background-image":"","background-repeat":"repeat","background-position":"center center","background-size":"auto","background-attachment":"scroll","background-type":"","background-media":"","overlay-type":"","overlay-color":"","overlay-opacity":"","overlay-gradient":""},"tablet":{"background-color":"","background-image":"","background-repeat":"repeat","background-position":"center center","background-size":"auto","background-attachment":"scroll","background-type":"","background-media":"","overlay-type":"","overlay-color":"","overlay-opacity":"","overlay-gradient":""},"mobile":{"background-color":"","background-image":"","background-repeat":"repeat","background-position":"center center","background-size":"auto","background-attachment":"scroll","background-type":"","background-media":"","overlay-type":"","overlay-color":"","overlay-opacity":"","overlay-gradient":""}},"ast-content-background-meta":{"desktop":{"background-color":"var(--ast-global-color-5)","background-image":"","background-repeat":"repeat","background-position":"center center","background-size":"auto","background-attachment":"scroll","background-type":"","background-media":"","overlay-type":"","overlay-color":"","overlay-opacity":"","overlay-gradient":""},"tablet":{"background-color":"var(--ast-global-color-5)","background-image":"","background-repeat":"repeat","background-position":"center center","background-size":"auto","background-attachment":"scroll","background-type":"","background-media":"","overlay-type":"","overlay-color":"","overlay-opacity":"","overlay-gradient":""},"mobile":{"background-color":"var(--ast-global-color-5)","background-image":"","background-repeat":"repeat","background-position":"center center","background-size":"auto","background-attachment":"scroll","background-type":"","background-media":"","overlay-type":"","overlay-color":"","overlay-opacity":"","overlay-gradient":""}}},"product_brand":[],"product_cat":[2039],"product_tag":[3275,2040],"class_list":{"0":"post-11674","1":"product","2":"type-product","3":"status-publish","4":"has-post-thumbnail","6":"product_cat-straderm-lv","7":"product_tag-nail-barrier-lv","8":"product_tag-straderm-lv","9":"desktop-align-left","10":"tablet-align-left","11":"mobile-align-left","13":"first","14":"instock","15":"taxable","16":"shipping-taxable","17":"purchasable","18":"product-type-simple"},"jetpack_sharing_enabled":true,"_links":{"self":[{"href":"https:\/\/tihani.eu\/lv\/wp-json\/wp\/v2\/product\/11674","targetHints":{"allow":["GET"]}}],"collection":[{"href":"https:\/\/tihani.eu\/lv\/wp-json\/wp\/v2\/product"}],"about":[{"href":"https:\/\/tihani.eu\/lv\/wp-json\/wp\/v2\/types\/product"}],"replies":[{"embeddable":true,"href":"https:\/\/tihani.eu\/lv\/wp-json\/wp\/v2\/comments?post=11674"}],"wp:featuredmedia":[{"embeddable":true,"href":"https:\/\/tihani.eu\/lv\/wp-json\/wp\/v2\/media\/11672"}],"wp:attachment":[{"href":"https:\/\/tihani.eu\/lv\/wp-json\/wp\/v2\/media?parent=11674"}],"wp:term":[{"taxonomy":"product_brand","embeddable":true,"href":"https:\/\/tihani.eu\/lv\/wp-json\/wp\/v2\/product_brand?post=11674"},{"taxonomy":"product_cat","embeddable":true,"href":"https:\/\/tihani.eu\/lv\/wp-json\/wp\/v2\/product_cat?post=11674"},{"taxonomy":"product_tag","embeddable":true,"href":"https:\/\/tihani.eu\/lv\/wp-json\/wp\/v2\/product_tag?post=11674"}],"curies":[{"name":"wp","href":"https:\/\/api.w.org\/{rel}","templated":true}]}}