{"id":11146,"date":"2024-07-01T12:37:37","date_gmt":"2024-07-01T10:37:37","guid":{"rendered":"https:\/\/tihani.eu\/?post_type=product&#038;p=11146"},"modified":"2024-07-01T12:57:59","modified_gmt":"2024-07-01T10:57:59","slug":"papildinasanai-mainams-fails-lente-virtulis-staleks-pro-expert-100-grit-ats-100-copy-2","status":"publish","type":"product","link":"https:\/\/tihani.eu\/lv\/produkts\/papildinasanai-mainams-fails-lente-virtulis-staleks-pro-expert-100-grit-ats-100-copy-2\/","title":{"rendered":"PAPILDIN\u0100\u0160ANAI MAIN\u0100MS FAILS-LENTE (VIRTULIS) STALEKS PRO EXPERT, 240 GRIT [ATS-240]"},"content":{"rendered":"<p>ARTIKULS: ATS-240<\/p>\n<p>SPECIFIK\u0100CIJAS:<\/p>\n<table class=\"woocommerce-product-attributes shop_attributes\">\n<tbody>\n<tr class=\"woocommerce-product-attributes-item woocommerce-product-attributes-item--attribute_pa_seriya\">\n<th class=\"woocommerce-product-attributes-item__label\">S\u0112RIJA<\/th>\n<td class=\"woocommerce-product-attributes-item__value\">Expert<\/td>\n<\/tr>\n<tr class=\"woocommerce-product-attributes-item woocommerce-product-attributes-item--attribute_pa_brend\">\n<th class=\"woocommerce-product-attributes-item__label\">Z\u012aMOLS<\/th>\n<td class=\"woocommerce-product-attributes-item__value\">STALEKS PRO<\/td>\n<\/tr>\n<tr class=\"woocommerce-product-attributes-item woocommerce-product-attributes-item--attribute_pa_abraziv\">\n<th class=\"woocommerce-product-attributes-item__label\">ABRAZ\u012aVS<\/th>\n<td class=\"woocommerce-product-attributes-item__value\"> 240 griti<\/td>\n<\/tr>\n<tr class=\"woocommerce-product-attributes-item woocommerce-product-attributes-item--attribute_pa_naznachenie\">\n<th class=\"woocommerce-product-attributes-item__label\">M\u0112R\u0136IS<\/th>\n<td class=\"woocommerce-product-attributes-item__value\">Manik\u012bram<\/td>\n<\/tr>\n<\/tbody>\n<\/table>\n","protected":false},"excerpt":{"rendered":"<p>GALVEN\u0100S \u012aPA\u0160\u012aBAS:<\/p>\n<ul>\n<li>240 griti<\/li>\n<li>iesp\u0113ja pa\u0161iem izm\u0113r\u012bt vienreizlietojam\u0101 faila garumu<\/li>\n<li>l\u012bdz 80 vienreizlietoj\u0101miem failiem rull\u012b<\/li>\n<li>augstas kvalit\u0101tes abraz\u012bvs<\/li>\n<li>\u016bdensizturgs<\/li>\n<li>dro\u0161s l\u012bm\u0113jo\u0161ais sl\u0101nis<\/li>\n<li>kompakts izm\u0113rs<\/li>\n<li>iesp\u0113ja ietaup\u012bt, jo nav atk\u0101rtoti j\u0101ieg\u0101d\u0101jas plastmasas konteiners<\/li>\n<li>r\u016bpes par vidi, samazinot plastmasas lieto\u0161anu<\/li>\n<li>miner\u0101lais abraz\u012bvais materi\u0101ls sil\u012bcija karb\u012bds<\/li>\n<li>paredz\u0113ts pamatn\u0113m: MBE-20, MBE-20S, SPBE-20, WBE-20, ABE-20<\/li>\n<\/ul>\n","protected":false},"featured_media":11149,"comment_status":"closed","ping_status":"closed","template":"","meta":{"site-sidebar-layout":"default","site-content-layout":"","ast-site-content-layout":"default","site-content-style":"default","site-sidebar-style":"default","ast-global-header-display":"","ast-banner-title-visibility":"","ast-main-header-display":"","ast-hfb-above-header-display":"","ast-hfb-below-header-display":"","ast-hfb-mobile-header-display":"","site-post-title":"","ast-breadcrumbs-content":"","ast-featured-img":"","footer-sml-layout":"","theme-transparent-header-meta":"default","adv-header-id-meta":"","stick-header-meta":"","header-above-stick-meta":"","header-main-stick-meta":"","header-below-stick-meta":"","astra-migrate-meta-layouts":"set","ast-page-background-enabled":"default","ast-page-background-meta":{"desktop":{"background-color":"","background-image":"","background-repeat":"repeat","background-position":"center center","background-size":"auto","background-attachment":"scroll","background-type":"","background-media":"","overlay-type":"","overlay-color":"","overlay-opacity":"","overlay-gradient":""},"tablet":{"background-color":"","background-image":"","background-repeat":"repeat","background-position":"center center","background-size":"auto","background-attachment":"scroll","background-type":"","background-media":"","overlay-type":"","overlay-color":"","overlay-opacity":"","overlay-gradient":""},"mobile":{"background-color":"","background-image":"","background-repeat":"repeat","background-position":"center center","background-size":"auto","background-attachment":"scroll","background-type":"","background-media":"","overlay-type":"","overlay-color":"","overlay-opacity":"","overlay-gradient":""}},"ast-content-background-meta":{"desktop":{"background-color":"var(--ast-global-color-5)","background-image":"","background-repeat":"repeat","background-position":"center center","background-size":"auto","background-attachment":"scroll","background-type":"","background-media":"","overlay-type":"","overlay-color":"","overlay-opacity":"","overlay-gradient":""},"tablet":{"background-color":"var(--ast-global-color-5)","background-image":"","background-repeat":"repeat","background-position":"center center","background-size":"auto","background-attachment":"scroll","background-type":"","background-media":"","overlay-type":"","overlay-color":"","overlay-opacity":"","overlay-gradient":""},"mobile":{"background-color":"var(--ast-global-color-5)","background-image":"","background-repeat":"repeat","background-position":"center center","background-size":"auto","background-attachment":"scroll","background-type":"","background-media":"","overlay-type":"","overlay-color":"","overlay-opacity":"","overlay-gradient":""}}},"product_brand":[],"product_cat":[2301,3194],"product_tag":[],"class_list":{"0":"post-11146","1":"product","2":"type-product","3":"status-publish","4":"has-post-thumbnail","6":"product_cat-tools-lv","7":"product_cat-bobbinail-lv","8":"desktop-align-left","9":"tablet-align-left","10":"mobile-align-left","12":"first","13":"instock","14":"taxable","15":"shipping-taxable","16":"purchasable","17":"product-type-simple"},"jetpack_sharing_enabled":true,"_links":{"self":[{"href":"https:\/\/tihani.eu\/lv\/wp-json\/wp\/v2\/product\/11146","targetHints":{"allow":["GET"]}}],"collection":[{"href":"https:\/\/tihani.eu\/lv\/wp-json\/wp\/v2\/product"}],"about":[{"href":"https:\/\/tihani.eu\/lv\/wp-json\/wp\/v2\/types\/product"}],"replies":[{"embeddable":true,"href":"https:\/\/tihani.eu\/lv\/wp-json\/wp\/v2\/comments?post=11146"}],"wp:featuredmedia":[{"embeddable":true,"href":"https:\/\/tihani.eu\/lv\/wp-json\/wp\/v2\/media\/11149"}],"wp:attachment":[{"href":"https:\/\/tihani.eu\/lv\/wp-json\/wp\/v2\/media?parent=11146"}],"wp:term":[{"taxonomy":"product_brand","embeddable":true,"href":"https:\/\/tihani.eu\/lv\/wp-json\/wp\/v2\/product_brand?post=11146"},{"taxonomy":"product_cat","embeddable":true,"href":"https:\/\/tihani.eu\/lv\/wp-json\/wp\/v2\/product_cat?post=11146"},{"taxonomy":"product_tag","embeddable":true,"href":"https:\/\/tihani.eu\/lv\/wp-json\/wp\/v2\/product_tag?post=11146"}],"curies":[{"name":"wp","href":"https:\/\/api.w.org\/{rel}","templated":true}]}}