{"id":10865,"date":"2024-06-18T15:07:15","date_gmt":"2024-06-18T13:07:15","guid":{"rendered":"https:\/\/tihani.eu\/?post_type=product&#038;p=10865"},"modified":"2024-06-18T15:24:30","modified_gmt":"2024-06-18T13:24:30","slug":"kmiz-cietkausejuma-freze-zila-%d1%84%d0%bf%d0%b4%d1%81-060-%d1%81-%d1%82%d0%b2%d1%81-l14-116195-copy","status":"publish","type":"product","link":"https:\/\/tihani.eu\/lv\/produkts\/kmiz-cietkausejuma-freze-zila-%d1%84%d0%bf%d0%b4%d1%81-060-%d1%81-%d1%82%d0%b2%d1%81-l14-116195-copy\/","title":{"rendered":"KMIZ CIETKAUS\u0112JUMA FR\u0112ZE KONUSS DZELTENS [\u0424\u041a\u0417\u0423\u0414 023\u0426-\u041e\u041c \u0422\u0412\u0421 L8] 115974"},"content":{"rendered":"<p>ARTIKULS: 115974<\/p>\n<p>\u0424\u041a\u0417\u0423\u0414 023\u0426-\u041e\u041c \u0422\u0412\u0421 L8<\/p>\n<p>&nbsp;<\/p>\n<p>&nbsp;<\/p>\n","protected":false},"excerpt":{"rendered":"<p>Darba da\u013cas diametrs mm: 2.3<br \/>\nDarba da\u013cas garums, mm: 8.0<br \/>\nZoba izm\u0113rs: \u013coti smalks<\/p>\n<p>Griezuma tips: \u013coti smalks krustveida griezums<\/p>\n<p>Fr\u0113\u017eu lieto\u0161ana ir sniegta tikai k\u0101 ieteikums, fr\u0113ze tiek izv\u0113l\u0113ta katram klientam individu\u0101li.<\/p>\n<p>Lieto manik\u012bram un pedik\u012bram:<br \/>\n&#8211; Pl\u0101na m\u0101ksl\u012bg\u0101 materi\u0101la (gelish un gel) no\u0146em\u0161ana<br \/>\n&#8211; Nagu pl\u0101ksn\u012btes iek\u0161\u0113j\u0101 korekcija<br \/>\n&#8211; S\u0101nu rull\u012b\u0161os eso\u0161o p\u0101rsli\u0146u no\u0146em\u0161ana korekcijas laik\u0101<br \/>\n&#8211; Keratoz\u0113jo\u0161u nagu pl\u0101nin\u0101\u0161ana<\/p>\n","protected":false},"featured_media":10868,"comment_status":"closed","ping_status":"closed","template":"","meta":{"site-sidebar-layout":"default","site-content-layout":"","ast-site-content-layout":"default","site-content-style":"default","site-sidebar-style":"default","ast-global-header-display":"","ast-banner-title-visibility":"","ast-main-header-display":"","ast-hfb-above-header-display":"","ast-hfb-below-header-display":"","ast-hfb-mobile-header-display":"","site-post-title":"","ast-breadcrumbs-content":"","ast-featured-img":"","footer-sml-layout":"","theme-transparent-header-meta":"default","adv-header-id-meta":"","stick-header-meta":"","header-above-stick-meta":"","header-main-stick-meta":"","header-below-stick-meta":"","astra-migrate-meta-layouts":"set","ast-page-background-enabled":"default","ast-page-background-meta":{"desktop":{"background-color":"","background-image":"","background-repeat":"repeat","background-position":"center center","background-size":"auto","background-attachment":"scroll","background-type":"","background-media":"","overlay-type":"","overlay-color":"","overlay-opacity":"","overlay-gradient":""},"tablet":{"background-color":"","background-image":"","background-repeat":"repeat","background-position":"center center","background-size":"auto","background-attachment":"scroll","background-type":"","background-media":"","overlay-type":"","overlay-color":"","overlay-opacity":"","overlay-gradient":""},"mobile":{"background-color":"","background-image":"","background-repeat":"repeat","background-position":"center center","background-size":"auto","background-attachment":"scroll","background-type":"","background-media":"","overlay-type":"","overlay-color":"","overlay-opacity":"","overlay-gradient":""}},"ast-content-background-meta":{"desktop":{"background-color":"var(--ast-global-color-5)","background-image":"","background-repeat":"repeat","background-position":"center center","background-size":"auto","background-attachment":"scroll","background-type":"","background-media":"","overlay-type":"","overlay-color":"","overlay-opacity":"","overlay-gradient":""},"tablet":{"background-color":"var(--ast-global-color-5)","background-image":"","background-repeat":"repeat","background-position":"center center","background-size":"auto","background-attachment":"scroll","background-type":"","background-media":"","overlay-type":"","overlay-color":"","overlay-opacity":"","overlay-gradient":""},"mobile":{"background-color":"var(--ast-global-color-5)","background-image":"","background-repeat":"repeat","background-position":"center center","background-size":"auto","background-attachment":"scroll","background-type":"","background-media":"","overlay-type":"","overlay-color":"","overlay-opacity":"","overlay-gradient":""}}},"product_brand":[],"product_cat":[2072,3078],"product_tag":[3079,3082,3083],"class_list":{"0":"post-10865","1":"product","2":"type-product","3":"status-publish","4":"has-post-thumbnail","6":"product_cat-nail-drills-lv","7":"product_cat-cietkausejuma-frezes","8":"product_tag-carbide-cutter-lv","9":"product_tag-cietkausejuma-lv","10":"product_tag--lv","11":"desktop-align-left","12":"tablet-align-left","13":"mobile-align-left","15":"first","16":"instock","17":"taxable","18":"shipping-taxable","19":"purchasable","20":"product-type-simple"},"jetpack_sharing_enabled":true,"_links":{"self":[{"href":"https:\/\/tihani.eu\/lv\/wp-json\/wp\/v2\/product\/10865","targetHints":{"allow":["GET"]}}],"collection":[{"href":"https:\/\/tihani.eu\/lv\/wp-json\/wp\/v2\/product"}],"about":[{"href":"https:\/\/tihani.eu\/lv\/wp-json\/wp\/v2\/types\/product"}],"replies":[{"embeddable":true,"href":"https:\/\/tihani.eu\/lv\/wp-json\/wp\/v2\/comments?post=10865"}],"wp:featuredmedia":[{"embeddable":true,"href":"https:\/\/tihani.eu\/lv\/wp-json\/wp\/v2\/media\/10868"}],"wp:attachment":[{"href":"https:\/\/tihani.eu\/lv\/wp-json\/wp\/v2\/media?parent=10865"}],"wp:term":[{"taxonomy":"product_brand","embeddable":true,"href":"https:\/\/tihani.eu\/lv\/wp-json\/wp\/v2\/product_brand?post=10865"},{"taxonomy":"product_cat","embeddable":true,"href":"https:\/\/tihani.eu\/lv\/wp-json\/wp\/v2\/product_cat?post=10865"},{"taxonomy":"product_tag","embeddable":true,"href":"https:\/\/tihani.eu\/lv\/wp-json\/wp\/v2\/product_tag?post=10865"}],"curies":[{"name":"wp","href":"https:\/\/api.w.org\/{rel}","templated":true}]}}