{"id":10771,"date":"2024-06-18T10:42:08","date_gmt":"2024-06-18T08:42:08","guid":{"rendered":"https:\/\/tihani.eu\/?post_type=product&#038;p=10771"},"modified":"2024-06-18T11:09:24","modified_gmt":"2024-06-18T09:09:24","slug":"kmiz-dimanta-freze-konuss-noapalots-zila-%d0%b3%d0%b0%d0%ba%d1%80-4%d0%bf-85%d1%81-111747-copy","status":"publish","type":"product","link":"https:\/\/tihani.eu\/lv\/produkts\/kmiz-dimanta-freze-konuss-noapalots-zila-%d0%b3%d0%b0%d0%ba%d1%80-4%d0%bf-85%d1%81-111747-copy\/","title":{"rendered":"KMIZ DIMANTS FR\u0112ZE NO\u0160\u0136ELTAIS KONUSS ZILA [\u0413\u0421\u0410\u041a\u0423-5,0\u041f-9 \u0421] 117199"},"content":{"rendered":"<p>ARTIKULS: 117199<\/p>\n<p>\u0413\u0421\u0410\u041a\u0423-5,0\u041f-9 \u0421<\/p>\n<p>ISO 866.104.172.090.050<\/p>\n<p>&nbsp;<\/p>\n","protected":false},"excerpt":{"rendered":"<p>Darba da\u013cas diametrs, mm: 5.0<br \/>\nDarba da\u013cas garums, mm: 9,0<br \/>\nGraudu izm\u0113rs: Vid\u0113jais<br \/>\nFr\u0113\u017eu lieto\u0161ana ir sniegta tikai k\u0101 ieteikums, fr\u0113ze tiek izv\u0113l\u0113ta katram klientam individu\u0101li.<\/p>\n<p>Lieto manik\u012bram un pedik\u012bram:<\/p>\n<p>&#8211; S\u0101nu sinusu apstr\u0101de<\/p>\n<p>&#8211; Rupjas \u0101das apstr\u0101de, keratiniz\u0101cijas no\u0146em\u0161ana<br \/>\n&#8211; Pirkstu tulznu un raupjas \u0101das apstr\u0101de<\/p>\n","protected":false},"featured_media":10774,"comment_status":"closed","ping_status":"closed","template":"","meta":{"site-sidebar-layout":"default","site-content-layout":"","ast-site-content-layout":"default","site-content-style":"default","site-sidebar-style":"default","ast-global-header-display":"","ast-banner-title-visibility":"","ast-main-header-display":"","ast-hfb-above-header-display":"","ast-hfb-below-header-display":"","ast-hfb-mobile-header-display":"","site-post-title":"","ast-breadcrumbs-content":"","ast-featured-img":"","footer-sml-layout":"","theme-transparent-header-meta":"default","adv-header-id-meta":"","stick-header-meta":"","header-above-stick-meta":"","header-main-stick-meta":"","header-below-stick-meta":"","astra-migrate-meta-layouts":"set","ast-page-background-enabled":"default","ast-page-background-meta":{"desktop":{"background-color":"","background-image":"","background-repeat":"repeat","background-position":"center center","background-size":"auto","background-attachment":"scroll","background-type":"","background-media":"","overlay-type":"","overlay-color":"","overlay-opacity":"","overlay-gradient":""},"tablet":{"background-color":"","background-image":"","background-repeat":"repeat","background-position":"center center","background-size":"auto","background-attachment":"scroll","background-type":"","background-media":"","overlay-type":"","overlay-color":"","overlay-opacity":"","overlay-gradient":""},"mobile":{"background-color":"","background-image":"","background-repeat":"repeat","background-position":"center center","background-size":"auto","background-attachment":"scroll","background-type":"","background-media":"","overlay-type":"","overlay-color":"","overlay-opacity":"","overlay-gradient":""}},"ast-content-background-meta":{"desktop":{"background-color":"var(--ast-global-color-5)","background-image":"","background-repeat":"repeat","background-position":"center center","background-size":"auto","background-attachment":"scroll","background-type":"","background-media":"","overlay-type":"","overlay-color":"","overlay-opacity":"","overlay-gradient":""},"tablet":{"background-color":"var(--ast-global-color-5)","background-image":"","background-repeat":"repeat","background-position":"center center","background-size":"auto","background-attachment":"scroll","background-type":"","background-media":"","overlay-type":"","overlay-color":"","overlay-opacity":"","overlay-gradient":""},"mobile":{"background-color":"var(--ast-global-color-5)","background-image":"","background-repeat":"repeat","background-position":"center center","background-size":"auto","background-attachment":"scroll","background-type":"","background-media":"","overlay-type":"","overlay-color":"","overlay-opacity":"","overlay-gradient":""}}},"product_brand":[],"product_cat":[2072,3031],"product_tag":[3081,2781,3166],"class_list":{"0":"post-10771","1":"product","2":"type-product","3":"status-publish","4":"has-post-thumbnail","6":"product_cat-nail-drills-lv","7":"product_cat-others-lv","8":"product_tag-cone-lv","9":"product_tag-diamond-bur-lv","10":"product_tag-rounded-cone-lv","11":"desktop-align-left","12":"tablet-align-left","13":"mobile-align-left","15":"first","16":"instock","17":"taxable","18":"shipping-taxable","19":"purchasable","20":"product-type-simple"},"jetpack_sharing_enabled":true,"_links":{"self":[{"href":"https:\/\/tihani.eu\/lv\/wp-json\/wp\/v2\/product\/10771","targetHints":{"allow":["GET"]}}],"collection":[{"href":"https:\/\/tihani.eu\/lv\/wp-json\/wp\/v2\/product"}],"about":[{"href":"https:\/\/tihani.eu\/lv\/wp-json\/wp\/v2\/types\/product"}],"replies":[{"embeddable":true,"href":"https:\/\/tihani.eu\/lv\/wp-json\/wp\/v2\/comments?post=10771"}],"wp:featuredmedia":[{"embeddable":true,"href":"https:\/\/tihani.eu\/lv\/wp-json\/wp\/v2\/media\/10774"}],"wp:attachment":[{"href":"https:\/\/tihani.eu\/lv\/wp-json\/wp\/v2\/media?parent=10771"}],"wp:term":[{"taxonomy":"product_brand","embeddable":true,"href":"https:\/\/tihani.eu\/lv\/wp-json\/wp\/v2\/product_brand?post=10771"},{"taxonomy":"product_cat","embeddable":true,"href":"https:\/\/tihani.eu\/lv\/wp-json\/wp\/v2\/product_cat?post=10771"},{"taxonomy":"product_tag","embeddable":true,"href":"https:\/\/tihani.eu\/lv\/wp-json\/wp\/v2\/product_tag?post=10771"}],"curies":[{"name":"wp","href":"https:\/\/api.w.org\/{rel}","templated":true}]}}