{"id":10714,"date":"2024-06-14T14:48:37","date_gmt":"2024-06-14T12:48:37","guid":{"rendered":"https:\/\/tihani.eu\/?post_type=product&#038;p=10714"},"modified":"2024-06-14T14:52:12","modified_gmt":"2024-06-14T12:52:12","slug":"kmiz-dimanta-freze-piliens-burkans-zils-040-%d0%b3%d1%81%d0%b0%d0%bf%d0%b7-40%d0%bf-12-%d1%81-%d1%84%d0%b0%d0%ba-40-12%d1%81-118206-copy","status":"publish","type":"product","link":"https:\/\/tihani.eu\/lv\/produkts\/kmiz-dimanta-freze-piliens-burkans-zils-040-%d0%b3%d1%81%d0%b0%d0%bf%d0%b7-40%d0%bf-12-%d1%81-%d1%84%d0%b0%d0%ba-40-12%d1%81-118206-copy\/","title":{"rendered":"KMIZ DIMANTA FR\u0112ZE PILIENS \/ BURK\u0100NS ZILA 050 [\u0413\u0421\u0410\u041f\u0417-5,0\u041f-12,5 \u0421] [\u0424\u0410\u041a-5,0-12,5\u0421] 118208"},"content":{"rendered":"<p>ARTIKULS:118208<\/p>\n<p>\u0413\u0421\u0410\u041f\u0417-5,0\u041f-12,5 \u0421<\/p>\n<p>\u0424\u0410\u041a-5,0-12,5\u0421<\/p>\n<p>ISO 866.104.260.125.050<\/p>\n<p>&nbsp;<\/p>\n","protected":false},"excerpt":{"rendered":"<p>Darba da\u013cas diametrs, mm:5.0<br \/>\nDarba da\u013cas garums, mm: 12.5<br \/>\nGraudu izm\u0113rs: Vid\u0113jais<br \/>\nFr\u0113\u017eu lieto\u0161ana ir sniegta tikai k\u0101 ieteikums, fr\u0113ze tiek izv\u0113l\u0113ta katram klientam individu\u0101li.<\/p>\n<p>Lieto manik\u012bram un pedik\u012bram:<br \/>\n&#8211; Kutikulas pul\u0113\u0161ana<br \/>\n&#8211; Tulznu un raupjas \u0101das apstr\u0101de<br \/>\n&#8211; Plaisu apstr\u0101de<\/p>\n","protected":false},"featured_media":10717,"comment_status":"closed","ping_status":"closed","template":"","meta":{"site-sidebar-layout":"default","site-content-layout":"","ast-site-content-layout":"default","site-content-style":"default","site-sidebar-style":"default","ast-global-header-display":"","ast-banner-title-visibility":"","ast-main-header-display":"","ast-hfb-above-header-display":"","ast-hfb-below-header-display":"","ast-hfb-mobile-header-display":"","site-post-title":"","ast-breadcrumbs-content":"","ast-featured-img":"","footer-sml-layout":"","theme-transparent-header-meta":"default","adv-header-id-meta":"","stick-header-meta":"","header-above-stick-meta":"","header-main-stick-meta":"","header-below-stick-meta":"","astra-migrate-meta-layouts":"set","ast-page-background-enabled":"default","ast-page-background-meta":{"desktop":{"background-color":"","background-image":"","background-repeat":"repeat","background-position":"center center","background-size":"auto","background-attachment":"scroll","background-type":"","background-media":"","overlay-type":"","overlay-color":"","overlay-opacity":"","overlay-gradient":""},"tablet":{"background-color":"","background-image":"","background-repeat":"repeat","background-position":"center center","background-size":"auto","background-attachment":"scroll","background-type":"","background-media":"","overlay-type":"","overlay-color":"","overlay-opacity":"","overlay-gradient":""},"mobile":{"background-color":"","background-image":"","background-repeat":"repeat","background-position":"center center","background-size":"auto","background-attachment":"scroll","background-type":"","background-media":"","overlay-type":"","overlay-color":"","overlay-opacity":"","overlay-gradient":""}},"ast-content-background-meta":{"desktop":{"background-color":"var(--ast-global-color-5)","background-image":"","background-repeat":"repeat","background-position":"center center","background-size":"auto","background-attachment":"scroll","background-type":"","background-media":"","overlay-type":"","overlay-color":"","overlay-opacity":"","overlay-gradient":""},"tablet":{"background-color":"var(--ast-global-color-5)","background-image":"","background-repeat":"repeat","background-position":"center center","background-size":"auto","background-attachment":"scroll","background-type":"","background-media":"","overlay-type":"","overlay-color":"","overlay-opacity":"","overlay-gradient":""},"mobile":{"background-color":"var(--ast-global-color-5)","background-image":"","background-repeat":"repeat","background-position":"center center","background-size":"auto","background-attachment":"scroll","background-type":"","background-media":"","overlay-type":"","overlay-color":"","overlay-opacity":"","overlay-gradient":""}}},"product_brand":[],"product_cat":[2072,3146],"product_tag":[3150,2781,3149,3147,3148],"class_list":{"0":"post-10714","1":"product","2":"type-product","3":"status-publish","4":"has-post-thumbnail","6":"product_cat-nail-drills-lv","7":"product_cat-piliens-burkans","8":"product_tag-burkans-lv","9":"product_tag-diamond-bur-lv","10":"product_tag-piliens-lv","11":"product_tag--lv","13":"desktop-align-left","14":"tablet-align-left","15":"mobile-align-left","17":"first","18":"instock","19":"taxable","20":"shipping-taxable","21":"purchasable","22":"product-type-simple"},"jetpack_sharing_enabled":true,"_links":{"self":[{"href":"https:\/\/tihani.eu\/lv\/wp-json\/wp\/v2\/product\/10714","targetHints":{"allow":["GET"]}}],"collection":[{"href":"https:\/\/tihani.eu\/lv\/wp-json\/wp\/v2\/product"}],"about":[{"href":"https:\/\/tihani.eu\/lv\/wp-json\/wp\/v2\/types\/product"}],"replies":[{"embeddable":true,"href":"https:\/\/tihani.eu\/lv\/wp-json\/wp\/v2\/comments?post=10714"}],"wp:featuredmedia":[{"embeddable":true,"href":"https:\/\/tihani.eu\/lv\/wp-json\/wp\/v2\/media\/10717"}],"wp:attachment":[{"href":"https:\/\/tihani.eu\/lv\/wp-json\/wp\/v2\/media?parent=10714"}],"wp:term":[{"taxonomy":"product_brand","embeddable":true,"href":"https:\/\/tihani.eu\/lv\/wp-json\/wp\/v2\/product_brand?post=10714"},{"taxonomy":"product_cat","embeddable":true,"href":"https:\/\/tihani.eu\/lv\/wp-json\/wp\/v2\/product_cat?post=10714"},{"taxonomy":"product_tag","embeddable":true,"href":"https:\/\/tihani.eu\/lv\/wp-json\/wp\/v2\/product_tag?post=10714"}],"curies":[{"name":"wp","href":"https:\/\/api.w.org\/{rel}","templated":true}]}}