{"id":10527,"date":"2024-06-12T11:14:27","date_gmt":"2024-06-12T09:14:27","guid":{"rendered":"https:\/\/tihani.eu\/?post_type=product&#038;p=10527"},"modified":"2024-06-12T11:41:02","modified_gmt":"2024-06-12T09:41:02","slug":"kmiz-cietkausejuma-freze-konuss-kreiliem-zils-%d1%84%d0%ba%d0%b4%d0%bb-050-%d1%81-%d1%82%d0%b2%d1%81-l13-117975-copy","status":"publish","type":"product","link":"https:\/\/tihani.eu\/lv\/produkts\/kmiz-cietkausejuma-freze-konuss-kreiliem-zils-%d1%84%d0%ba%d0%b4%d0%bb-050-%d1%81-%d1%82%d0%b2%d1%81-l13-117975-copy\/","title":{"rendered":"KMIZ CARBIDE CUTTER CONE FOR LEFT-HANDED USERS BLUE [\u0424\u041a\u0414\u041b 040-\u0421 \u0422\u0412\u0421 L13] 117974"},"content":{"rendered":"<p>\u0410\u0420\u0422\u0418\u041a\u0423\u041b: 117974<\/p>\n<p>\u0424\u041a\u0414\u041b 040-\u0421 \u0422\u0412\u0421 L13<\/p>\n<p>ISO 500.104.200.194.040<\/p>\n<p>&nbsp;<\/p>\n<p>&nbsp;<\/p>\n","protected":false},"excerpt":{"rendered":"<p>Darba da\u013cas diametrs, mm: 4.0<br \/>\nDarba da\u013cas garums, mm: 13.0<br \/>\nZoba izm\u0113rs: Vid\u0113jais<\/p>\n<p>Griezuma tips: vid\u0113jais krustveida griezums (kreis\u0101s rokas lietot\u0101jiem)<\/p>\n<p>Fr\u0113\u017eu lieto\u0161ana ir sniegta tikai k\u0101 ieteikums, fr\u0113ze tiek izv\u0113l\u0113ta katram klientam individu\u0101li.<\/p>\n<p>Lieto manik\u012bram un pedik\u012bram:<br \/>\n&#8211; Pl\u0101na m\u0101ksl\u012bg\u0101 materi\u0101la (gelish un gel) no\u0146em\u0161ana<br \/>\n&#8211; Cieta m\u0101ksl\u012bg\u0101 materi\u0101la (akrila) korekcija<br \/>\n-Rupjas \u0101das un tulznu apstr\u0101de.<\/p>\n","protected":false},"featured_media":10530,"comment_status":"closed","ping_status":"closed","template":"","meta":{"site-sidebar-layout":"default","site-content-layout":"","ast-site-content-layout":"default","site-content-style":"default","site-sidebar-style":"default","ast-global-header-display":"","ast-banner-title-visibility":"","ast-main-header-display":"","ast-hfb-above-header-display":"","ast-hfb-below-header-display":"","ast-hfb-mobile-header-display":"","site-post-title":"","ast-breadcrumbs-content":"","ast-featured-img":"","footer-sml-layout":"","theme-transparent-header-meta":"default","adv-header-id-meta":"","stick-header-meta":"","header-above-stick-meta":"","header-main-stick-meta":"","header-below-stick-meta":"","astra-migrate-meta-layouts":"set","ast-page-background-enabled":"default","ast-page-background-meta":{"desktop":{"background-color":"","background-image":"","background-repeat":"repeat","background-position":"center center","background-size":"auto","background-attachment":"scroll","background-type":"","background-media":"","overlay-type":"","overlay-color":"","overlay-opacity":"","overlay-gradient":""},"tablet":{"background-color":"","background-image":"","background-repeat":"repeat","background-position":"center center","background-size":"auto","background-attachment":"scroll","background-type":"","background-media":"","overlay-type":"","overlay-color":"","overlay-opacity":"","overlay-gradient":""},"mobile":{"background-color":"","background-image":"","background-repeat":"repeat","background-position":"center center","background-size":"auto","background-attachment":"scroll","background-type":"","background-media":"","overlay-type":"","overlay-color":"","overlay-opacity":"","overlay-gradient":""}},"ast-content-background-meta":{"desktop":{"background-color":"var(--ast-global-color-5)","background-image":"","background-repeat":"repeat","background-position":"center center","background-size":"auto","background-attachment":"scroll","background-type":"","background-media":"","overlay-type":"","overlay-color":"","overlay-opacity":"","overlay-gradient":""},"tablet":{"background-color":"var(--ast-global-color-5)","background-image":"","background-repeat":"repeat","background-position":"center center","background-size":"auto","background-attachment":"scroll","background-type":"","background-media":"","overlay-type":"","overlay-color":"","overlay-opacity":"","overlay-gradient":""},"mobile":{"background-color":"var(--ast-global-color-5)","background-image":"","background-repeat":"repeat","background-position":"center center","background-size":"auto","background-attachment":"scroll","background-type":"","background-media":"","overlay-type":"","overlay-color":"","overlay-opacity":"","overlay-gradient":""}}},"product_brand":[],"product_cat":[2072,3078,3254],"product_tag":[3079,3082,3081,3102,3101,3083],"class_list":{"0":"post-10527","1":"product","2":"type-product","3":"status-publish","4":"has-post-thumbnail","6":"product_cat-nail-drills-lv","7":"product_cat-cietkausejuma-frezes","8":"product_cat-kreiliem","9":"product_tag-carbide-cutter-lv","10":"product_tag-cietkausejuma-lv","11":"product_tag-cone-lv","12":"product_tag-konuss-lv","13":"product_tag--lv","15":"desktop-align-left","16":"tablet-align-left","17":"mobile-align-left","19":"first","20":"instock","21":"taxable","22":"shipping-taxable","23":"purchasable","24":"product-type-simple"},"jetpack_sharing_enabled":true,"_links":{"self":[{"href":"https:\/\/tihani.eu\/lv\/wp-json\/wp\/v2\/product\/10527","targetHints":{"allow":["GET"]}}],"collection":[{"href":"https:\/\/tihani.eu\/lv\/wp-json\/wp\/v2\/product"}],"about":[{"href":"https:\/\/tihani.eu\/lv\/wp-json\/wp\/v2\/types\/product"}],"replies":[{"embeddable":true,"href":"https:\/\/tihani.eu\/lv\/wp-json\/wp\/v2\/comments?post=10527"}],"wp:featuredmedia":[{"embeddable":true,"href":"https:\/\/tihani.eu\/lv\/wp-json\/wp\/v2\/media\/10530"}],"wp:attachment":[{"href":"https:\/\/tihani.eu\/lv\/wp-json\/wp\/v2\/media?parent=10527"}],"wp:term":[{"taxonomy":"product_brand","embeddable":true,"href":"https:\/\/tihani.eu\/lv\/wp-json\/wp\/v2\/product_brand?post=10527"},{"taxonomy":"product_cat","embeddable":true,"href":"https:\/\/tihani.eu\/lv\/wp-json\/wp\/v2\/product_cat?post=10527"},{"taxonomy":"product_tag","embeddable":true,"href":"https:\/\/tihani.eu\/lv\/wp-json\/wp\/v2\/product_tag?post=10527"}],"curies":[{"name":"wp","href":"https:\/\/api.w.org\/{rel}","templated":true}]}}