{"id":10225,"date":"2024-06-07T11:44:52","date_gmt":"2024-06-07T09:44:52","guid":{"rendered":"https:\/\/tihani.eu\/product\/maniprof-kutikulas-skeres-s\/"},"modified":"2026-03-01T01:30:33","modified_gmt":"2026-02-28T23:30:33","slug":"maniprof-kutikulas-skeres-s","status":"publish","type":"product","link":"https:\/\/tihani.eu\/lv\/produkts\/maniprof-kutikulas-skeres-s\/","title":{"rendered":"MANIPROF KUTIKULAS \u0160\u0136\u0112RES AR OV\u0100LA AUSTI\u0145\u0100M S"},"content":{"rendered":"<p>ARTIKULS: Scissors S with oval ears<\/p>\n<p>SPECIFIK\u0100CIJAS:<\/p>\n<table class=\"woocommerce-product-attributes shop_attributes\">\n<tbody>\n<tr class=\"woocommerce-product-attributes-item woocommerce-product-attributes-item--attribute_pa_seriya\">\n<th class=\"woocommerce-product-attributes-item__label\">Z\u012aMOLS<\/th>\n<td class=\"woocommerce-product-attributes-item__value\">MANIPROF<\/td>\n<\/tr>\n<tr class=\"woocommerce-product-attributes-item woocommerce-product-attributes-item--attribute_pa_brend\">\n<th class=\"woocommerce-product-attributes-item__label\">ASIN\u0100\u0160ANA<\/th>\n<td class=\"woocommerce-product-attributes-item__value\">manu\u0101la<\/td>\n<\/tr>\n<tr class=\"woocommerce-product-attributes-item woocommerce-product-attributes-item--attribute_pa_abraziv\">\n<th class=\"woocommerce-product-attributes-item__label\">MATERI\u0100LS<\/th>\n<td class=\"woocommerce-product-attributes-item__value\">ner\u016bs\u0113jo\u0161ais t\u0113rauds 40h13<\/td>\n<\/tr>\n<tr class=\"woocommerce-product-attributes-item woocommerce-product-attributes-item--attribute_pa_material\">\n<th class=\"woocommerce-product-attributes-item__label\">IZM\u0112RS<\/th>\n<td class=\"woocommerce-product-attributes-item__value\">S<\/td>\n<\/tr>\n<tr class=\"woocommerce-product-attributes-item woocommerce-product-attributes-item--attribute_pa_kolichestvo\">\n<th class=\"woocommerce-product-attributes-item__label\">ASME\u0145A GARUMS, mm<\/th>\n<td class=\"woocommerce-product-attributes-item__value\">20-22 mm<\/td>\n<\/tr>\n<tr class=\"woocommerce-product-attributes-item woocommerce-product-attributes-item--attribute_pa_naznachenie\">\n<th class=\"woocommerce-product-attributes-item__label\">INSTRUMENTA GARUMS, mm<\/th>\n<td class=\"woocommerce-product-attributes-item__value\">97-100mm<\/td>\n<\/tr>\n<tr class=\"woocommerce-product-attributes-item woocommerce-product-attributes-item--attribute_pa_forma\">\n<th class=\"woocommerce-product-attributes-item__label\">DEZINFEKCIJA<\/th>\n<td class=\"woocommerce-product-attributes-item__value\">j\u0101<\/td>\n<\/tr>\n<tr class=\"woocommerce-product-attributes-item woocommerce-product-attributes-item--attribute_%d1%80%d0%b0%d0%b7%d0%bc%d0%b5%d1%80\">\n<th class=\"woocommerce-product-attributes-item__label\">STERILIZ\u0100CIJA<\/th>\n<td class=\"woocommerce-product-attributes-item__value\">j\u0101<\/td>\n<\/tr>\n<\/tbody>\n<\/table>\n","protected":false},"excerpt":{"rendered":"<p>GALVEN\u0100S \u012aPA\u0160\u012aBAS:<\/p>\n<ul>\n<li>Instruments visos ra\u017eo\u0161anas posmos tiek izgatavots ar rok\u0101m.<\/li>\n<li>Manu\u0101la asin\u0101\u0161ana.<\/li>\n<li>Materi\u0101ls: ner\u016bs\u0113jo\u0161ais t\u0113rauds 40h13, ko izmanto medic\u012bn\u0101 augstas precizit\u0101tes instrumentu un da\u017e\u0101du \u0137irur\u0123isko ier\u012b\u010du ra\u017eo\u0161an\u0101.<\/li>\n<li>Materi\u0101la ciet\u012bba ir 52-55 HRC, kas \u013cauj saglab\u0101t asme\u0146u asumu l\u012bdz pat 200 manik\u012briem.<\/li>\n<li>Perfekti pul\u0113ta virsma nodro\u0161ina papildu iztur\u012bbu pret koroziju.<\/li>\n<li>Pl\u0101ni, \u0161auri asme\u0146i nodro\u0161ina vieglu piek\u013cuvi kutikul\u0101m.<\/li>\n<li>Ov\u0101la austi\u0146as.<\/li>\n<li>Var dezinfic\u0113t ar speci\u0101liem l\u012bdzek\u013ciem.<\/li>\n<li>Ra\u017eots Ukrain\u0101.<\/li>\n<\/ul>\n","protected":false},"featured_media":10216,"comment_status":"closed","ping_status":"closed","template":"","meta":{"site-sidebar-layout":"default","site-content-layout":"","ast-site-content-layout":"default","site-content-style":"default","site-sidebar-style":"default","ast-global-header-display":"","ast-banner-title-visibility":"","ast-main-header-display":"","ast-hfb-above-header-display":"","ast-hfb-below-header-display":"","ast-hfb-mobile-header-display":"","site-post-title":"","ast-breadcrumbs-content":"","ast-featured-img":"","footer-sml-layout":"","theme-transparent-header-meta":"default","adv-header-id-meta":"","stick-header-meta":"","header-above-stick-meta":"","header-main-stick-meta":"","header-below-stick-meta":"","astra-migrate-meta-layouts":"default","ast-page-background-enabled":"default","ast-page-background-meta":{"desktop":{"background-color":"","background-image":"","background-repeat":"repeat","background-position":"center center","background-size":"auto","background-attachment":"scroll","background-type":"","background-media":"","overlay-type":"","overlay-color":"","overlay-opacity":"","overlay-gradient":""},"tablet":{"background-color":"","background-image":"","background-repeat":"repeat","background-position":"center center","background-size":"auto","background-attachment":"scroll","background-type":"","background-media":"","overlay-type":"","overlay-color":"","overlay-opacity":"","overlay-gradient":""},"mobile":{"background-color":"","background-image":"","background-repeat":"repeat","background-position":"center center","background-size":"auto","background-attachment":"scroll","background-type":"","background-media":"","overlay-type":"","overlay-color":"","overlay-opacity":"","overlay-gradient":""}},"ast-content-background-meta":{"desktop":{"background-color":"var(--ast-global-color-5)","background-image":"","background-repeat":"repeat","background-position":"center center","background-size":"auto","background-attachment":"scroll","background-type":"","background-media":"","overlay-type":"","overlay-color":"","overlay-opacity":"","overlay-gradient":""},"tablet":{"background-color":"var(--ast-global-color-5)","background-image":"","background-repeat":"repeat","background-position":"center center","background-size":"auto","background-attachment":"scroll","background-type":"","background-media":"","overlay-type":"","overlay-color":"","overlay-opacity":"","overlay-gradient":""},"mobile":{"background-color":"var(--ast-global-color-5)","background-image":"","background-repeat":"repeat","background-position":"center center","background-size":"auto","background-attachment":"scroll","background-type":"","background-media":"","overlay-type":"","overlay-color":"","overlay-opacity":"","overlay-gradient":""}}},"product_brand":[],"product_cat":[2301,2410],"product_tag":[2763,2761,2762],"class_list":{"0":"post-10225","1":"product","2":"type-product","3":"status-publish","4":"has-post-thumbnail","6":"product_cat-tools-lv","7":"product_cat-scissors-lv","8":"product_tag-cuticle-scissors-lv","9":"product_tag-maniprof-lv","10":"product_tag-scissors-s-lv","11":"desktop-align-left","12":"tablet-align-left","13":"mobile-align-left","15":"first","16":"instock","17":"taxable","18":"shipping-taxable","19":"purchasable","20":"product-type-simple"},"jetpack_sharing_enabled":true,"_links":{"self":[{"href":"https:\/\/tihani.eu\/lv\/wp-json\/wp\/v2\/product\/10225","targetHints":{"allow":["GET"]}}],"collection":[{"href":"https:\/\/tihani.eu\/lv\/wp-json\/wp\/v2\/product"}],"about":[{"href":"https:\/\/tihani.eu\/lv\/wp-json\/wp\/v2\/types\/product"}],"replies":[{"embeddable":true,"href":"https:\/\/tihani.eu\/lv\/wp-json\/wp\/v2\/comments?post=10225"}],"wp:featuredmedia":[{"embeddable":true,"href":"https:\/\/tihani.eu\/lv\/wp-json\/wp\/v2\/media\/10216"}],"wp:attachment":[{"href":"https:\/\/tihani.eu\/lv\/wp-json\/wp\/v2\/media?parent=10225"}],"wp:term":[{"taxonomy":"product_brand","embeddable":true,"href":"https:\/\/tihani.eu\/lv\/wp-json\/wp\/v2\/product_brand?post=10225"},{"taxonomy":"product_cat","embeddable":true,"href":"https:\/\/tihani.eu\/lv\/wp-json\/wp\/v2\/product_cat?post=10225"},{"taxonomy":"product_tag","embeddable":true,"href":"https:\/\/tihani.eu\/lv\/wp-json\/wp\/v2\/product_tag?post=10225"}],"curies":[{"name":"wp","href":"https:\/\/api.w.org\/{rel}","templated":true}]}}