{"id":10184,"date":"2024-06-06T15:10:12","date_gmt":"2024-06-06T13:10:12","guid":{"rendered":"https:\/\/tihani.eu\/product\/staleks-pro-mainamie-miksti-faili-taisnai-pamatnei-expert-150-grit-30-pcsdfe-20-150\/"},"modified":"2024-06-06T15:28:15","modified_gmt":"2024-06-06T13:28:15","slug":"staleks-pro-mainamie-miksti-faili-taisnai-pamatnei-expert-150-grit-30-pcsdfe-20-150","status":"publish","type":"product","link":"https:\/\/tihani.eu\/lv\/produkts\/staleks-pro-mainamie-miksti-faili-taisnai-pamatnei-expert-150-grit-30-pcsdfe-20-150\/","title":{"rendered":"STALEKS PRO MAIN\u0100MIE M\u012aKSTI FAILI TAISNAI PAMATNEI EXPERT (150 GRIT, 30 PCS)[DFE-20-150]"},"content":{"rendered":"<p>ARTIKULS: DFE-20-150<\/p>\n<p>GALVEN\u0100S \u012aPA\u0160\u012aBAS:<\/p>\n<div class=\"woocommerce-tabs wc-tabs-wrapper\">\n<div id=\"tab-description\" class=\"woocommerce-Tabs-panel woocommerce-Tabs-panel--description panel entry-content wc-tab\" role=\"tabpanel\" aria-labelledby=\"tab-title-description\">\n<table class=\"woocommerce-product-attributes shop_attributes\">\n<tbody>\n<tr class=\"woocommerce-product-attributes-item woocommerce-product-attributes-item--attribute_pa_naznachenie\">\n<th class=\"woocommerce-product-attributes-item__label\" style=\"text-align: left;\">M\u0112R\u0136IS<\/th>\n<td class=\"woocommerce-product-attributes-item__value\">Manik\u012bram, Pedik\u012bram<\/td>\n<\/tr>\n<tr class=\"woocommerce-product-attributes-item woocommerce-product-attributes-item--attribute_pa_brend\">\n<th class=\"woocommerce-product-attributes-item__label\" style=\"text-align: left;\">Z\u012aMOLS<\/th>\n<td class=\"woocommerce-product-attributes-item__value\">STALEKS PRO<\/td>\n<\/tr>\n<tr class=\"woocommerce-product-attributes-item woocommerce-product-attributes-item--attribute_pa_seriya\">\n<th class=\"woocommerce-product-attributes-item__label\" style=\"text-align: left;\">S\u0112RIJA<\/th>\n<td class=\"woocommerce-product-attributes-item__value\">Expert<\/td>\n<\/tr>\n<tr class=\"woocommerce-product-attributes-item woocommerce-product-attributes-item--attribute_pa_material\">\n<th class=\"woocommerce-product-attributes-item__label\" style=\"text-align: left;\">MATERI\u0100LS<\/th>\n<td class=\"woocommerce-product-attributes-item__value\">Alum\u012bnija oks\u012bds<\/td>\n<\/tr>\n<tr class=\"woocommerce-product-attributes-item woocommerce-product-attributes-item--attribute_pa_forma\">\n<th class=\"woocommerce-product-attributes-item__label\" style=\"text-align: left;\">FORMA<\/th>\n<td class=\"woocommerce-product-attributes-item__value\">Taisna<\/td>\n<\/tr>\n<tr class=\"woocommerce-product-attributes-item woocommerce-product-attributes-item--attribute_pa_dlina-mm\">\n<th class=\"woocommerce-product-attributes-item__label\" style=\"text-align: left;\">GARUMS (MM)<\/th>\n<td class=\"woocommerce-product-attributes-item__value\">162<\/td>\n<\/tr>\n<tr class=\"woocommerce-product-attributes-item woocommerce-product-attributes-item--attribute_pa_shirina-mm\">\n<th class=\"woocommerce-product-attributes-item__label\" style=\"text-align: left;\">PLATUMS(MM)<\/th>\n<td class=\"woocommerce-product-attributes-item__value\">18<\/td>\n<\/tr>\n<tr class=\"woocommerce-product-attributes-item woocommerce-product-attributes-item--attribute_pa_abraziv\">\n<th class=\"woocommerce-product-attributes-item__label\" style=\"text-align: left;\">ABRAZ\u012aVS<\/th>\n<td class=\"woocommerce-product-attributes-item__value\">150 griti<\/td>\n<\/tr>\n<tr class=\"woocommerce-product-attributes-item woocommerce-product-attributes-item--attribute_pa_kolichestvo\">\n<th class=\"woocommerce-product-attributes-item__label\" style=\"text-align: left;\">DAUDZUMS<\/th>\n<td class=\"woocommerce-product-attributes-item__value\">30 gab.<\/td>\n<\/tr>\n<\/tbody>\n<\/table>\n<\/div>\n<\/div>\n","protected":false},"excerpt":{"rendered":"<p>GALVEN\u0100S \u012aPA\u0160\u012aBAS:<\/p>\n<ul>\n<li>Vienreizlietoj\u0101mie faili uz l\u012bm\u0113jam\u0101s pamatnes.<\/li>\n<li>Taisnas formas.<\/li>\n<li>Sp\u0113c\u012bga l\u012bm\u0113jo\u0161\u0101 pamatne.<\/li>\n<li>Augstas kvalit\u0101tes Expert abraz\u012bvs saglab\u0101 savas \u012bpa\u0161\u012bbas ilgu laiku.<\/li>\n<li>\u012apa\u0161s p\u0101rkl\u0101jums ne\u013cauj abraz\u012bvam lieto\u0161anas laik\u0101 aizsprostoties ar organiskajiem putek\u013ciem.<\/li>\n<li>Faila balt\u0101 kr\u0101sa est\u0113tiski izskat\u0101s darb\u0101.<\/li>\n<li>Abrazivit\u0101te 150 griti ir paredz\u0113tas m\u0101ksl\u012bgo vai dab\u012bgo nagu garuma un formas pie\u0161\u0137ir\u0161anai<\/li>\n<li>Piem\u0113rots taisn\u0101m pamatn\u0113m MBE-20, SPBE-20.<\/li>\n<li>Vienreiz\u0113jai lieto\u0161anai.<\/li>\n<li>Manik\u012bram un pedik\u012bram.<\/li>\n<li>Faila izm\u0113rs 140*18 mm.<\/li>\n<li>Iepakojum\u0101 30 gab.<\/li>\n<\/ul>\n","protected":false},"featured_media":10190,"comment_status":"closed","ping_status":"closed","template":"","meta":{"site-sidebar-layout":"default","site-content-layout":"","ast-site-content-layout":"default","site-content-style":"default","site-sidebar-style":"default","ast-global-header-display":"","ast-banner-title-visibility":"","ast-main-header-display":"","ast-hfb-above-header-display":"","ast-hfb-below-header-display":"","ast-hfb-mobile-header-display":"","site-post-title":"","ast-breadcrumbs-content":"","ast-featured-img":"","footer-sml-layout":"","theme-transparent-header-meta":"default","adv-header-id-meta":"","stick-header-meta":"","header-above-stick-meta":"","header-main-stick-meta":"","header-below-stick-meta":"","astra-migrate-meta-layouts":"default","ast-page-background-enabled":"default","ast-page-background-meta":{"desktop":{"background-color":"","background-image":"","background-repeat":"repeat","background-position":"center center","background-size":"auto","background-attachment":"scroll","background-type":"","background-media":"","overlay-type":"","overlay-color":"","overlay-opacity":"","overlay-gradient":""},"tablet":{"background-color":"","background-image":"","background-repeat":"repeat","background-position":"center center","background-size":"auto","background-attachment":"scroll","background-type":"","background-media":"","overlay-type":"","overlay-color":"","overlay-opacity":"","overlay-gradient":""},"mobile":{"background-color":"","background-image":"","background-repeat":"repeat","background-position":"center center","background-size":"auto","background-attachment":"scroll","background-type":"","background-media":"","overlay-type":"","overlay-color":"","overlay-opacity":"","overlay-gradient":""}},"ast-content-background-meta":{"desktop":{"background-color":"var(--ast-global-color-5)","background-image":"","background-repeat":"repeat","background-position":"center center","background-size":"auto","background-attachment":"scroll","background-type":"","background-media":"","overlay-type":"","overlay-color":"","overlay-opacity":"","overlay-gradient":""},"tablet":{"background-color":"var(--ast-global-color-5)","background-image":"","background-repeat":"repeat","background-position":"center center","background-size":"auto","background-attachment":"scroll","background-type":"","background-media":"","overlay-type":"","overlay-color":"","overlay-opacity":"","overlay-gradient":""},"mobile":{"background-color":"var(--ast-global-color-5)","background-image":"","background-repeat":"repeat","background-position":"center center","background-size":"auto","background-attachment":"scroll","background-type":"","background-media":"","overlay-type":"","overlay-color":"","overlay-opacity":"","overlay-gradient":""}}},"product_brand":[],"product_cat":[2301,2566],"product_tag":[2744,2698,2430,2317],"class_list":{"0":"post-10184","1":"product","2":"type-product","3":"status-publish","4":"has-post-thumbnail","6":"product_cat-tools-lv","7":"product_cat-vienreizlietojamie-faili","8":"product_tag-dfe-20-150-lv","9":"product_tag-disposable-file-lv","10":"product_tag-expert-lv","11":"product_tag-staleks-pro-lv","12":"desktop-align-left","13":"tablet-align-left","14":"mobile-align-left","16":"first","17":"instock","18":"taxable","19":"shipping-taxable","20":"purchasable","21":"product-type-simple"},"jetpack_sharing_enabled":true,"_links":{"self":[{"href":"https:\/\/tihani.eu\/lv\/wp-json\/wp\/v2\/product\/10184","targetHints":{"allow":["GET"]}}],"collection":[{"href":"https:\/\/tihani.eu\/lv\/wp-json\/wp\/v2\/product"}],"about":[{"href":"https:\/\/tihani.eu\/lv\/wp-json\/wp\/v2\/types\/product"}],"replies":[{"embeddable":true,"href":"https:\/\/tihani.eu\/lv\/wp-json\/wp\/v2\/comments?post=10184"}],"wp:featuredmedia":[{"embeddable":true,"href":"https:\/\/tihani.eu\/lv\/wp-json\/wp\/v2\/media\/10190"}],"wp:attachment":[{"href":"https:\/\/tihani.eu\/lv\/wp-json\/wp\/v2\/media?parent=10184"}],"wp:term":[{"taxonomy":"product_brand","embeddable":true,"href":"https:\/\/tihani.eu\/lv\/wp-json\/wp\/v2\/product_brand?post=10184"},{"taxonomy":"product_cat","embeddable":true,"href":"https:\/\/tihani.eu\/lv\/wp-json\/wp\/v2\/product_cat?post=10184"},{"taxonomy":"product_tag","embeddable":true,"href":"https:\/\/tihani.eu\/lv\/wp-json\/wp\/v2\/product_tag?post=10184"}],"curies":[{"name":"wp","href":"https:\/\/api.w.org\/{rel}","templated":true}]}}