{"id":10165,"date":"2024-06-06T14:41:46","date_gmt":"2024-06-06T12:41:46","guid":{"rendered":"https:\/\/tihani.eu\/?post_type=product&#038;p=10165"},"modified":"2024-06-06T14:43:48","modified_gmt":"2024-06-06T12:43:48","slug":"staleks-pro-mainamie-faili-pedikira-vilei-expert-180-griti-30-gab-dfe-10-180w-copy","status":"publish","type":"product","link":"https:\/\/tihani.eu\/lv\/produkts\/staleks-pro-mainamie-faili-pedikira-vilei-expert-180-griti-30-gab-dfe-10-180w-copy\/","title":{"rendered":"STALEKS PRO MAIN\u0100MIE FAILI PEDIK\u012aRA V\u012aLEI EXPERT (180 GRITI, 30 GAB) [DFE-10-180]"},"content":{"rendered":"<p>ARTIKULS: DFE-10-180<\/p>\n<p>SPECIFIK\u0100CIJAS:<\/p>\n<table class=\"woocommerce-product-attributes shop_attributes\">\n<tbody>\n<tr class=\"woocommerce-product-attributes-item woocommerce-product-attributes-item--attribute_pa_naznachenie\">\n<th class=\"woocommerce-product-attributes-item__label\" style=\"text-align: left;\">M\u0112R\u0136IS<\/th>\n<td class=\"woocommerce-product-attributes-item__value\">Pedik\u012bram<\/td>\n<\/tr>\n<tr class=\"woocommerce-product-attributes-item woocommerce-product-attributes-item--attribute_pa_brend\">\n<th class=\"woocommerce-product-attributes-item__label\" style=\"text-align: left;\">Z\u012aMOLS<\/th>\n<td class=\"woocommerce-product-attributes-item__value\">STALEKS PRO<\/td>\n<\/tr>\n<tr class=\"woocommerce-product-attributes-item woocommerce-product-attributes-item--attribute_pa_seriya\">\n<th class=\"woocommerce-product-attributes-item__label\" style=\"text-align: left;\">S\u0112RIJA<\/th>\n<td class=\"woocommerce-product-attributes-item__value\">Expert<\/td>\n<\/tr>\n<tr class=\"woocommerce-product-attributes-item woocommerce-product-attributes-item--attribute_pa_abraziv\">\n<th class=\"woocommerce-product-attributes-item__label\" style=\"text-align: left;\">ABRAZ\u012aVS<\/th>\n<td class=\"woocommerce-product-attributes-item__value\">180 griti<\/td>\n<\/tr>\n<tr class=\"woocommerce-product-attributes-item woocommerce-product-attributes-item--attribute_pa_kolichestvo\">\n<th class=\"woocommerce-product-attributes-item__label\" style=\"text-align: left;\">DAUDZUMS<\/th>\n<td class=\"woocommerce-product-attributes-item__value\">30 gab.<\/td>\n<\/tr>\n<\/tbody>\n<\/table>\n","protected":false},"excerpt":{"rendered":"<p>GALVEN\u0100S \u012aPA\u0160\u012aBAS:<\/p>\n<ul>\n<li>Vienreizlietoj\u0101mie balti main\u0101mie faili Expert pedikra v\u012blei MBE-10.<\/li>\n<li>Pl\u0101ni faili.<\/li>\n<li>Dro\u0161a l\u012bmes b\u0101ze.<\/li>\n<li>Augstas kvalit\u0101tes abraz\u012bvs ilgi saglab\u0101 savas \u012bpa\u0161\u012bbas.<\/li>\n<li>Faila balt\u0101 kr\u0101sa est\u0113tiski izskat\u0101s darb\u0101.<\/li>\n<li>Abrazivit\u0101te 180 griti.<\/li>\n<li>Vienreiz\u0113jai lieto\u0161anai.<\/li>\n<li>Pedik\u012bra veik\u0161anai.<\/li>\n<li>Izm\u0113rs 99*34 mm.<\/li>\n<li>Iepakojum\u0101 30 gab.<\/li>\n<\/ul>\n","protected":false},"featured_media":10168,"comment_status":"closed","ping_status":"closed","template":"","meta":{"site-sidebar-layout":"default","site-content-layout":"","ast-site-content-layout":"default","site-content-style":"default","site-sidebar-style":"default","ast-global-header-display":"","ast-banner-title-visibility":"","ast-main-header-display":"","ast-hfb-above-header-display":"","ast-hfb-below-header-display":"","ast-hfb-mobile-header-display":"","site-post-title":"","ast-breadcrumbs-content":"","ast-featured-img":"","footer-sml-layout":"","theme-transparent-header-meta":"default","adv-header-id-meta":"","stick-header-meta":"","header-above-stick-meta":"","header-main-stick-meta":"","header-below-stick-meta":"","astra-migrate-meta-layouts":"set","ast-page-background-enabled":"default","ast-page-background-meta":{"desktop":{"background-color":"","background-image":"","background-repeat":"repeat","background-position":"center center","background-size":"auto","background-attachment":"scroll","background-type":"","background-media":"","overlay-type":"","overlay-color":"","overlay-opacity":"","overlay-gradient":""},"tablet":{"background-color":"","background-image":"","background-repeat":"repeat","background-position":"center center","background-size":"auto","background-attachment":"scroll","background-type":"","background-media":"","overlay-type":"","overlay-color":"","overlay-opacity":"","overlay-gradient":""},"mobile":{"background-color":"","background-image":"","background-repeat":"repeat","background-position":"center center","background-size":"auto","background-attachment":"scroll","background-type":"","background-media":"","overlay-type":"","overlay-color":"","overlay-opacity":"","overlay-gradient":""}},"ast-content-background-meta":{"desktop":{"background-color":"var(--ast-global-color-5)","background-image":"","background-repeat":"repeat","background-position":"center center","background-size":"auto","background-attachment":"scroll","background-type":"","background-media":"","overlay-type":"","overlay-color":"","overlay-opacity":"","overlay-gradient":""},"tablet":{"background-color":"var(--ast-global-color-5)","background-image":"","background-repeat":"repeat","background-position":"center center","background-size":"auto","background-attachment":"scroll","background-type":"","background-media":"","overlay-type":"","overlay-color":"","overlay-opacity":"","overlay-gradient":""},"mobile":{"background-color":"var(--ast-global-color-5)","background-image":"","background-repeat":"repeat","background-position":"center center","background-size":"auto","background-attachment":"scroll","background-type":"","background-media":"","overlay-type":"","overlay-color":"","overlay-opacity":"","overlay-gradient":""}}},"product_brand":[],"product_cat":[2301,2566],"product_tag":[2738,2698,2430,2317],"class_list":{"0":"post-10165","1":"product","2":"type-product","3":"status-publish","4":"has-post-thumbnail","6":"product_cat-tools-lv","7":"product_cat-vienreizlietojamie-faili","8":"product_tag-dfe-10-180-lv","9":"product_tag-disposable-file-lv","10":"product_tag-expert-lv","11":"product_tag-staleks-pro-lv","12":"desktop-align-left","13":"tablet-align-left","14":"mobile-align-left","16":"first","17":"instock","18":"taxable","19":"shipping-taxable","20":"purchasable","21":"product-type-simple"},"jetpack_sharing_enabled":true,"_links":{"self":[{"href":"https:\/\/tihani.eu\/lv\/wp-json\/wp\/v2\/product\/10165","targetHints":{"allow":["GET"]}}],"collection":[{"href":"https:\/\/tihani.eu\/lv\/wp-json\/wp\/v2\/product"}],"about":[{"href":"https:\/\/tihani.eu\/lv\/wp-json\/wp\/v2\/types\/product"}],"replies":[{"embeddable":true,"href":"https:\/\/tihani.eu\/lv\/wp-json\/wp\/v2\/comments?post=10165"}],"wp:featuredmedia":[{"embeddable":true,"href":"https:\/\/tihani.eu\/lv\/wp-json\/wp\/v2\/media\/10168"}],"wp:attachment":[{"href":"https:\/\/tihani.eu\/lv\/wp-json\/wp\/v2\/media?parent=10165"}],"wp:term":[{"taxonomy":"product_brand","embeddable":true,"href":"https:\/\/tihani.eu\/lv\/wp-json\/wp\/v2\/product_brand?post=10165"},{"taxonomy":"product_cat","embeddable":true,"href":"https:\/\/tihani.eu\/lv\/wp-json\/wp\/v2\/product_cat?post=10165"},{"taxonomy":"product_tag","embeddable":true,"href":"https:\/\/tihani.eu\/lv\/wp-json\/wp\/v2\/product_tag?post=10165"}],"curies":[{"name":"wp","href":"https:\/\/api.w.org\/{rel}","templated":true}]}}