{"id":10124,"date":"2024-06-06T12:44:30","date_gmt":"2024-06-06T10:44:30","guid":{"rendered":"https:\/\/tihani.eu\/product\/staleks-pro-mainamie-miksti-faili-pusapalai-pamatnei-exclusive-180-griti-30-gab\/"},"modified":"2024-06-06T12:44:30","modified_gmt":"2024-06-06T10:44:30","slug":"staleks-pro-mainamie-miksti-faili-pusapalai-pamatnei-exclusive-180-griti-30-gab","status":"publish","type":"product","link":"https:\/\/tihani.eu\/lv\/produkts\/staleks-pro-mainamie-miksti-faili-pusapalai-pamatnei-exclusive-180-griti-30-gab\/","title":{"rendered":"STALEKS PRO MAIN\u0100MIE M\u012aKSTI FAILI PUSAPA\u013bAI PAMATNEI EXCLUSIVE (180 GRITI, 30 GAB)"},"content":{"rendered":"<p>ARTIKULS: DFEX-40-180<\/p>\n<p>SPECIFIK\u0100CIJAS:<\/p>\n<table class=\"woocommerce-product-attributes shop_attributes\">\n<tbody>\n<tr class=\"woocommerce-product-attributes-item woocommerce-product-attributes-item--attribute_pa_seriya\">\n<th class=\"woocommerce-product-attributes-item__label\" style=\"text-align: left;\">S\u0112RIJA<\/th>\n<td class=\"woocommerce-product-attributes-item__value\">Exclusive<\/td>\n<\/tr>\n<tr class=\"woocommerce-product-attributes-item woocommerce-product-attributes-item--attribute_pa_brend\">\n<th class=\"woocommerce-product-attributes-item__label\" style=\"text-align: left;\">Z\u012aMOLS<\/th>\n<td class=\"woocommerce-product-attributes-item__value\">STALEKS PRO<\/td>\n<\/tr>\n<tr class=\"woocommerce-product-attributes-item woocommerce-product-attributes-item--attribute_pa_abraziv\">\n<th class=\"woocommerce-product-attributes-item__label\" style=\"text-align: left;\">ABRAZ\u012aVS<\/th>\n<td class=\"woocommerce-product-attributes-item__value\">180 griti<\/td>\n<\/tr>\n<tr class=\"woocommerce-product-attributes-item woocommerce-product-attributes-item--attribute_pa_material\">\n<th class=\"woocommerce-product-attributes-item__label\" style=\"text-align: left;\">MATERI\u0100LS<\/th>\n<td class=\"woocommerce-product-attributes-item__value\">Sil\u012bcija karb\u012bds + alum\u012bnija oks\u012bds<\/td>\n<\/tr>\n<tr class=\"woocommerce-product-attributes-item woocommerce-product-attributes-item--attribute_pa_kolichestvo\">\n<th class=\"woocommerce-product-attributes-item__label\" style=\"text-align: left;\">DAUDZUMS<\/th>\n<td class=\"woocommerce-product-attributes-item__value\">30 gab.<\/td>\n<\/tr>\n<tr class=\"woocommerce-product-attributes-item woocommerce-product-attributes-item--attribute_pa_naznachenie\">\n<th class=\"woocommerce-product-attributes-item__label\" style=\"text-align: left;\">M\u0112R\u0136IS<\/th>\n<td class=\"woocommerce-product-attributes-item__value\">Manik\u012bram un pedik\u012bram<\/td>\n<\/tr>\n<tr class=\"woocommerce-product-attributes-item woocommerce-product-attributes-item--attribute_pa_forma\">\n<th class=\"woocommerce-product-attributes-item__label\" style=\"text-align: left;\">FORMA<\/th>\n<td class=\"woocommerce-product-attributes-item__value\">Noapa\u013cota forma (pusm\u0113ness)<\/td>\n<\/tr>\n<tr class=\"woocommerce-product-attributes-item woocommerce-product-attributes-item--attribute_%d1%80%d0%b0%d0%b7%d0%bc%d0%b5%d1%80\">\n<th class=\"woocommerce-product-attributes-item__label\" style=\"text-align: left;\">IZM\u0112RS<\/th>\n<td class=\"woocommerce-product-attributes-item__value\">162*24 mm<\/td>\n<\/tr>\n<\/tbody>\n<\/table>\n","protected":false},"excerpt":{"rendered":"<p>GALVEN\u0100S \u012aPA\u0160\u012aBAS:<\/p>\n<ul>\n<li>Main\u0101mi pielm\u0113jamie m\u012bksti faili Exclusive noapa\u013cotai pamatnei.<\/li>\n<li>Pusapa\u013ca forma.<\/li>\n<li>Augstas kvalit\u0101tes \u0160veices abraz\u012bvs ir \u013coti izturgs.<\/li>\n<li>Uz porolona b\u0101zes, kas samazina spiedienu uz naga pl\u0101ksni.<\/li>\n<li>Dro\u0161a l\u012bmes b\u0101ze.<\/li>\n<li>Abrazivit\u0101te 180 griti ir paredz\u0113ta dabisko un m\u0101ksl\u012bgo nagu labo\u0161anai un veido\u0161anai.<\/li>\n<li>Viegli pie\u0161\u0137ir nagiem perfektu izskatu, veido un izl\u012bdzina nagu pl\u0101ksni.<\/li>\n<li>Vienreiz\u0113jai lieto\u0161anai.<\/li>\n<li>Izm\u0113rs 162*24 mm.<\/li>\n<li>Iepakojum\u0101 30 gab.<\/li>\n<li>Paredz\u0113ti pamatn\u0113m: MBE-40, SPBE-40.<\/li>\n<\/ul>\n","protected":false},"featured_media":10115,"comment_status":"closed","ping_status":"closed","template":"","meta":{"site-sidebar-layout":"default","site-content-layout":"","ast-site-content-layout":"default","site-content-style":"default","site-sidebar-style":"default","ast-global-header-display":"","ast-banner-title-visibility":"","ast-main-header-display":"","ast-hfb-above-header-display":"","ast-hfb-below-header-display":"","ast-hfb-mobile-header-display":"","site-post-title":"","ast-breadcrumbs-content":"","ast-featured-img":"","footer-sml-layout":"","theme-transparent-header-meta":"default","adv-header-id-meta":"","stick-header-meta":"","header-above-stick-meta":"","header-main-stick-meta":"","header-below-stick-meta":"","astra-migrate-meta-layouts":"default","ast-page-background-enabled":"default","ast-page-background-meta":{"desktop":{"background-color":"","background-image":"","background-repeat":"repeat","background-position":"center center","background-size":"auto","background-attachment":"scroll","background-type":"","background-media":"","overlay-type":"","overlay-color":"","overlay-opacity":"","overlay-gradient":""},"tablet":{"background-color":"","background-image":"","background-repeat":"repeat","background-position":"center center","background-size":"auto","background-attachment":"scroll","background-type":"","background-media":"","overlay-type":"","overlay-color":"","overlay-opacity":"","overlay-gradient":""},"mobile":{"background-color":"","background-image":"","background-repeat":"repeat","background-position":"center center","background-size":"auto","background-attachment":"scroll","background-type":"","background-media":"","overlay-type":"","overlay-color":"","overlay-opacity":"","overlay-gradient":""}},"ast-content-background-meta":{"desktop":{"background-color":"var(--ast-global-color-5)","background-image":"","background-repeat":"repeat","background-position":"center center","background-size":"auto","background-attachment":"scroll","background-type":"","background-media":"","overlay-type":"","overlay-color":"","overlay-opacity":"","overlay-gradient":""},"tablet":{"background-color":"var(--ast-global-color-5)","background-image":"","background-repeat":"repeat","background-position":"center center","background-size":"auto","background-attachment":"scroll","background-type":"","background-media":"","overlay-type":"","overlay-color":"","overlay-opacity":"","overlay-gradient":""},"mobile":{"background-color":"var(--ast-global-color-5)","background-image":"","background-repeat":"repeat","background-position":"center center","background-size":"auto","background-attachment":"scroll","background-type":"","background-media":"","overlay-type":"","overlay-color":"","overlay-opacity":"","overlay-gradient":""}}},"product_brand":[],"product_cat":[2301,2566],"product_tag":[2723,2582,2412,2317],"class_list":{"0":"post-10124","1":"product","2":"type-product","3":"status-publish","4":"has-post-thumbnail","6":"product_cat-tools-lv","7":"product_cat-vienreizlietojamie-faili","8":"product_tag-dfex-40-180-lv","9":"product_tag-disposable-files-lv","10":"product_tag-exclusive-lv","11":"product_tag-staleks-pro-lv","12":"desktop-align-left","13":"tablet-align-left","14":"mobile-align-left","16":"first","17":"instock","18":"taxable","19":"shipping-taxable","20":"purchasable","21":"product-type-simple"},"jetpack_sharing_enabled":true,"_links":{"self":[{"href":"https:\/\/tihani.eu\/lv\/wp-json\/wp\/v2\/product\/10124","targetHints":{"allow":["GET"]}}],"collection":[{"href":"https:\/\/tihani.eu\/lv\/wp-json\/wp\/v2\/product"}],"about":[{"href":"https:\/\/tihani.eu\/lv\/wp-json\/wp\/v2\/types\/product"}],"replies":[{"embeddable":true,"href":"https:\/\/tihani.eu\/lv\/wp-json\/wp\/v2\/comments?post=10124"}],"wp:featuredmedia":[{"embeddable":true,"href":"https:\/\/tihani.eu\/lv\/wp-json\/wp\/v2\/media\/10115"}],"wp:attachment":[{"href":"https:\/\/tihani.eu\/lv\/wp-json\/wp\/v2\/media?parent=10124"}],"wp:term":[{"taxonomy":"product_brand","embeddable":true,"href":"https:\/\/tihani.eu\/lv\/wp-json\/wp\/v2\/product_brand?post=10124"},{"taxonomy":"product_cat","embeddable":true,"href":"https:\/\/tihani.eu\/lv\/wp-json\/wp\/v2\/product_cat?post=10124"},{"taxonomy":"product_tag","embeddable":true,"href":"https:\/\/tihani.eu\/lv\/wp-json\/wp\/v2\/product_tag?post=10124"}],"curies":[{"name":"wp","href":"https:\/\/api.w.org\/{rel}","templated":true}]}}