{"id":12484,"date":"2024-12-19T18:38:04","date_gmt":"2024-12-19T16:38:04","guid":{"rendered":"https:\/\/tihani.eu\/lietosanas-noteikumi\/"},"modified":"2024-12-19T19:27:37","modified_gmt":"2024-12-19T17:27:37","slug":"lietosanas-noteikumi","status":"publish","type":"page","link":"https:\/\/tihani.eu\/lv\/lietosanas-noteikumi\/","title":{"rendered":"Lieto\u0161anas noteikumi"},"content":{"rendered":"<p>SIA \u201cTIHANI\u201d, re\u0123istr\u0101cijas Nr.: LV40103817290, adrese: Il\u016bkstes iela 103\/2-73, R\u012bga, Latvija, LV-1082, turpm\u0101k \u2013 Internetveikals \u2013 nodro\u0161ina m\u0101jas lap\u0101 pieejamo saturu un sniedz preces\/pakalpojumus saska\u0146\u0101 ar zem\u0101k izkl\u0101st\u012btajiem Lieto\u0161anas noteikumiem.<\/p>\n<p>1. Visp\u0101r\u012bgie noteikumi<br \/>\nJa Pirc\u0113js, izmantojot m\u0101jas lapas starpniec\u012bbu ieg\u0101d\u0101jas preces\/pakalpojumus, tad \u0161\u0101da savstarp\u0113ja vieno\u0161an\u0101s tiek uzskat\u012bta par Distances l\u012bgumu un ir pak\u013cauta Latvijas Republikas ties\u012bbu norm\u0101m, kas regul\u0113 distances l\u012bgumu tai skait\u0101, bet ne tikai, Latvijas Republikas \u201ePat\u0113r\u0113t\u0101ju ties\u012bbu aizsardz\u012bbas likums\u201d, Latvijas Republikas Ministru Kabineta noteikumiem \u201eNoteikumi par distances l\u012bgumu\u201d u.c.<\/p>\n<p>2. Pirkumu veik\u0161ana<br \/>\n2.1. Internetveikal\u0101 p\u0101rdoto produktu cenas un specifik\u0101cija ir nor\u0101d\u012btas blakus produktiem. Pre\u010du cenas Internetveikal\u0101 tihani.eu nor\u0101d\u012btas\u00a0euro, PVN ir iek\u013cauts cen\u0101.<br \/>\n2.2. Lai veiktu pas\u016bt\u012bjumu, Pirc\u0113js pievieno v\u0113lamos produktus iepirkumu grozam. Aizpilda visus nepiecie\u0161amos laukus un izv\u0113las piem\u0113rot\u0101ko pieg\u0101des veidu. Pas\u016bt\u012bjuma kop\u0113j\u0101s izmaksas ar pieg\u0101di p\u0113c tam tiek par\u0101d\u012btas uz ekr\u0101na. Lai pabeigtu pas\u016bt\u012bjumu, Pirc\u0113js veic pirkuma apmaksu.<\/p>\n<p>3. Apmaksas noteikumi<br \/>\n3.1. Nor\u0113\u0137inu val\u016bta Internetveikal\u0101 ir eiro. Pirkumu iesp\u0113jams apmaks\u0101t izv\u0113loties sekojo\u0161as maks\u0101jumu metodes, ko nodro\u0161ina maks\u0101jumu platforma makecommerce.lv , Maksekeskus AS:<br \/>\nSwedbank, SEB, Citadele un Luminor<br \/>\nVisa\/Mastercard kar\u0161u maks\u0101jumi<br \/>\n3.2. Izmantojot internetbanku apmaksas metodi, Pirc\u0113js apstiprin\u0101 pas\u016bt\u012bjumu un noklik\u0161\u0137in\u0101 uz pogas \u201cAtgriezties pie tirgot\u0101ja\u201d.<br \/>\n3.3. Personas dati, kas nepiecie\u0161ami maks\u0101jumu veik\u0161anai, tiek nodoti licenc\u0113tai maks\u0101jumu iest\u0101dei Maksekeskus AS.<br \/>\n3.4. L\u012bgums st\u0101jas sp\u0113k\u0101 l\u012bdz ar veiksm\u012bgu maks\u0101jumu uz Internetveikala bankas kontu. Ja k\u0101du iemeslu d\u0113\u013c pas\u016bt\u012bjumu izpild\u012bt neb\u016bs iesp\u0113jams, pirc\u0113js par to tiks inform\u0113ts un samaks\u0101t\u0101 summa tiks atmaks\u0101ta p\u0113c iesp\u0113jas \u0101tr\u0101k, bet ne v\u0113l\u0101k k\u0101 14 dienu laik\u0101 p\u0113c pazi\u0146ojuma sa\u0146em\u0161anas.<\/p>\n<p>4. Pieg\u0101des noteikumi<br \/>\nPreces tiek pieg\u0101d\u0101tas uz sekojo\u0161\u0101m valst\u012bm: Latvija, D\u0101nija, Somija. Ieg\u0101d\u0101t\u0101s preces tiek pieg\u0101d\u0101tas izmantojot: Omniva pakom\u0101ti vai iz\u0146em\u0161ana no veikala Gun\u0101ra Astras iela 8 k-1 -8, R\u012bg\u0101. Visas nodevas un nodok\u013cus, kas j\u0101samaks\u0101, lai sa\u0146emtu s\u016bt\u012bjumu pieg\u0101des galam\u0113r\u0137\u012b ir j\u0101sedz Pirc\u0113jam. Pieg\u0101des izmaksas tiek par\u0101d\u012btas, pirms pas\u016bt\u012bjuma apstiprin\u0101\u0161anas. Ieg\u0101d\u0101t\u0101s preces tiek nog\u0101d\u0101tas Pirc\u0113ja nor\u0101d\u012btaj\u0101 adres\u0113 2-5 darba dienu laik\u0101. Iz\u0146\u0113muma gad\u012bjumos mums ir ties\u012bbas nos\u016bt\u012bt preces l\u012bdz 45 kalend\u0101ra dien\u0101m, par to inform\u0113jot Pirc\u0113ju.<\/p>\n<p>5. Atteikuma ties\u012bbas<br \/>\n5.1. Pirc\u0113jam ir ties\u012bbas atteikties no preces 14 kalend\u0101ro dienu laik\u0101 no Preces sa\u0146em\u0161anas br\u012b\u017ea.<br \/>\n5.2. Pirc\u0113js nevar izmantot atteikuma ties\u012bbas, saska\u0146\u0101 ar MK noteikumu Nr. 255 \u201cNoteikumi par distances l\u012bgumu\u201d 22.5. apak\u0161punktu, ja ir atv\u0113ris iepakojumu precei, kuru vesel\u012bbas vai higi\u0113nas apsv\u0113rumu d\u0113\u013c nevar atdot atpaka\u013c.<br \/>\n5.3. Lai izmantotu atteikuma ties\u012bbas, pirc\u0113jam j\u0101iesniedz atteikuma veidlapu, kuru <a href=\"https:\/\/tihani.eu\/atteikums.docx\">iesp\u0113jams atrast \u0161eit<\/a>, nos\u016btot to uz e-pasta adresi tihanipro@gmail.com 14 dienu laik\u0101 p\u0113c pre\u010du sa\u0146em\u0161anas.<br \/>\n5.4. Pirc\u0113ja pien\u0101kums ir bez kav\u0113\u0161an\u0101s, bet ne v\u0113l\u0101k k\u0101 14 dienu laik\u0101 p\u0113c atteikuma veidlapas nos\u016bt\u012b\u0161anas internetveikalam, atdot Preces. Vis\u0101m, atpaka\u013c nos\u016bt\u0101m\u0101m prec\u0113m, j\u0101b\u016bt r\u016bp\u012bgi iepakot\u0101m ori\u0123in\u0101l\u0101 iepakojum\u0101, bez izmanto\u0161anas vai boj\u0101jumu paz\u012bm\u0113m.<br \/>\n5.5. S\u016btot preci atpaka\u013c internetveikalam, ir nepiecie\u0161ams pievienot visus dokumentus, kas apliecina pre\u010du sa\u0146em\u0161anu (r\u0113\u0137inu, pasta kv\u012bti). R\u0113\u0137ina apak\u0161\u0113j\u0101 da\u013c\u0101, kop\u0101 ar atteikuma noteikumiem, ir vieta pirkumu atgrie\u0161anas iemesla aprakst\u012b\u0161anai. Atteikuma gad\u012bjum\u0101 Pirc\u0113js aizpilda \u0161os laukumus un pievieno to precei kop\u0101 ar p\u0101r\u0113jiem dokumentiem.<br \/>\n5.6. Pirc\u0113js sedz preces atgrie\u0161anas izmaksas, iz\u0146emot gad\u012bjumus, kad iemesls atgrie\u0161anai ir tas, ka prece neatbilst pas\u016bt\u012bjumam (piem\u0113ram, nepareizs vai boj\u0101ts produkts).<br \/>\n5.7. Internetveikalam ir ties\u012bbas aiztur\u0113t maks\u0101jumu l\u012bdz br\u012bdim, kam\u0113r nav sa\u0146\u0113mis no Pirc\u0113ja Preces vai pre\u010du atgrie\u0161anas apliecin\u0101jumu. Ja pirc\u0113js ir izv\u0113l\u0113jies citu s\u016bt\u012b\u0161anas veidu nek\u0101 l\u0113t\u0101ko internetveikal\u0101 pied\u0101v\u0101to s\u016bt\u012bjumu veidu, internetveikalam nav pien\u0101kums kompens\u0113t p\u0101rsniegt\u0101s s\u016bt\u012bjuma izmaksas.<br \/>\n5.8. Internetveikals nav atbild\u012bgs par kav\u0113\u0161anos ar saist\u012bbu izpildi vai to nepild\u012b\u0161anu, vai cita veida neizpildi, kas radusies t\u0101du apst\u0101k\u013cu un \u0161\u0137\u0113r\u0161\u013cu d\u0113\u013c, kuri ir \u0101rpus internetveikala sapr\u0101t\u012bgas kontroles kas ietver, bet neaprobe\u017eojas ar streikiem, vald\u012bbas r\u012bkojumiem, karadarb\u012bbu vai nacion\u0101l\u0101 m\u0113roga \u0101rk\u0101rtas st\u0101vokli, terorisma draudiem vai terorisma aktiem, vides vai klimata anom\u0101lij\u0101m, neizpildi no tre\u0161o personu puses, trauc\u0113jumiem interneta savienojum\u0101, k\u0101 ar\u012b datoriek\u0101rtu un programmat\u016bras atteici. \u0160\u0101du nep\u0101rvaramas varas apst\u0101k\u013cu gad\u012bjum\u0101 m\u0113s cent\u012bsimies nov\u0113rst radu\u0161os kav\u0113jumus p\u0113c iesp\u0113jas \u0101tr\u0101k.<br \/>\n5.9. Internetveikals patur ties\u012bbas atteikties p\u0101rdot preces un piepras\u012bt pre\u010du atgrie\u0161anu no Pirc\u0113ja, ja internetveikal\u0101 nor\u0101d\u012bt\u0101 cena ir iev\u0113rojami maz\u0101ka par t\u0101s tirgus cenu k\u013c\u016bdas d\u0113\u013c.<\/p>\n<p>6. Pat\u0113r\u0113t\u0101ja ties\u012bbas par l\u012bgumam neatbilsto\u0161u preci<br \/>\n6.1. Internetveikals ir atbild\u012bgs par Pirc\u0113jam p\u0101rdoto pre\u010du neatbilst\u012bbu l\u012bguma noteikumiem vai tr\u016bkumiem kas radusies 6 m\u0113ne\u0161u laik\u0101 p\u0113c pre\u010du pieg\u0101des dienas klientam, vai bijusi pieg\u0101des br\u012bd\u012b, ja \u0161\u0101ds pie\u0146\u0113mums nav pretrun\u0101 ar lietas \u012bpa\u0161\u012bb\u0101m vai tr\u016bkumu. Pirc\u0113jam ir j\u0101inform\u0113 Internetveikalu par pre\u010du neatbilst\u012bbu nekav\u0113joties, 2 m\u0113ne\u0161u laik\u0101 p\u0113c t\u0101s konstat\u0113\u0161anas, t.i., j\u0101iesniedz s\u016bdz\u012bba. Pirc\u0113js var iesniegt s\u016bdz\u012bbu, sazinoties ar Internetveikalu, rakstot uz tihanipro@gmail.com .<br \/>\n6.2. Internetveikals nav atbild\u012bgs par defektiem, kas radu\u0161ies p\u0113c pre\u010du pieg\u0101des Pirc\u0113jam. Ja ieg\u0101d\u0101taj\u0101m prec\u0113m ir tr\u016bkumi, par kuriem ir atbild\u012bgs P\u0101rdev\u0113js, Pirc\u0113jam ir ties\u012bbas piepras\u012bt pre\u010du tr\u016bkumu nov\u0113r\u0161anu vai apmai\u0146u pret jaun\u0101m prec\u0113m bez maksas .<br \/>\n6.3. Ja preces nav iesp\u0113jams labot vai nomain\u012bt, Internetveikals atdod Pirc\u0113jam visus Distances l\u012bgum\u0101 paredz\u0113tos maks\u0101jumus. P\u0101rdev\u0113js uz pat\u0113r\u0113t\u0101ja s\u016bdz\u012bbu sniedz rakstisku atbildi 15 dienu laik\u0101.<\/p>\n<p>7. Pirc\u0113ja personas datu apstr\u0101de<br \/>\n7.1. Internetveikals apstr\u0101d\u0101 tikai tos personas datus, kurus pirc\u0113js ir ievad\u012bjis pie pre\u010du pas\u016bt\u012b\u0161anas, k\u0101 piem\u0113ram, v\u0101rds, uzv\u0101rds, e-pasts u.c.<br \/>\n7.2. Internetveikals nodod personas datus transporta pakalpojumu sniedz\u0113jam\/iem, lai nodro\u0161in\u0101tu pre\u010du pieg\u0101di.<br \/>\n7.3. Ja J\u016bs esat nep\u0101rprotami piekritis sa\u0146emt Internetveikala m\u0101rketinga pazi\u0146ojumus, tostarp jaunumus, Internetveikals laiku pa laikam var sazin\u0101ties ar Pirc\u0113ju nos\u016btot inform\u0101ciju par m\u016bsu pakalpojumiem un jaun\u0101kajiem pied\u0101v\u0101jumiem. \u0160aj\u0101 nol\u016bk\u0101 Internetveikals var apstr\u0101d\u0101t Pirc\u0113ja e-pasta adresi, kuru Pirc\u0113js nor\u0101da, pierakstoties m\u0101rketinga komunik\u0101cijai. Pirc\u0113jam ir iesp\u0113ja atteikties no m\u0101rketinga pazi\u0146ojumiem, pazi\u0146ojot par to Internetveikalam, rakstot uz tihanipro@gmail.com.<\/p>\n<p>8. Str\u012bdu iz\u0161\u0137ir\u0161anas k\u0101rt\u012bba<br \/>\n8.1. Jaut\u0101jumos, kas nav atrun\u0101ti \u0161ajos noteikumos un nosac\u012bjumos, Pirc\u0113js un Internetveikals ap\u0146emas iev\u0113rot Latvijas Republik\u0101 sp\u0113k\u0101 eso\u0161os normat\u012bvos aktus.<br \/>\n8.2. Puses visus starp Internetveikalu un Pirc\u0113ju radu\u0161os str\u012bdus risina savstapr\u0113ju sarunu vai sarakstes ce\u013c\u0101. Ja str\u012bdu neizdosies atrisin\u0101s sarunu vai sarakstes veid\u0101, Puses str\u012bdu risin\u0101s Latvijas Republikas ties\u0101, iev\u0113rojot LR normat\u012bvos aktus. Str\u012bdus starp Pirc\u0113ju un Internetveikalu var nodot risin\u0101\u0161anai Pat\u0113r\u0113t\u0101ju ties\u012bbu aizsardz\u012bbas centr\u0101 vai Latvijas Republikas ties\u0101.<br \/>\n8.3. Pirc\u0113jam ir ties\u012bbas v\u0113rsties ar\u012b Eiropas Savien\u012bbas str\u012bdu iz\u0161\u0137ir\u0161anas iest\u0101d\u0113s.<\/p>\n<p>9. Konta dz\u0113\u0161ana<br \/>\nJa Pirc\u0113js v\u0113las dz\u0113st savu lietot\u0101ja kontu, Pirc\u0113js rakstia uz epastu tihanipro@gmail.com vai zvana uz numuru +371 25646469.<\/p>\n<p>10.\u00a0\u00a0 Atbild\u012bba<br \/>\n10.1. Internetveikals ir atbr\u012bvots no jebk\u0101das atbild\u012bbas visos gad\u012bjumos, kad zaud\u0113jumi rodas sakar\u0101 ar to, ka Pirc\u0113js r\u012bkojas pret\u0113ji Lieto\u0161anas noteikumos nor\u0101d\u012btajai tihani.eu lieto\u0161anas k\u0101rt\u012bbai.<br \/>\n10.2. Rodoties zaud\u0113jumiem, vain\u012bg\u0101 puse atl\u012bdzina otrai pusei tie\u0161os zaud\u0113jumus.<br \/>\n10.3. Internetveikals nav atbild\u012bgs par tihani.eu att\u0113los redzamo pre\u010du neb\u016btisko \u012bpa\u0161\u012bbu (faktiskais izm\u0113rs, formas vai to\u0146a nianses u.tml.) neatbilst\u012bbu faktiskaj\u0101m pre\u010du \u012bpa\u0161\u012bb\u0101m Pirc\u0113ja izmantot\u0101s ier\u012bces ekr\u0101na parametru, apgaismojuma vai jebk\u0101du citu l\u012bdz\u012bgu \u0101r\u0113ju apst\u0101k\u013cu d\u0113\u013c.<br \/>\n11. Atsauksmes<br \/>\nAtsauksmes par produktu var iesniegt tikai re\u0123istr\u0113ti lietot\u0101ji, kuri ir izm\u0113\u0123in\u0101ju\u0161i produktu.<\/p>\n","protected":false},"excerpt":{"rendered":"<p>SIA \u201cTIHANI\u201d, re\u0123istr\u0101cijas Nr.: LV40103817290, adrese: Il\u016bkstes iela 103\/2-73, R\u012bga, Latvija, LV-1082, turpm\u0101k \u2013 Internetveikals \u2013 nodro\u0161ina m\u0101jas lap\u0101 pieejamo saturu un sniedz preces\/pakalpojumus saska\u0146\u0101 ar zem\u0101k izkl\u0101st\u012btajiem Lieto\u0161anas noteikumiem. 1. Visp\u0101r\u012bgie noteikumi Ja Pirc\u0113js, izmantojot m\u0101jas lapas starpniec\u012bbu ieg\u0101d\u0101jas preces\/pakalpojumus, tad \u0161\u0101da savstarp\u0113ja vieno\u0161an\u0101s tiek uzskat\u012bta par Distances l\u012bgumu un ir pak\u013cauta Latvijas Republikas [&hellip;]<\/p>\n","protected":false},"author":1,"featured_media":0,"parent":0,"menu_order":0,"comment_status":"closed","ping_status":"closed","template":"","meta":{"site-sidebar-layout":"default","site-content-layout":"","ast-site-content-layout":"default","site-content-style":"default","site-sidebar-style":"default","ast-global-header-display":"","ast-banner-title-visibility":"","ast-main-header-display":"","ast-hfb-above-header-display":"","ast-hfb-below-header-display":"","ast-hfb-mobile-header-display":"","site-post-title":"","ast-breadcrumbs-content":"","ast-featured-img":"","footer-sml-layout":"","theme-transparent-header-meta":"","adv-header-id-meta":"","stick-header-meta":"","header-above-stick-meta":"","header-main-stick-meta":"","header-below-stick-meta":"","astra-migrate-meta-layouts":"default","ast-page-background-enabled":"default","ast-page-background-meta":{"desktop":{"background-color":"","background-image":"","background-repeat":"repeat","background-position":"center center","background-size":"auto","background-attachment":"scroll","background-type":"","background-media":"","overlay-type":"","overlay-color":"","overlay-opacity":"","overlay-gradient":""},"tablet":{"background-color":"","background-image":"","background-repeat":"repeat","background-position":"center center","background-size":"auto","background-attachment":"scroll","background-type":"","background-media":"","overlay-type":"","overlay-color":"","overlay-opacity":"","overlay-gradient":""},"mobile":{"background-color":"","background-image":"","background-repeat":"repeat","background-position":"center center","background-size":"auto","background-attachment":"scroll","background-type":"","background-media":"","overlay-type":"","overlay-color":"","overlay-opacity":"","overlay-gradient":""}},"ast-content-background-meta":{"desktop":{"background-color":"var(--ast-global-color-5)","background-image":"","background-repeat":"repeat","background-position":"center center","background-size":"auto","background-attachment":"scroll","background-type":"","background-media":"","overlay-type":"","overlay-color":"","overlay-opacity":"","overlay-gradient":""},"tablet":{"background-color":"var(--ast-global-color-5)","background-image":"","background-repeat":"repeat","background-position":"center center","background-size":"auto","background-attachment":"scroll","background-type":"","background-media":"","overlay-type":"","overlay-color":"","overlay-opacity":"","overlay-gradient":""},"mobile":{"background-color":"var(--ast-global-color-5)","background-image":"","background-repeat":"repeat","background-position":"center center","background-size":"auto","background-attachment":"scroll","background-type":"","background-media":"","overlay-type":"","overlay-color":"","overlay-opacity":"","overlay-gradient":""}},"footnotes":""},"class_list":["post-12484","page","type-page","status-publish","hentry"],"jetpack_sharing_enabled":true,"_links":{"self":[{"href":"https:\/\/tihani.eu\/lv\/wp-json\/wp\/v2\/pages\/12484","targetHints":{"allow":["GET"]}}],"collection":[{"href":"https:\/\/tihani.eu\/lv\/wp-json\/wp\/v2\/pages"}],"about":[{"href":"https:\/\/tihani.eu\/lv\/wp-json\/wp\/v2\/types\/page"}],"author":[{"embeddable":true,"href":"https:\/\/tihani.eu\/lv\/wp-json\/wp\/v2\/users\/1"}],"replies":[{"embeddable":true,"href":"https:\/\/tihani.eu\/lv\/wp-json\/wp\/v2\/comments?post=12484"}],"version-history":[{"count":2,"href":"https:\/\/tihani.eu\/lv\/wp-json\/wp\/v2\/pages\/12484\/revisions"}],"predecessor-version":[{"id":12490,"href":"https:\/\/tihani.eu\/lv\/wp-json\/wp\/v2\/pages\/12484\/revisions\/12490"}],"wp:attachment":[{"href":"https:\/\/tihani.eu\/lv\/wp-json\/wp\/v2\/media?parent=12484"}],"curies":[{"name":"wp","href":"https:\/\/api.w.org\/{rel}","templated":true}]}}